{"id":18396,"date":"2024-09-09T23:08:41","date_gmt":"2024-09-09T23:08:41","guid":{"rendered":"https:\/\/tusa.viewsite.link\/product\/aleta-duo-imprex\/"},"modified":"2024-09-09T23:08:41","modified_gmt":"2024-09-09T23:08:41","slug":"aleta-duo-imprex","status":"publish","type":"product","link":"https:\/\/tusa.viewsite.link\/es\/producto\/aleta-duo-imprex\/","title":{"rendered":"Aleta Duo Imprex"},"content":{"rendered":"<p>La aleta SF0102 Imprex Duo cuenta con el dise\u00f1o de pala en \u00e1ngulo patentado por TUSA y un calzante multicompuesto que aumenta la transferencia de potencia a la pala de la aleta. La Imprex Duo tambi\u00e9n presenta un dise\u00f1o de dos materiales para un alto rendimiento y rieles laterales reforzados que crean estabilidad, para una propulsi\u00f3n potente sin fatiga. <\/p>\n<p>&nbsp;<\/p>\n<p><strong>Dimensiones:<\/strong><\/p>\n","protected":false},"excerpt":{"rendered":"<p>La aleta SF0102 Imprex Duo incorpora el dise\u00f1o de pala en \u00e1ngulo patentado por TUSA y un calzante multicompuesto que aumenta la transferencia de potencia a la pala de la aleta.<\/p>\n","protected":false},"featured_media":18407,"comment_status":"closed","ping_status":"closed","template":"","meta":{"_acf_changed":false},"product_cat":[416],"product_tag":[],"class_list":{"0":"post-18396","1":"product","2":"type-product","3":"status-publish","4":"has-post-thumbnail","6":"product_cat-aletas","8":"first","9":"instock","10":"purchasable","11":"product-type-variable"},"acf":[],"_links":{"self":[{"href":"https:\/\/tusa.viewsite.link\/es\/wp-json\/wp\/v2\/product\/18396","targetHints":{"allow":["GET"]}}],"collection":[{"href":"https:\/\/tusa.viewsite.link\/es\/wp-json\/wp\/v2\/product"}],"about":[{"href":"https:\/\/tusa.viewsite.link\/es\/wp-json\/wp\/v2\/types\/product"}],"replies":[{"embeddable":true,"href":"https:\/\/tusa.viewsite.link\/es\/wp-json\/wp\/v2\/comments?post=18396"}],"wp:featuredmedia":[{"embeddable":true,"href":"https:\/\/tusa.viewsite.link\/es\/wp-json\/wp\/v2\/media\/18407"}],"wp:attachment":[{"href":"https:\/\/tusa.viewsite.link\/es\/wp-json\/wp\/v2\/media?parent=18396"}],"wp:term":[{"taxonomy":"product_cat","embeddable":true,"href":"https:\/\/tusa.viewsite.link\/es\/wp-json\/wp\/v2\/product_cat?post=18396"},{"taxonomy":"product_tag","embeddable":true,"href":"https:\/\/tusa.viewsite.link\/es\/wp-json\/wp\/v2\/product_tag?post=18396"}],"curies":[{"name":"wp","href":"https:\/\/api.w.org\/{rel}","templated":true}]}}