{"id":18385,"date":"2024-09-09T23:08:22","date_gmt":"2024-09-09T23:08:22","guid":{"rendered":"https:\/\/tusa.viewsite.link\/product\/mascarilla-zensee-pro\/"},"modified":"2024-09-09T23:08:22","modified_gmt":"2024-09-09T23:08:22","slug":"mascarilla-zensee-pro","status":"publish","type":"product","link":"https:\/\/tusa.viewsite.link\/es\/producto\/mascarilla-zensee-pro\/","title":{"rendered":"Mascarilla Zensee Pro"},"content":{"rendered":"<p>Zensee Pro es la primera m\u00e1scara de buceo sin montura de TUSA con todas sus innovadoras caracter\u00edsticas, adem\u00e1s de tratamiento de lente antirreflejos, tratamiento de lente UV 420 y la lente \u00f3ptica superior CrystalView de TUSA.<\/p>\n<p>&nbsp;<\/p>\n<p><strong>Dimensiones:<\/strong><\/p>\n<p>Volumen interno: 13,1 ci \/ 215 cc<br \/>\n Dimensi\u00f3n de la montura: 3,6 pulg. x 6,5 pulg. \/ 91 mm \u00d7 166 mm<br \/>\n Dimensi\u00f3n del ajuste: 4,5 pulg. x 5,2 pulg. \/ 113,5 mm \u00d7 133 mm<br \/>\n Peso: 7,6 oz \/ 214 g<\/p>\n","protected":false},"excerpt":{"rendered":"<p>Zensee Pro es la primera m\u00e1scara de buceo sin montura de TUSA con todas sus innovadoras caracter\u00edsticas, adem\u00e1s de tratamiento de lente Antirreflejante, tratamiento de lente UV 420 y la lente \u00f3ptica superior CrystalView de TUSA.<\/p>\n","protected":false},"featured_media":18389,"comment_status":"closed","ping_status":"closed","template":"","meta":{"_acf_changed":false},"product_cat":[417],"product_tag":[],"class_list":{"0":"post-18385","1":"product","2":"type-product","3":"status-publish","4":"has-post-thumbnail","6":"product_cat-mascaras","8":"first","9":"instock","10":"purchasable","11":"product-type-variable"},"acf":[],"_links":{"self":[{"href":"https:\/\/tusa.viewsite.link\/es\/wp-json\/wp\/v2\/product\/18385","targetHints":{"allow":["GET"]}}],"collection":[{"href":"https:\/\/tusa.viewsite.link\/es\/wp-json\/wp\/v2\/product"}],"about":[{"href":"https:\/\/tusa.viewsite.link\/es\/wp-json\/wp\/v2\/types\/product"}],"replies":[{"embeddable":true,"href":"https:\/\/tusa.viewsite.link\/es\/wp-json\/wp\/v2\/comments?post=18385"}],"wp:featuredmedia":[{"embeddable":true,"href":"https:\/\/tusa.viewsite.link\/es\/wp-json\/wp\/v2\/media\/18389"}],"wp:attachment":[{"href":"https:\/\/tusa.viewsite.link\/es\/wp-json\/wp\/v2\/media?parent=18385"}],"wp:term":[{"taxonomy":"product_cat","embeddable":true,"href":"https:\/\/tusa.viewsite.link\/es\/wp-json\/wp\/v2\/product_cat?post=18385"},{"taxonomy":"product_tag","embeddable":true,"href":"https:\/\/tusa.viewsite.link\/es\/wp-json\/wp\/v2\/product_tag?post=18385"}],"curies":[{"name":"wp","href":"https:\/\/api.w.org\/{rel}","templated":true}]}}