{"id":18355,"date":"2024-09-09T23:08:22","date_gmt":"2024-09-09T23:08:22","guid":{"rendered":"https:\/\/tusa.viewsite.link\/product\/mascara-ino\/"},"modified":"2024-09-09T23:08:22","modified_gmt":"2024-09-09T23:08:22","slug":"mascara-ino","status":"publish","type":"product","link":"https:\/\/tusa.viewsite.link\/es\/producto\/mascara-ino\/","title":{"rendered":"M\u00e1scara Ino"},"content":{"rendered":"<p>La m\u00e1scara Ino est\u00e1 dise\u00f1ada especialmente para aventureros con rostros menudos, esta m\u00e1scara de una ventana es tu pasaporte a una fascinante expedici\u00f3n acu\u00e1tica. Gracias a su dise\u00f1o de bajo volumen, te sentir\u00e1s literalmente parte del mundo marino. \u00bfPor qu\u00e9? Porque la lente se acerca a tu cara, ofreciendo un amplio campo de visi\u00f3n. \u00a1Ning\u00fan pez escapar\u00e1 a tu mirada!    <\/p>\n<p>&nbsp;<\/p>\n<p><strong>Dimensiones:<\/strong><\/p>\n<p>Volumen interno: 11,9 ci \/ 195cc<br \/>\n Dimensiones del bastidor: 3,3 in x 6,0 in \/ 84mm \u00d7 154mm<br \/>\n Dimensiones de montaje: 4,1 in x 4,7 in \/ 105mm x 120mm<br \/>\n Peso: 6,9 oz \/ 197,5g<\/p>\n","protected":false},"excerpt":{"rendered":"<p>La M\u00e1scara Ino es ideal para rostros peque\u00f1os gracias a su dise\u00f1o de una sola ventana, su amplio campo de visi\u00f3n y su bajo volumen. I <\/p>\n","protected":false},"featured_media":18372,"comment_status":"closed","ping_status":"closed","template":"","meta":{"_acf_changed":false},"product_cat":[417],"product_tag":[],"class_list":{"0":"post-18355","1":"product","2":"type-product","3":"status-publish","4":"has-post-thumbnail","6":"product_cat-mascaras","8":"first","9":"instock","10":"purchasable","11":"product-type-variable"},"acf":[],"_links":{"self":[{"href":"https:\/\/tusa.viewsite.link\/es\/wp-json\/wp\/v2\/product\/18355","targetHints":{"allow":["GET"]}}],"collection":[{"href":"https:\/\/tusa.viewsite.link\/es\/wp-json\/wp\/v2\/product"}],"about":[{"href":"https:\/\/tusa.viewsite.link\/es\/wp-json\/wp\/v2\/types\/product"}],"replies":[{"embeddable":true,"href":"https:\/\/tusa.viewsite.link\/es\/wp-json\/wp\/v2\/comments?post=18355"}],"wp:featuredmedia":[{"embeddable":true,"href":"https:\/\/tusa.viewsite.link\/es\/wp-json\/wp\/v2\/media\/18372"}],"wp:attachment":[{"href":"https:\/\/tusa.viewsite.link\/es\/wp-json\/wp\/v2\/media?parent=18355"}],"wp:term":[{"taxonomy":"product_cat","embeddable":true,"href":"https:\/\/tusa.viewsite.link\/es\/wp-json\/wp\/v2\/product_cat?post=18355"},{"taxonomy":"product_tag","embeddable":true,"href":"https:\/\/tusa.viewsite.link\/es\/wp-json\/wp\/v2\/product_tag?post=18355"}],"curies":[{"name":"wp","href":"https:\/\/api.w.org\/{rel}","templated":true}]}}