{"id":18339,"date":"2024-09-09T23:08:22","date_gmt":"2024-09-09T23:08:22","guid":{"rendered":"https:\/\/tusa.viewsite.link\/product\/mascara-ino-pro\/"},"modified":"2024-09-09T23:08:22","modified_gmt":"2024-09-09T23:08:22","slug":"mascara-ino-pro","status":"publish","type":"product","link":"https:\/\/tusa.viewsite.link\/es\/producto\/mascara-ino-pro\/","title":{"rendered":"M\u00e1scara Ino Pro"},"content":{"rendered":"<p>La Ino Pro, adem\u00e1s de todas las caracter\u00edsticas de la m\u00e1scara Ino original, ofrece una experiencia de lujo con lentes con tratamiento UV 420, lentes antirreflejos, cristal \u00f3ptico CrystalView y pel\u00edcula Freedom para evitar que la m\u00e1scara se empa\u00f1e. Esta m\u00e1scara est\u00e1 disponible en blanco o negro. <\/p>\n<p>&nbsp;<\/p>\n<p><strong>Dimensiones:<\/strong><\/p>\n<p>Volumen interno: 11,9 ci \/ 195cc<br \/>\n Dimensiones del bastidor: 3,3 in x 6,0 in \/ 84mm \u00d7 154mm<br \/>\n Dimensiones de montaje: 4,1 in x 4,7 in \/ 105mm x 120mm<br \/>\n Peso: 6,9 oz \/ 197,5g<\/p>\n","protected":false},"excerpt":{"rendered":"<p>La Ino Pro, adem\u00e1s de todas las caracter\u00edsticas de la m\u00e1scara Ino original, ofrece una experiencia de lujo con lentes con tratamiento UV 420, lentes antirreflejos, cristal \u00f3ptico CrystalView y pel\u00edcula Freedom para evitar que la m\u00e1scara se empa\u00f1e.<\/p>\n","protected":false},"featured_media":18346,"comment_status":"closed","ping_status":"closed","template":"","meta":{"_acf_changed":false},"product_cat":[417],"product_tag":[],"class_list":{"0":"post-18339","1":"product","2":"type-product","3":"status-publish","4":"has-post-thumbnail","6":"product_cat-mascaras","8":"first","9":"instock","10":"purchasable","11":"product-type-variable"},"acf":[],"_links":{"self":[{"href":"https:\/\/tusa.viewsite.link\/es\/wp-json\/wp\/v2\/product\/18339","targetHints":{"allow":["GET"]}}],"collection":[{"href":"https:\/\/tusa.viewsite.link\/es\/wp-json\/wp\/v2\/product"}],"about":[{"href":"https:\/\/tusa.viewsite.link\/es\/wp-json\/wp\/v2\/types\/product"}],"replies":[{"embeddable":true,"href":"https:\/\/tusa.viewsite.link\/es\/wp-json\/wp\/v2\/comments?post=18339"}],"wp:featuredmedia":[{"embeddable":true,"href":"https:\/\/tusa.viewsite.link\/es\/wp-json\/wp\/v2\/media\/18346"}],"wp:attachment":[{"href":"https:\/\/tusa.viewsite.link\/es\/wp-json\/wp\/v2\/media?parent=18339"}],"wp:term":[{"taxonomy":"product_cat","embeddable":true,"href":"https:\/\/tusa.viewsite.link\/es\/wp-json\/wp\/v2\/product_cat?post=18339"},{"taxonomy":"product_tag","embeddable":true,"href":"https:\/\/tusa.viewsite.link\/es\/wp-json\/wp\/v2\/product_tag?post=18339"}],"curies":[{"name":"wp","href":"https:\/\/api.w.org\/{rel}","templated":true}]}}