{"id":18297,"date":"2024-09-09T23:08:22","date_gmt":"2024-09-09T23:08:22","guid":{"rendered":"https:\/\/tusa.viewsite.link\/product\/mascara-paragon\/"},"modified":"2024-09-09T23:08:22","modified_gmt":"2024-09-09T23:08:22","slug":"mascara-paragon","status":"publish","type":"product","link":"https:\/\/tusa.viewsite.link\/es\/producto\/mascara-paragon\/","title":{"rendered":"M\u00e1scara Paragon"},"content":{"rendered":"<p>La avanzada m\u00e1scara de buceo profesional M2001S Paragon. La nueva m\u00e1scara Paragon ofrece la NUEVA montura TRI-MIX reforzada de TUSA, la tecnolog\u00eda Freedom con Fit II y el tratamiento de lentes UV 420 con AR y cristal \u00f3ptico CrystalView, que te ayudan a bucear con protecci\u00f3n ocular y la m\u00e1xima claridad. <\/p>\n<p>&nbsp;<\/p>\n<p><strong>Dimensiones:<\/strong><\/p>\n<p>Volumen interno: 11,3 ci \/ 185 cc<br \/>\n Dimensi\u00f3n del bastidor: 3,4 in x 6,7 in \/ 87 mm \u00d7 170 mm<br \/>\n Dimensi\u00f3n del accesorio: 4,7 in x 5,0 in \/ 118,5 mm \u00d7 126 mm<br \/>\n Peso: 8,2 oz \/ 233 g<\/p>\n","protected":false},"excerpt":{"rendered":"<p>La avanzada m\u00e1scara de buceo profesional M2001S Paragon.<\/p>\n","protected":false},"featured_media":18325,"comment_status":"closed","ping_status":"closed","template":"","meta":{"_acf_changed":false},"product_cat":[417],"product_tag":[],"class_list":{"0":"post-18297","1":"product","2":"type-product","3":"status-publish","4":"has-post-thumbnail","6":"product_cat-mascaras","8":"first","9":"instock","10":"purchasable","11":"product-type-variable"},"acf":[],"_links":{"self":[{"href":"https:\/\/tusa.viewsite.link\/es\/wp-json\/wp\/v2\/product\/18297","targetHints":{"allow":["GET"]}}],"collection":[{"href":"https:\/\/tusa.viewsite.link\/es\/wp-json\/wp\/v2\/product"}],"about":[{"href":"https:\/\/tusa.viewsite.link\/es\/wp-json\/wp\/v2\/types\/product"}],"replies":[{"embeddable":true,"href":"https:\/\/tusa.viewsite.link\/es\/wp-json\/wp\/v2\/comments?post=18297"}],"wp:featuredmedia":[{"embeddable":true,"href":"https:\/\/tusa.viewsite.link\/es\/wp-json\/wp\/v2\/media\/18325"}],"wp:attachment":[{"href":"https:\/\/tusa.viewsite.link\/es\/wp-json\/wp\/v2\/media?parent=18297"}],"wp:term":[{"taxonomy":"product_cat","embeddable":true,"href":"https:\/\/tusa.viewsite.link\/es\/wp-json\/wp\/v2\/product_cat?post=18297"},{"taxonomy":"product_tag","embeddable":true,"href":"https:\/\/tusa.viewsite.link\/es\/wp-json\/wp\/v2\/product_tag?post=18297"}],"curies":[{"name":"wp","href":"https:\/\/api.w.org\/{rel}","templated":true}]}}