{"id":18275,"date":"2024-09-09T23:08:22","date_gmt":"2024-09-09T23:08:22","guid":{"rendered":"https:\/\/tusa.viewsite.link\/product\/mascara-paragon-s\/"},"modified":"2024-09-09T23:08:22","modified_gmt":"2024-09-09T23:08:22","slug":"mascara-paragon-s","status":"publish","type":"product","link":"https:\/\/tusa.viewsite.link\/es\/producto\/mascara-paragon-s\/","title":{"rendered":"M\u00e1scara Paragon S"},"content":{"rendered":"<p>La nueva m\u00e1scara de ventana \u00fanica Paragon S ofrece la nueva montura TRI-MIX reforzada de TUSA, la tecnolog\u00eda Freedom con Fit II y el tratamiento de lentes UV 420 con cristal \u00f3ptico AR y CrystalView que te ayuda a bucear con protecci\u00f3n ocular y m\u00e1xima claridad. La tecnolog\u00eda Freedom es un conjunto de caracter\u00edsticas revolucionarias que ofrecen un ajuste superior, comodidad y mayor rendimiento en las m\u00e1scaras TUSA.Las m\u00e1scaras del modelo Freedom incorporan una superficie de fald\u00f3n con hoyuelos con diversos grosores de silicona y crestas de estabilidad, adem\u00e1s de una superficie de fald\u00f3n patentada de baja fricci\u00f3n en la l\u00ednea de ajuste. Cada persona tiene una estructura facial \u00fanica y todos los buceadores experimentan alg\u00fan nivel de incomodidad o de presi\u00f3n y opresi\u00f3n al llevar una m\u00e1scara t\u00edpica bajo el agua. Los ingenieros de TUSA quisieron resolver estos problemas y dedicaron varios a\u00f1os a analizar el ajuste de la m\u00e1scara, la estructura \u00f3sea facial y el movimiento de la boca. El resultado es la Tecnolog\u00eda Freedom, un conjunto de nuevas y revolucionarias caracter\u00edsticas de la m\u00e1scara que proporcionan un ajuste superior, comodidad y mayor rendimiento.    <\/p>\n<p>&nbsp;<\/p>\n<p><strong>Dimensiones:<\/strong><\/p>\n<p>Volumen interno: 13,1 ci \/ 215 cc<br \/>\n Dimensi\u00f3n del bastidor: 3,5 in x 6,7 in \/ 88 mm \u00d7 169 mm<br \/>\n Dimensi\u00f3n del accesorio: 4,7 in x 5,0 in \/ 118,5 mm \u00d7 126 mm<br \/>\n Peso: 8,6 oz \/ 245 g<\/p>\n","protected":false},"excerpt":{"rendered":"<p>La m\u00e1scara de ventana \u00fanica Paragon S ofrece la NUEVA montura TRI-MIX reforzada de TUSA, la tecnolog\u00eda Freedom con Fit II y el tratamiento de lentes UV 420 con AR y cristal \u00f3ptico CrystalView que te ayuda a bucear con protecci\u00f3n ocular y m\u00e1xima claridad.<\/p>\n","protected":false},"featured_media":18305,"comment_status":"closed","ping_status":"closed","template":"","meta":{"_acf_changed":false},"product_cat":[417],"product_tag":[],"class_list":{"0":"post-18275","1":"product","2":"type-product","3":"status-publish","4":"has-post-thumbnail","6":"product_cat-mascaras","8":"first","9":"instock","10":"purchasable","11":"product-type-variable"},"acf":[],"_links":{"self":[{"href":"https:\/\/tusa.viewsite.link\/es\/wp-json\/wp\/v2\/product\/18275","targetHints":{"allow":["GET"]}}],"collection":[{"href":"https:\/\/tusa.viewsite.link\/es\/wp-json\/wp\/v2\/product"}],"about":[{"href":"https:\/\/tusa.viewsite.link\/es\/wp-json\/wp\/v2\/types\/product"}],"replies":[{"embeddable":true,"href":"https:\/\/tusa.viewsite.link\/es\/wp-json\/wp\/v2\/comments?post=18275"}],"wp:featuredmedia":[{"embeddable":true,"href":"https:\/\/tusa.viewsite.link\/es\/wp-json\/wp\/v2\/media\/18305"}],"wp:attachment":[{"href":"https:\/\/tusa.viewsite.link\/es\/wp-json\/wp\/v2\/media?parent=18275"}],"wp:term":[{"taxonomy":"product_cat","embeddable":true,"href":"https:\/\/tusa.viewsite.link\/es\/wp-json\/wp\/v2\/product_cat?post=18275"},{"taxonomy":"product_tag","embeddable":true,"href":"https:\/\/tusa.viewsite.link\/es\/wp-json\/wp\/v2\/product_tag?post=18275"}],"curies":[{"name":"wp","href":"https:\/\/api.w.org\/{rel}","templated":true}]}}