{"id":18249,"date":"2024-09-09T23:08:22","date_gmt":"2024-09-09T23:08:22","guid":{"rendered":"https:\/\/tusa.viewsite.link\/product\/mascara-zensee\/"},"modified":"2024-09-09T23:08:22","modified_gmt":"2024-09-09T23:08:22","slug":"mascara-zensee","status":"publish","type":"product","link":"https:\/\/tusa.viewsite.link\/es\/producto\/mascara-zensee\/","title":{"rendered":"M\u00e1scara Zensee"},"content":{"rendered":"<p>La primera m\u00e1scara de buceo sin montura de Tusa, con su innovadora tecnolog\u00eda, visi\u00f3n panor\u00e1mica y dise\u00f1o ligero. 3D SYNQ: Un anillo de ajuste \u00fanico integrado en el fald\u00f3n de la m\u00e1scara que proporciona un ajuste ideal para todas las formas de cara. Esta tecnolog\u00eda permite que el fald\u00f3n de la m\u00e1scara se amolde a todas las formas de cara proporcionando el ajuste, el sellado y la experiencia subacu\u00e1tica ideales. Hebilla Swift 3D: una nueva hebilla de perfil bajo y correa de m\u00e1scara para un ajuste suave y sin esfuerzo. Tusa ha dise\u00f1ado la hebilla y la correa de m\u00e1scara perfectas. La NUEVA hebilla de perfil bajo es delgada y ligera. La hebilla y la correa de ajuste f\u00e1cil son silenciosas y no requieren esfuerzo al realizar los ajustes.      <\/p>\n<p>&nbsp;<\/p>\n<p><strong>Dimensiones:<\/strong><\/p>\n<p>Volumen interno: 13,1 ci \/ 215 cc<br \/>\n Dimensi\u00f3n del bastidor: 3,6 in x 6,5 in \/ 91 mm \u00d7 166 mm<br \/>\n Dimensi\u00f3n del ajuste: 4,5 in x 5,2 in \/ 113,5 mm \u00d7 133 mm<br \/>\n Peso: 7,6 oz \/ 214 g<\/p>\n","protected":false},"excerpt":{"rendered":"<p>La primera m\u00e1scara de buceo sin marco de TUSA, con nuestra innovadora tecnolog\u00eda, visi\u00f3n panor\u00e1mica y dise\u00f1o ligero.<\/p>\n","protected":false},"featured_media":18262,"comment_status":"closed","ping_status":"closed","template":"","meta":{"_acf_changed":false},"product_cat":[417],"product_tag":[],"class_list":{"0":"post-18249","1":"product","2":"type-product","3":"status-publish","4":"has-post-thumbnail","6":"product_cat-mascaras","8":"first","9":"instock","10":"purchasable","11":"product-type-variable"},"acf":[],"_links":{"self":[{"href":"https:\/\/tusa.viewsite.link\/es\/wp-json\/wp\/v2\/product\/18249","targetHints":{"allow":["GET"]}}],"collection":[{"href":"https:\/\/tusa.viewsite.link\/es\/wp-json\/wp\/v2\/product"}],"about":[{"href":"https:\/\/tusa.viewsite.link\/es\/wp-json\/wp\/v2\/types\/product"}],"replies":[{"embeddable":true,"href":"https:\/\/tusa.viewsite.link\/es\/wp-json\/wp\/v2\/comments?post=18249"}],"wp:featuredmedia":[{"embeddable":true,"href":"https:\/\/tusa.viewsite.link\/es\/wp-json\/wp\/v2\/media\/18262"}],"wp:attachment":[{"href":"https:\/\/tusa.viewsite.link\/es\/wp-json\/wp\/v2\/media?parent=18249"}],"wp:term":[{"taxonomy":"product_cat","embeddable":true,"href":"https:\/\/tusa.viewsite.link\/es\/wp-json\/wp\/v2\/product_cat?post=18249"},{"taxonomy":"product_tag","embeddable":true,"href":"https:\/\/tusa.viewsite.link\/es\/wp-json\/wp\/v2\/product_tag?post=18249"}],"curies":[{"name":"wp","href":"https:\/\/api.w.org\/{rel}","templated":true}]}}