{"id":18218,"date":"2024-09-09T23:08:22","date_gmt":"2024-09-09T23:08:22","guid":{"rendered":"https:\/\/tusa.viewsite.link\/product\/lentes-correctoras-liberator-plus\/"},"modified":"2024-09-09T23:08:22","modified_gmt":"2024-09-09T23:08:22","slug":"lentes-correctoras-liberator-plus","status":"publish","type":"product","link":"https:\/\/tusa.viewsite.link\/es\/producto\/lentes-correctoras-liberator-plus\/","title":{"rendered":"Lentes correctoras Liberator Plus"},"content":{"rendered":"<p>Estas lentes correctoras pueden insertarse en las m\u00e1scaras TM-5700 Liberator Plus y TM-5800 Liberator Plus Hyperdry. Disponibles en incrementos de 0,5 dioptr\u00edas de -1,5 a -8,0 para las lentes izquierda y derecha. M\u00e1scaras compatibles: TM-5700 Liberator Plus, TM-5800 Liberator Plus Hyperdry  <\/p>\n<p>&nbsp;<\/p>\n<p><strong>Dimensiones:<\/strong><\/p>\n","protected":false},"excerpt":{"rendered":"<p>Estas lentes correctoras pueden insertarse en las m\u00e1scaras TM-5700 Liberator Plus y TM-5800 Liberator Plus Hyperdry. Disponibles en incrementos de 0,5 dioptr\u00edas de -1,5 a -8,0 para las lentes izquierda y derecha. M\u00e1scaras compatibles: TM-5700 Liberator Plus, TM-5800 Liberator Plus Hyperdry  <\/p>\n","protected":false},"featured_media":18221,"comment_status":"closed","ping_status":"closed","template":"","meta":{"_acf_changed":false},"product_cat":[413],"product_tag":[],"class_list":{"0":"post-18218","1":"product","2":"type-product","3":"status-publish","4":"has-post-thumbnail","6":"product_cat-lentes-de-recambio","8":"first","9":"instock","10":"purchasable","11":"product-type-simple"},"acf":[],"_links":{"self":[{"href":"https:\/\/tusa.viewsite.link\/es\/wp-json\/wp\/v2\/product\/18218","targetHints":{"allow":["GET"]}}],"collection":[{"href":"https:\/\/tusa.viewsite.link\/es\/wp-json\/wp\/v2\/product"}],"about":[{"href":"https:\/\/tusa.viewsite.link\/es\/wp-json\/wp\/v2\/types\/product"}],"replies":[{"embeddable":true,"href":"https:\/\/tusa.viewsite.link\/es\/wp-json\/wp\/v2\/comments?post=18218"}],"wp:featuredmedia":[{"embeddable":true,"href":"https:\/\/tusa.viewsite.link\/es\/wp-json\/wp\/v2\/media\/18221"}],"wp:attachment":[{"href":"https:\/\/tusa.viewsite.link\/es\/wp-json\/wp\/v2\/media?parent=18218"}],"wp:term":[{"taxonomy":"product_cat","embeddable":true,"href":"https:\/\/tusa.viewsite.link\/es\/wp-json\/wp\/v2\/product_cat?post=18218"},{"taxonomy":"product_tag","embeddable":true,"href":"https:\/\/tusa.viewsite.link\/es\/wp-json\/wp\/v2\/product_tag?post=18218"}],"curies":[{"name":"wp","href":"https:\/\/api.w.org\/{rel}","templated":true}]}}