{"id":18214,"date":"2024-09-09T23:08:22","date_gmt":"2024-09-09T23:08:22","guid":{"rendered":"https:\/\/tusa.viewsite.link\/product\/lentes-correctoras-intega\/"},"modified":"2024-09-09T23:08:22","modified_gmt":"2024-09-09T23:08:22","slug":"lentes-correctoras-intega","status":"publish","type":"product","link":"https:\/\/tusa.viewsite.link\/es\/producto\/lentes-correctoras-intega\/","title":{"rendered":"Lentes correctoras Intega"},"content":{"rendered":"<p>Estas lentes correctoras pueden insertarse en la nueva m\u00e1scara M2004 Intega, as\u00ed como en la m\u00e1scara M-211 Freedom One. Disponibles en incrementos de 0,5 dioptr\u00edas de -1,0 a +4,5 para las lentes izquierda y derecha. <\/p>\n<p>&nbsp;<\/p>\n<p><strong>Dimensiones:<\/strong><\/p>\n","protected":false},"excerpt":{"rendered":"<p>Estas lentes correctoras pueden insertarse en la nueva mascarilla M2004 Intega, as\u00ed como en la mascarilla M-211 Freedom One.<\/p>\n","protected":false},"featured_media":18217,"comment_status":"closed","ping_status":"closed","template":"","meta":{"_acf_changed":false},"product_cat":[413],"product_tag":[],"class_list":{"0":"post-18214","1":"product","2":"type-product","3":"status-publish","4":"has-post-thumbnail","6":"product_cat-lentes-de-recambio","8":"first","9":"instock","10":"purchasable","11":"product-type-simple"},"acf":[],"_links":{"self":[{"href":"https:\/\/tusa.viewsite.link\/es\/wp-json\/wp\/v2\/product\/18214","targetHints":{"allow":["GET"]}}],"collection":[{"href":"https:\/\/tusa.viewsite.link\/es\/wp-json\/wp\/v2\/product"}],"about":[{"href":"https:\/\/tusa.viewsite.link\/es\/wp-json\/wp\/v2\/types\/product"}],"replies":[{"embeddable":true,"href":"https:\/\/tusa.viewsite.link\/es\/wp-json\/wp\/v2\/comments?post=18214"}],"wp:featuredmedia":[{"embeddable":true,"href":"https:\/\/tusa.viewsite.link\/es\/wp-json\/wp\/v2\/media\/18217"}],"wp:attachment":[{"href":"https:\/\/tusa.viewsite.link\/es\/wp-json\/wp\/v2\/media?parent=18214"}],"wp:term":[{"taxonomy":"product_cat","embeddable":true,"href":"https:\/\/tusa.viewsite.link\/es\/wp-json\/wp\/v2\/product_cat?post=18214"},{"taxonomy":"product_tag","embeddable":true,"href":"https:\/\/tusa.viewsite.link\/es\/wp-json\/wp\/v2\/product_tag?post=18214"}],"curies":[{"name":"wp","href":"https:\/\/api.w.org\/{rel}","templated":true}]}}