{"id":18183,"date":"2024-09-09T23:08:00","date_gmt":"2024-09-09T23:08:00","guid":{"rendered":"https:\/\/tusa.viewsite.link\/product\/ordenador-de-buceo-dc-solar-link\/"},"modified":"2024-09-09T23:08:00","modified_gmt":"2024-09-09T23:08:00","slug":"ordenador-de-buceo-dc-solar-link","status":"publish","type":"product","link":"https:\/\/tusa.viewsite.link\/es\/producto\/ordenador-de-buceo-dc-solar-link\/","title":{"rendered":"Ordenador de buceo DC Solar Link"},"content":{"rendered":"<p>El ordenador de buceo TUSA IQ1204 DC Solar Link es la nueva generaci\u00f3n de dispositivos TUSA alimentados por energ\u00eda solar. Entre sus caracter\u00edsticas se incluyen: transferencia del registro de inmersiones a un smartphone o tableta mediante la tecnolog\u00eda Bluetooth\u00ae SMART; recarga solar que elimina la necesidad de sustituir una bater\u00eda; compatibilidad con 4 mezclas de gases; modo apnea, y un dise\u00f1o sellado de f\u00e1brica y resistente que evita inundaciones. <\/p>\n<p>&nbsp;<\/p>\n<p><strong>Dimensiones:<\/strong><\/p>\n","protected":false},"excerpt":{"rendered":"<p>El ordenador de buceo TUSA IQ1204 DC Solar Link es la nueva generaci\u00f3n de dispositivos TUSA que funcionan con energ\u00eda solar.<\/p>\n","protected":false},"featured_media":18185,"comment_status":"closed","ping_status":"closed","template":"","meta":{"_acf_changed":false},"product_cat":[420],"product_tag":[],"class_list":{"0":"post-18183","1":"product","2":"type-product","3":"status-publish","4":"has-post-thumbnail","6":"product_cat-instrumentos","8":"first","9":"instock","10":"purchasable","11":"product-type-variable"},"acf":[],"_links":{"self":[{"href":"https:\/\/tusa.viewsite.link\/es\/wp-json\/wp\/v2\/product\/18183","targetHints":{"allow":["GET"]}}],"collection":[{"href":"https:\/\/tusa.viewsite.link\/es\/wp-json\/wp\/v2\/product"}],"about":[{"href":"https:\/\/tusa.viewsite.link\/es\/wp-json\/wp\/v2\/types\/product"}],"replies":[{"embeddable":true,"href":"https:\/\/tusa.viewsite.link\/es\/wp-json\/wp\/v2\/comments?post=18183"}],"wp:featuredmedia":[{"embeddable":true,"href":"https:\/\/tusa.viewsite.link\/es\/wp-json\/wp\/v2\/media\/18185"}],"wp:attachment":[{"href":"https:\/\/tusa.viewsite.link\/es\/wp-json\/wp\/v2\/media?parent=18183"}],"wp:term":[{"taxonomy":"product_cat","embeddable":true,"href":"https:\/\/tusa.viewsite.link\/es\/wp-json\/wp\/v2\/product_cat?post=18183"},{"taxonomy":"product_tag","embeddable":true,"href":"https:\/\/tusa.viewsite.link\/es\/wp-json\/wp\/v2\/product_tag?post=18183"}],"curies":[{"name":"wp","href":"https:\/\/api.w.org\/{rel}","templated":true}]}}