{"id":18145,"date":"2024-09-09T23:08:00","date_gmt":"2024-09-09T23:08:00","guid":{"rendered":"https:\/\/tusa.viewsite.link\/product\/cuchillo-de-hoja-roma-x-pert-ii\/"},"modified":"2024-09-09T23:08:00","modified_gmt":"2024-09-09T23:08:00","slug":"cuchillo-de-hoja-roma-x-pert-ii","status":"publish","type":"product","link":"https:\/\/tusa.viewsite.link\/es\/producto\/cuchillo-de-hoja-roma-x-pert-ii\/","title":{"rendered":"Cuchillo de hoja roma X-Pert II"},"content":{"rendered":"<p>Los cuchillos FK-910 y FK-920 X-Pert II est\u00e1n fabricados en acero inoxidable 420 de alta calidad, resistente a la corrosi\u00f3n, y pueden desmontarse f\u00e1cilmente para su limpieza y mantenimiento.<\/p>\n<p>&nbsp;<\/p>\n<p><strong>Dimensiones:<\/strong><\/p>\n<p>Eficaz hoja de 4 1\/2&#8243; \/ 11cm de longitud<br \/>\nLongitud total de 10&#8243; \/ 25cm<\/p>\n","protected":false},"excerpt":{"rendered":"<p>Las cuchillas FK-920 X-Pert II est\u00e1n fabricadas con acero inoxidable 420 de alta calidad, resistente a la corrosi\u00f3n, y pueden desmontarse f\u00e1cilmente para su limpieza y mantenimiento.<\/p>\n","protected":false},"featured_media":18152,"comment_status":"closed","ping_status":"closed","template":"","meta":{"_acf_changed":false},"product_cat":[418],"product_tag":[],"class_list":{"0":"post-18145","1":"product","2":"type-product","3":"status-publish","4":"has-post-thumbnail","6":"product_cat-cuchillos","8":"first","9":"instock","10":"purchasable","11":"product-type-variable"},"acf":[],"_links":{"self":[{"href":"https:\/\/tusa.viewsite.link\/es\/wp-json\/wp\/v2\/product\/18145","targetHints":{"allow":["GET"]}}],"collection":[{"href":"https:\/\/tusa.viewsite.link\/es\/wp-json\/wp\/v2\/product"}],"about":[{"href":"https:\/\/tusa.viewsite.link\/es\/wp-json\/wp\/v2\/types\/product"}],"replies":[{"embeddable":true,"href":"https:\/\/tusa.viewsite.link\/es\/wp-json\/wp\/v2\/comments?post=18145"}],"wp:featuredmedia":[{"embeddable":true,"href":"https:\/\/tusa.viewsite.link\/es\/wp-json\/wp\/v2\/media\/18152"}],"wp:attachment":[{"href":"https:\/\/tusa.viewsite.link\/es\/wp-json\/wp\/v2\/media?parent=18145"}],"wp:term":[{"taxonomy":"product_cat","embeddable":true,"href":"https:\/\/tusa.viewsite.link\/es\/wp-json\/wp\/v2\/product_cat?post=18145"},{"taxonomy":"product_tag","embeddable":true,"href":"https:\/\/tusa.viewsite.link\/es\/wp-json\/wp\/v2\/product_tag?post=18145"}],"curies":[{"name":"wp","href":"https:\/\/api.w.org\/{rel}","templated":true}]}}