{"id":18134,"date":"2024-09-09T23:08:00","date_gmt":"2024-09-09T23:08:00","guid":{"rendered":"https:\/\/tusa.viewsite.link\/product\/mascara-zensee-con-correa-de-tela\/"},"modified":"2024-09-09T23:08:00","modified_gmt":"2024-09-09T23:08:00","slug":"mascara-zensee-con-correa-de-tela","status":"publish","type":"product","link":"https:\/\/tusa.viewsite.link\/es\/producto\/mascara-zensee-con-correa-de-tela\/","title":{"rendered":"M\u00e1scara Zensee con correa de tela"},"content":{"rendered":"<p>La primera m\u00e1scara de buceo sin marco de TUSA, con nuestra innovadora tecnolog\u00eda, visi\u00f3n panor\u00e1mica y dise\u00f1o ligero. La Correa de tela para m\u00e1scara a\u00f1ade un nuevo nivel de comodidad a la experiencia de buceo. El agarre antideslizante y el f\u00e1cil ajuste garantizan un ajuste ce\u00f1ido a la parte posterior de la cabeza. El sujetaesn\u00f3rquel garantiza una colocaci\u00f3n segura. Ahora con correa de tela.   <\/p>\n<p>&nbsp;<\/p>\n<p><strong>Dimensiones:<\/strong><\/p>\n<p>Volumen interno: 13,1 ci \/ 215 cc<br \/>\n Dimensi\u00f3n del bastidor: 3,6 in x 6,5 in \/ 91 mm \u00d7 166 mm<br \/>\n Dimensi\u00f3n del ajuste: 4,5 in x 5,2 in \/ 113,5 mm \u00d7 133 mm<br \/>\n Peso: 7,6 oz \/ 214 g<\/p>\n","protected":false},"excerpt":{"rendered":"<p>La primera m\u00e1scara de buceo sin marco de TUSA, con nuestra innovadora tecnolog\u00eda, visi\u00f3n panor\u00e1mica y dise\u00f1o ligero.<\/p>\n","protected":false},"featured_media":18146,"comment_status":"closed","ping_status":"closed","template":"","meta":{"_acf_changed":false},"product_cat":[417],"product_tag":[],"class_list":{"0":"post-18134","1":"product","2":"type-product","3":"status-publish","4":"has-post-thumbnail","6":"product_cat-mascaras","8":"first","9":"instock","10":"purchasable","11":"product-type-variable"},"acf":[],"_links":{"self":[{"href":"https:\/\/tusa.viewsite.link\/es\/wp-json\/wp\/v2\/product\/18134","targetHints":{"allow":["GET"]}}],"collection":[{"href":"https:\/\/tusa.viewsite.link\/es\/wp-json\/wp\/v2\/product"}],"about":[{"href":"https:\/\/tusa.viewsite.link\/es\/wp-json\/wp\/v2\/types\/product"}],"replies":[{"embeddable":true,"href":"https:\/\/tusa.viewsite.link\/es\/wp-json\/wp\/v2\/comments?post=18134"}],"wp:featuredmedia":[{"embeddable":true,"href":"https:\/\/tusa.viewsite.link\/es\/wp-json\/wp\/v2\/media\/18146"}],"wp:attachment":[{"href":"https:\/\/tusa.viewsite.link\/es\/wp-json\/wp\/v2\/media?parent=18134"}],"wp:term":[{"taxonomy":"product_cat","embeddable":true,"href":"https:\/\/tusa.viewsite.link\/es\/wp-json\/wp\/v2\/product_cat?post=18134"},{"taxonomy":"product_tag","embeddable":true,"href":"https:\/\/tusa.viewsite.link\/es\/wp-json\/wp\/v2\/product_tag?post=18134"}],"curies":[{"name":"wp","href":"https:\/\/api.w.org\/{rel}","templated":true}]}}