{"id":18077,"date":"2024-09-09T23:08:00","date_gmt":"2024-09-09T23:08:00","guid":{"rendered":"https:\/\/tusa.viewsite.link\/product\/mascara-freedom-elite\/"},"modified":"2024-09-09T23:08:00","modified_gmt":"2024-09-09T23:08:00","slug":"mascara-freedom-elite","status":"publish","type":"product","link":"https:\/\/tusa.viewsite.link\/es\/producto\/mascara-freedom-elite\/","title":{"rendered":"M\u00e1scara Freedom Elite"},"content":{"rendered":"<p>La Freedom Elite tiene una \u00fanica lente de cristal templado que ofrece una visi\u00f3n clara y amplia del mundo submarino. La tecnolog\u00eda Freedom es un conjunto de caracter\u00edsticas revolucionarias que ofrecen un ajuste superior, comodidad y mayor rendimiento en las m\u00e1scaras TUSA. Las m\u00e1scaras del modelo Freedom presentan una superficie de fald\u00f3n con hoyuelos, con diversos grosores de silicona y crestas de estabilidad, adem\u00e1s de una superficie de fald\u00f3n patentada de doble borde emplumado de baja fricci\u00f3n en la l\u00ednea de ajuste.  <\/p>\n<p>&nbsp;<\/p>\n<p><strong>Dimensiones:<\/strong><\/p>\n<p>Volumen interno: 13,4 ci \/ 220 cc<br \/>\n Dimensi\u00f3n del bastidor: 3,7 in x 6,3 in \/ 95 mm x 161 mm<br \/>\n Dimensi\u00f3n del accesorio: 4,4 in x 5,1 in \/ 113 mm x 130 mm<br \/>\n Peso: 8,2 oz \/ 233 g<\/p>\n","protected":false},"excerpt":{"rendered":"<p>Freedom Elite tiene una sola lente que ofrece una visi\u00f3n clara y amplia del mundo submarino.<\/p>\n","protected":false},"featured_media":18099,"comment_status":"closed","ping_status":"closed","template":"","meta":{"_acf_changed":false},"product_cat":[417],"product_tag":[],"class_list":{"0":"post-18077","1":"product","2":"type-product","3":"status-publish","4":"has-post-thumbnail","6":"product_cat-mascaras","8":"first","9":"instock","10":"purchasable","11":"product-type-variable"},"acf":[],"_links":{"self":[{"href":"https:\/\/tusa.viewsite.link\/es\/wp-json\/wp\/v2\/product\/18077","targetHints":{"allow":["GET"]}}],"collection":[{"href":"https:\/\/tusa.viewsite.link\/es\/wp-json\/wp\/v2\/product"}],"about":[{"href":"https:\/\/tusa.viewsite.link\/es\/wp-json\/wp\/v2\/types\/product"}],"replies":[{"embeddable":true,"href":"https:\/\/tusa.viewsite.link\/es\/wp-json\/wp\/v2\/comments?post=18077"}],"wp:featuredmedia":[{"embeddable":true,"href":"https:\/\/tusa.viewsite.link\/es\/wp-json\/wp\/v2\/media\/18099"}],"wp:attachment":[{"href":"https:\/\/tusa.viewsite.link\/es\/wp-json\/wp\/v2\/media?parent=18077"}],"wp:term":[{"taxonomy":"product_cat","embeddable":true,"href":"https:\/\/tusa.viewsite.link\/es\/wp-json\/wp\/v2\/product_cat?post=18077"},{"taxonomy":"product_tag","embeddable":true,"href":"https:\/\/tusa.viewsite.link\/es\/wp-json\/wp\/v2\/product_tag?post=18077"}],"curies":[{"name":"wp","href":"https:\/\/api.w.org\/{rel}","templated":true}]}}