{"id":18050,"date":"2024-09-09T23:08:00","date_gmt":"2024-09-09T23:08:00","guid":{"rendered":"https:\/\/tusa.viewsite.link\/product\/mascara-libertad-hd\/"},"modified":"2024-09-09T23:08:00","modified_gmt":"2024-09-09T23:08:00","slug":"mascara-libertad-hd","status":"publish","type":"product","link":"https:\/\/tusa.viewsite.link\/es\/producto\/mascara-libertad-hd\/","title":{"rendered":"M\u00e1scara Libertad HD"},"content":{"rendered":"<p>La m\u00e1scara Freedom HD M1001 es el \u00faltimo dise\u00f1o de Freedom Technology. Es una m\u00e1scara de lente \u00fanica con un campo de visi\u00f3n incre\u00edblemente amplio. Esta m\u00e1scara cuenta con un sistema de hebilla giratoria de 180\u00b0, que le permite adaptarse a una gran variedad de tama\u00f1os de cara manteniendo un perfil bajo.    <br \/>[break]<\/p>\n<p><strong><u>Hebilla de libertad [Pat. P]<\/u><\/strong><\/p>\n<p>El ajustador de correas de cinco (5) \u00e1ngulos gira 180 grados y permite microajustes, que se adaptan a distintos tama\u00f1os de cabeza al tiempo que reducen la presi\u00f3n sobre la cara, mantienen un ajuste \u00f3ptimo y evitan da\u00f1os innecesarios en la hebilla.<\/p>\n<p><strong>Funci\u00f3n de ajuste variable de la correa en 5 pasos<\/strong><\/p>\n<p><img decoding=\"async\" src=\"\/popup\/images\/tusa-mask-freedom-buckle1.jpg\" class=\"img-responsive\"><br \/>Fijando el \u00e1ngulo de la correa en cinco (5) etapas a izquierda y derecha, desde la posici\u00f3n superior a la inferior, es posible microajustar los distintos puntos de presi\u00f3n del sellado de la m\u00e1scara.<\/p>\n<p><strong>Funci\u00f3n de rotaci\u00f3n del eje vertical<\/strong><\/p>\n<p><img decoding=\"async\" src=\"\/popup\/images\/tusa-mask-freedom-buckle2.jpg\" class=\"img-responsive\"><br \/>Las hebillas se mueven hacia dentro y hacia fuera, por lo que las correas se adaptan perfectamente a personas con caras grandes o peque\u00f1as. Las hebillas plegables hacen que la m\u00e1scara sea compacta para transportarla. <\/p>\n<p><strong><u>Piezas met\u00e1licas<\/u><\/strong><\/p>\n<p><img decoding=\"async\" src=\"\/popup\/images\/tusa-mask-metal1.jpg\" class=\"img-responsive\"><\/p>\n<p><img decoding=\"async\" src=\"\/popup\/images\/tusa-mask-metal2.jpg\" class=\"img-responsive\"><br \/>El acero inoxidable permite un dise\u00f1o estilizado a la vez que proporciona estabilidad y seguridad. &nbsp;<strong>Dimensiones:<\/strong> Volumen interno: 16,2 ci \/ 265 cc Dimensi\u00f3n del bastidor: 4,3 in x 6,8 in \/ 109 mm x 173 mm Dimensi\u00f3n del accesorio: 5,1 in x 5,0 in \/ 130 mm x 126 mm Peso: 9,5 oz \/ 270 g<\/p>\n","protected":false},"excerpt":{"rendered":"<p>La m\u00e1scara Freedom HD M1001 es el \u00faltimo dise\u00f1o de Freedom Technology. Es una m\u00e1scara de lente \u00fanica con un campo de visi\u00f3n incre\u00edblemente amplio. <\/p>\n","protected":false},"featured_media":18062,"comment_status":"closed","ping_status":"closed","template":"","meta":{"_acf_changed":false},"product_cat":[417],"product_tag":[],"class_list":{"0":"post-18050","1":"product","2":"type-product","3":"status-publish","4":"has-post-thumbnail","6":"product_cat-mascaras","8":"first","9":"instock","10":"purchasable","11":"product-type-variable"},"acf":[],"_links":{"self":[{"href":"https:\/\/tusa.viewsite.link\/es\/wp-json\/wp\/v2\/product\/18050","targetHints":{"allow":["GET"]}}],"collection":[{"href":"https:\/\/tusa.viewsite.link\/es\/wp-json\/wp\/v2\/product"}],"about":[{"href":"https:\/\/tusa.viewsite.link\/es\/wp-json\/wp\/v2\/types\/product"}],"replies":[{"embeddable":true,"href":"https:\/\/tusa.viewsite.link\/es\/wp-json\/wp\/v2\/comments?post=18050"}],"wp:featuredmedia":[{"embeddable":true,"href":"https:\/\/tusa.viewsite.link\/es\/wp-json\/wp\/v2\/media\/18062"}],"wp:attachment":[{"href":"https:\/\/tusa.viewsite.link\/es\/wp-json\/wp\/v2\/media?parent=18050"}],"wp:term":[{"taxonomy":"product_cat","embeddable":true,"href":"https:\/\/tusa.viewsite.link\/es\/wp-json\/wp\/v2\/product_cat?post=18050"},{"taxonomy":"product_tag","embeddable":true,"href":"https:\/\/tusa.viewsite.link\/es\/wp-json\/wp\/v2\/product_tag?post=18050"}],"curies":[{"name":"wp","href":"https:\/\/api.w.org\/{rel}","templated":true}]}}