{"id":18006,"date":"2024-09-09T23:08:00","date_gmt":"2024-09-09T23:08:00","guid":{"rendered":"https:\/\/tusa.viewsite.link\/product\/mascara-kleio-ii\/"},"modified":"2024-09-09T23:08:00","modified_gmt":"2024-09-09T23:08:00","slug":"mascara-kleio-ii","status":"publish","type":"product","link":"https:\/\/tusa.viewsite.link\/es\/producto\/mascara-kleio-ii\/","title":{"rendered":"M\u00e1scara Kleio II"},"content":{"rendered":"<p>La m\u00e1scara M-111 Kleio II est\u00e1 dise\u00f1ada para rostros m\u00e1s peque\u00f1os y estrechos y est\u00e1 fabricada con los mismos materiales de alta calidad que las m\u00e1scaras de tama\u00f1o est\u00e1ndar de TUSA. La M-111 es perfecta para buceadoras o snorkelers m\u00e1s peque\u00f1as y j\u00f3venes. Esta m\u00e1scara se define por su dise\u00f1o de bajo volumen y ajuste ce\u00f1ido. Como todas las m\u00e1scaras TUSA, incorpora una amplia gama de caracter\u00edsticas para mejorar la comodidad, el ajuste y proporcionar claridad de visi\u00f3n.   <\/p>\n<p>&nbsp;<\/p>\n<p><strong>Dimensiones:<\/strong><\/p>\n<p>Volumen interno: 12,5 ci \/ 205 cc<br \/>\n Dimensi\u00f3n del bastidor: 3,2 in x 6,0 in \/ 82 mm x 152 mm<br \/>\n Dimensi\u00f3n del accesorio: 3,9 in x 4,6 in \/ 100 mm x 116 mm<br \/>\n Peso: 7,0 oz x 199 g<\/p>\n","protected":false},"excerpt":{"rendered":"<p>La m\u00e1scara M-111 Kleio II est\u00e1 dise\u00f1ada para caras m\u00e1s peque\u00f1as y estrechas y est\u00e1 fabricada con los mismos materiales de alta calidad que las m\u00e1scaras de tama\u00f1o est\u00e1ndar de TUSA<\/p>\n","protected":false},"featured_media":18036,"comment_status":"closed","ping_status":"closed","template":"","meta":{"_acf_changed":false},"product_cat":[417],"product_tag":[],"class_list":{"0":"post-18006","1":"product","2":"type-product","3":"status-publish","4":"has-post-thumbnail","6":"product_cat-mascaras","8":"first","9":"instock","10":"purchasable","11":"product-type-variable"},"acf":[],"_links":{"self":[{"href":"https:\/\/tusa.viewsite.link\/es\/wp-json\/wp\/v2\/product\/18006","targetHints":{"allow":["GET"]}}],"collection":[{"href":"https:\/\/tusa.viewsite.link\/es\/wp-json\/wp\/v2\/product"}],"about":[{"href":"https:\/\/tusa.viewsite.link\/es\/wp-json\/wp\/v2\/types\/product"}],"replies":[{"embeddable":true,"href":"https:\/\/tusa.viewsite.link\/es\/wp-json\/wp\/v2\/comments?post=18006"}],"wp:featuredmedia":[{"embeddable":true,"href":"https:\/\/tusa.viewsite.link\/es\/wp-json\/wp\/v2\/media\/18036"}],"wp:attachment":[{"href":"https:\/\/tusa.viewsite.link\/es\/wp-json\/wp\/v2\/media?parent=18006"}],"wp:term":[{"taxonomy":"product_cat","embeddable":true,"href":"https:\/\/tusa.viewsite.link\/es\/wp-json\/wp\/v2\/product_cat?post=18006"},{"taxonomy":"product_tag","embeddable":true,"href":"https:\/\/tusa.viewsite.link\/es\/wp-json\/wp\/v2\/product_tag?post=18006"}],"curies":[{"name":"wp","href":"https:\/\/api.w.org\/{rel}","templated":true}]}}