{"id":17988,"date":"2024-09-09T23:08:00","date_gmt":"2024-09-09T23:08:00","guid":{"rendered":"https:\/\/tusa.viewsite.link\/product\/mascara-visio-pro\/"},"modified":"2024-09-09T23:08:00","modified_gmt":"2024-09-09T23:08:00","slug":"mascara-visio-pro","status":"publish","type":"product","link":"https:\/\/tusa.viewsite.link\/es\/producto\/mascara-visio-pro\/","title":{"rendered":"M\u00e1scara Visio Pro"},"content":{"rendered":"<p>La m\u00e1scara M-110SQB-CR Visio Pro combina el dise\u00f1o superior y la calidad de fabricaci\u00f3n de TUSA con nuevos materiales innovadores y una construcci\u00f3n de montura. La Visio Pro incorpora el nuevo cristal \u00f3ptico Crystalview de TUSA, tratado con un recubrimiento antirreflejos (A\/R) y ultravioleta (U\/V) patentado de hasta veinte capas de grosor. <\/p>\n<p>&nbsp;<\/p>\n<p><strong>Dimensiones:<\/strong><\/p>\n<p>Volumen interno: 13,1 ci \/ 215 cc<br \/>\n Dimensi\u00f3n del bastidor: 3,7 in x 7,0 in \/ 93,5 mm x 178 mm<br \/>\n Dimensi\u00f3n del accesorio: 4,5 in x 4,8 in \/ 114 mm x 121 mm<br \/>\n Peso: 8,5 oz \/ 240 g<\/p>\n","protected":false},"excerpt":{"rendered":"<p>La m\u00e1scara M-110SQB-CR Visio Pro combina el dise\u00f1o y la calidad de fabricaci\u00f3n superiores de TUSA con nuevos materiales innovadores y una construcci\u00f3n de armaz\u00f3n.<\/p>\n","protected":false},"featured_media":17996,"comment_status":"closed","ping_status":"closed","template":"","meta":{"_acf_changed":false},"product_cat":[417],"product_tag":[],"class_list":{"0":"post-17988","1":"product","2":"type-product","3":"status-publish","4":"has-post-thumbnail","6":"product_cat-mascaras","8":"first","9":"instock","10":"purchasable","11":"product-type-variable"},"acf":[],"_links":{"self":[{"href":"https:\/\/tusa.viewsite.link\/es\/wp-json\/wp\/v2\/product\/17988","targetHints":{"allow":["GET"]}}],"collection":[{"href":"https:\/\/tusa.viewsite.link\/es\/wp-json\/wp\/v2\/product"}],"about":[{"href":"https:\/\/tusa.viewsite.link\/es\/wp-json\/wp\/v2\/types\/product"}],"replies":[{"embeddable":true,"href":"https:\/\/tusa.viewsite.link\/es\/wp-json\/wp\/v2\/comments?post=17988"}],"wp:featuredmedia":[{"embeddable":true,"href":"https:\/\/tusa.viewsite.link\/es\/wp-json\/wp\/v2\/media\/17996"}],"wp:attachment":[{"href":"https:\/\/tusa.viewsite.link\/es\/wp-json\/wp\/v2\/media?parent=17988"}],"wp:term":[{"taxonomy":"product_cat","embeddable":true,"href":"https:\/\/tusa.viewsite.link\/es\/wp-json\/wp\/v2\/product_cat?post=17988"},{"taxonomy":"product_tag","embeddable":true,"href":"https:\/\/tusa.viewsite.link\/es\/wp-json\/wp\/v2\/product_tag?post=17988"}],"curies":[{"name":"wp","href":"https:\/\/api.w.org\/{rel}","templated":true}]}}