{"id":17984,"date":"2024-09-09T23:08:00","date_gmt":"2024-09-09T23:08:00","guid":{"rendered":"https:\/\/tusa.viewsite.link\/product\/libertad-ceos-mascara\/"},"modified":"2024-09-09T23:08:00","modified_gmt":"2024-09-09T23:08:00","slug":"libertad-ceos-mascara","status":"publish","type":"product","link":"https:\/\/tusa.viewsite.link\/es\/producto\/libertad-ceos-mascara\/","title":{"rendered":"Libertad Ceos M\u00e1scara"},"content":{"rendered":"<p>La M-212 Ceos es una m\u00e1scara de dos ventanas de bajo perfil y bajo volumen que incorpora la reci\u00e9n desarrollada y revolucionaria Tecnolog\u00eda Freedom, que proporciona un ajuste, comodidad y rendimiento superiores. La Ceos es una de las primeras m\u00e1scaras TUSA de nueva generaci\u00f3n que ofrece esta nueva tecnolog\u00eda innovadora combinada con un dise\u00f1o, una calidad de fabricaci\u00f3n, unos materiales y una construcci\u00f3n del armaz\u00f3n superiores. <\/p>\n<p>&nbsp;<\/p>\n<p><strong>Dimensiones:<\/strong><\/p>\n<p>Volumen interno: 11,0 ci \/ 180 cc<br \/>\n Dimensi\u00f3n del bastidor: 2,8 in x 6,2 in \/ 72 mm \u00d7 157 mm<br \/>\n Dimensi\u00f3n del accesorio: 4,4 in x 5,1 in \/ 113 mm \u00d7 130 mm<br \/>\n Peso: 6,5 oz \/ 184 g<\/p>\n","protected":false},"excerpt":{"rendered":"<p>La M-212 Ceos es una mascarilla de dos ventanas de bajo perfil y volumen que incorpora la reci\u00e9n desarrollada y revolucionaria Tecnolog\u00eda Freedom, que proporciona un ajuste, comodidad y rendimiento superiores.<\/p>\n","protected":false},"featured_media":18013,"comment_status":"closed","ping_status":"closed","template":"","meta":{"_acf_changed":false},"product_cat":[417],"product_tag":[],"class_list":{"0":"post-17984","1":"product","2":"type-product","3":"status-publish","4":"has-post-thumbnail","6":"product_cat-mascaras","8":"first","9":"instock","10":"purchasable","11":"product-type-variable"},"acf":[],"_links":{"self":[{"href":"https:\/\/tusa.viewsite.link\/es\/wp-json\/wp\/v2\/product\/17984","targetHints":{"allow":["GET"]}}],"collection":[{"href":"https:\/\/tusa.viewsite.link\/es\/wp-json\/wp\/v2\/product"}],"about":[{"href":"https:\/\/tusa.viewsite.link\/es\/wp-json\/wp\/v2\/types\/product"}],"replies":[{"embeddable":true,"href":"https:\/\/tusa.viewsite.link\/es\/wp-json\/wp\/v2\/comments?post=17984"}],"wp:featuredmedia":[{"embeddable":true,"href":"https:\/\/tusa.viewsite.link\/es\/wp-json\/wp\/v2\/media\/18013"}],"wp:attachment":[{"href":"https:\/\/tusa.viewsite.link\/es\/wp-json\/wp\/v2\/media?parent=17984"}],"wp:term":[{"taxonomy":"product_cat","embeddable":true,"href":"https:\/\/tusa.viewsite.link\/es\/wp-json\/wp\/v2\/product_cat?post=17984"},{"taxonomy":"product_tag","embeddable":true,"href":"https:\/\/tusa.viewsite.link\/es\/wp-json\/wp\/v2\/product_tag?post=17984"}],"curies":[{"name":"wp","href":"https:\/\/api.w.org\/{rel}","templated":true}]}}