{"id":17980,"date":"2024-09-09T23:07:50","date_gmt":"2024-09-09T23:07:50","guid":{"rendered":"https:\/\/tusa.viewsite.link\/product\/liberator-bcd\/"},"modified":"2024-09-09T23:07:50","modified_gmt":"2024-09-09T23:07:50","slug":"liberator-bcd","status":"publish","type":"product","link":"https:\/\/tusa.viewsite.link\/es\/producto\/liberator-bcd\/","title":{"rendered":"Liberator BCD"},"content":{"rendered":"<p>El compensador de flotabilidad Liberator BC-0103, actualizado y de \u00faltima generaci\u00f3n, es un chaleco envolvente y duradero. El Liberator viene de serie con el siempre fiable inflador de v\u00e1lvula basculante de TUSA. El nuevo Sistema Avanzado de Carga de Peso III de TUSA proporciona una carga de peso sin complicaciones. El arn\u00e9s estabilizador Ultimate garantizar\u00e1 una experiencia de buceo c\u00f3moda y segura. El Sistema Avanzado de Carga de Lastre III (AWLS) permite al buceador insertar lastres en cartuchos de lastre y cargarlos f\u00e1cilmente en la parte delantera del chaleco del chaleco. La distribuci\u00f3n del peso en la zona de los hombros elimina la sensaci\u00f3n de pesadez asociada a los cinturones de lastre. Los cartuchos de lastre pueden contener hasta 3,63 kg (8 lb) de lastre en cada cartucho. Empu\u00f1adura ergon\u00f3mica de nuevo dise\u00f1o<br \/>\nEl cierre r\u00e1pido libera los cartuchos de lastre<br \/>\nIntroduce los lastres en los cartuchos de lastre y c\u00e1rgalos f\u00e1cilmente en el chaleco<br \/>\nDistribuci\u00f3n del peso en la zona de los hombros<br \/>\nCapacidad de peso liberable; 3,63 kg (8 lb) en cada cartucho Arn\u00e9s estabilizador definitivo (U.S.H.) de TUSA: Elimina el Balanceo de la Cisterna Mantiene la Cilindro en Su Lugar con Rieles \u00d3ptimamente Colocados Acerca la Cilindro al Cuerpo, Aumentando el Control de la Cilindro El Sistema O.P.E.V. Patentado de TUSA Sistema de inflado\/desinflado r\u00e1pido Manguera de desconexi\u00f3n r\u00e1pida de baja presi\u00f3n con rosca de 3\/8&#8243; 2 V\u00e1lvulas de descarga\/alivio de sobrepresi\u00f3n Cordura 500 de alta resistencia y nailon 420D para una resistencia y durabilidad superiores Laminaci\u00f3n interna de uretano para una integridad herm\u00e9tica 2 Bolsillos con cremallera para accesorios 1 Anilla en D de acero inoxidable y 5 de resina Correa ajustable para el estern\u00f3n Hebilla de la correa para el estern\u00f3n: Equipada con silbato de seguridad integrado Correas para los hombros ajustables en el torso<br \/>\nCorrea ajustable para la cintura con faja<br \/>\nTodas las correas con hebillas de apertura lateral \u00abestilo apret\u00f3n\u00bb para ponerlas y quitarlas con facilidad<br \/>\nCapacidades de elevaci\u00f3n:<br \/>\nX-Peque\u00f1a; 18 lbs. (8,2 kg)<br \/>\nPeque\u00f1a; 22,5 lbs. (10,2 kg)<br \/>\nMediana; 31,5 lbs. (14,3 kg)<br \/>\nGrande; 38,2 lbs. (17,3 kg)<br \/>\nX-Grande; 46,1 lbs. (20,9 kg)<br \/>\nPeso en seco: 7,1 lbs. (3,2 kg) a 7,7 lbs. (3,5 kg), dependiendo de la talla<br \/>\nManual del usuario       <\/p>\n<p>&nbsp;<\/p>\n<p><strong>Dimensiones:<\/strong><\/p>\n<p>Tejido exterior: 500D CORDURA*<br \/>\nTejido Interno: Nylon 420D<br \/>\nV\u00e1lvulas de descarga: 3 (O.P.E.V. +2)<br \/>\nAnillas D: 1 inoxidable, 4 de resina<br \/>\n*CORDURA es una marca registrada de INVISTA Corporation en Estados Unidos.<\/p>\n","protected":false},"excerpt":{"rendered":"<p>El chaleco compensador de flotabilidad Liberator BC-0103, actualizado y de \u00faltima generaci\u00f3n, es un chaleco envolvente y duradero.<\/p>\n","protected":false},"featured_media":17985,"comment_status":"closed","ping_status":"closed","template":"","meta":{"_acf_changed":false},"product_cat":[412],"product_tag":[],"class_list":{"0":"post-17980","1":"product","2":"type-product","3":"status-publish","4":"has-post-thumbnail","6":"product_cat-bcds-es","8":"first","9":"instock","10":"purchasable","11":"product-type-variable"},"acf":[],"_links":{"self":[{"href":"https:\/\/tusa.viewsite.link\/es\/wp-json\/wp\/v2\/product\/17980","targetHints":{"allow":["GET"]}}],"collection":[{"href":"https:\/\/tusa.viewsite.link\/es\/wp-json\/wp\/v2\/product"}],"about":[{"href":"https:\/\/tusa.viewsite.link\/es\/wp-json\/wp\/v2\/types\/product"}],"replies":[{"embeddable":true,"href":"https:\/\/tusa.viewsite.link\/es\/wp-json\/wp\/v2\/comments?post=17980"}],"wp:featuredmedia":[{"embeddable":true,"href":"https:\/\/tusa.viewsite.link\/es\/wp-json\/wp\/v2\/media\/17985"}],"wp:attachment":[{"href":"https:\/\/tusa.viewsite.link\/es\/wp-json\/wp\/v2\/media?parent=17980"}],"wp:term":[{"taxonomy":"product_cat","embeddable":true,"href":"https:\/\/tusa.viewsite.link\/es\/wp-json\/wp\/v2\/product_cat?post=17980"},{"taxonomy":"product_tag","embeddable":true,"href":"https:\/\/tusa.viewsite.link\/es\/wp-json\/wp\/v2\/product_tag?post=17980"}],"curies":[{"name":"wp","href":"https:\/\/api.w.org\/{rel}","templated":true}]}}