{"id":17972,"date":"2024-09-09T23:08:00","date_gmt":"2024-09-09T23:08:00","guid":{"rendered":"https:\/\/tusa.viewsite.link\/product\/mascara-panthes\/"},"modified":"2024-09-09T23:08:00","modified_gmt":"2024-09-09T23:08:00","slug":"mascara-panthes","status":"publish","type":"product","link":"https:\/\/tusa.viewsite.link\/es\/producto\/mascara-panthes\/","title":{"rendered":"M\u00e1scara Panthes"},"content":{"rendered":"<p>La M-210 est\u00e1 dise\u00f1ada espec\u00edficamente para los entusiastas de la apnea y la pesca submarina que necesitan una m\u00e1scara de volumen ultrabajo con un campo de visi\u00f3n excepcional. Ofrece m\u00e1s de 1,5 veces la visi\u00f3n de la competencia, a pesar de su dise\u00f1o de 2 ventanas de perfil bajo. Adem\u00e1s, la M-210 incorpora el sistema de hebilla de ajuste r\u00e1pido patentado por TUSA y las tecnolog\u00edas de correa anat\u00f3mica 3D. La M-210 Panthes es LA elecci\u00f3n cuando se necesita ajuste, poco volumen y una visi\u00f3n superior.   <\/p>\n<p>&nbsp;<\/p>\n<p><strong>Dimensiones:<\/strong><\/p>\n<p>Peso: Aprox. 150 g\/5,3 oz <\/p>\n","protected":false},"excerpt":{"rendered":"<p>La M-210 est\u00e1 dise\u00f1ada espec\u00edficamente para los aficionados a la apnea y la pesca submarina que necesitan una m\u00e1scara de volumen ultrabajo con un campo de visi\u00f3n excepcional.<\/p>\n","protected":false},"featured_media":17983,"comment_status":"closed","ping_status":"closed","template":"","meta":{"_acf_changed":false},"product_cat":[417],"product_tag":[],"class_list":{"0":"post-17972","1":"product","2":"type-product","3":"status-publish","4":"has-post-thumbnail","6":"product_cat-mascaras","8":"first","9":"instock","10":"purchasable","11":"product-type-variable"},"acf":[],"_links":{"self":[{"href":"https:\/\/tusa.viewsite.link\/es\/wp-json\/wp\/v2\/product\/17972","targetHints":{"allow":["GET"]}}],"collection":[{"href":"https:\/\/tusa.viewsite.link\/es\/wp-json\/wp\/v2\/product"}],"about":[{"href":"https:\/\/tusa.viewsite.link\/es\/wp-json\/wp\/v2\/types\/product"}],"replies":[{"embeddable":true,"href":"https:\/\/tusa.viewsite.link\/es\/wp-json\/wp\/v2\/comments?post=17972"}],"wp:featuredmedia":[{"embeddable":true,"href":"https:\/\/tusa.viewsite.link\/es\/wp-json\/wp\/v2\/media\/17983"}],"wp:attachment":[{"href":"https:\/\/tusa.viewsite.link\/es\/wp-json\/wp\/v2\/media?parent=17972"}],"wp:term":[{"taxonomy":"product_cat","embeddable":true,"href":"https:\/\/tusa.viewsite.link\/es\/wp-json\/wp\/v2\/product_cat?post=17972"},{"taxonomy":"product_tag","embeddable":true,"href":"https:\/\/tusa.viewsite.link\/es\/wp-json\/wp\/v2\/product_tag?post=17972"}],"curies":[{"name":"wp","href":"https:\/\/api.w.org\/{rel}","templated":true}]}}