{"id":17968,"date":"2024-09-09T23:07:50","date_gmt":"2024-09-09T23:07:50","guid":{"rendered":"https:\/\/tusa.viewsite.link\/product\/soverin-alfa-bcd\/"},"modified":"2024-09-09T23:07:50","modified_gmt":"2024-09-09T23:07:50","slug":"soverin-alfa-bcd","status":"publish","type":"product","link":"https:\/\/tusa.viewsite.link\/es\/producto\/soverin-alfa-bcd\/","title":{"rendered":"Soverin-Alfa BCD"},"content":{"rendered":"<p>El BC0102 Soverin alpha de TUSA incorpora el nuevo Sistema Avanzado de Carga de Peso (A.W.L.S III) de TUSA. El BC0102 incorpora un nuevo dise\u00f1o de anilla en D reposicionable y gancho a presi\u00f3n para personalizaci\u00f3n. El Soverin alpha ofrece un ajuste c\u00f3modo y seguro gracias al Sistema de Arn\u00e9s Independiente de TUSA, a la zona lumbar mejorada y a la c\u00f3moda almohadilla para la espalda. El cintur\u00f3n de nuevo dise\u00f1o se ajusta sin esfuerzo y los bolsillos de ajuste de peso est\u00e1n sellados por cremalleras de alta resistencia. Sistema de Arn\u00e9s Independiente<br \/>\nHebilla RiteTite<br \/>\n2 bolsillos con cremallera<br \/>\nTallas: XS, S, M, L-XL<br \/>\nCapacidad de elevaci\u00f3n: XS 18.0 lbf.\/S: 24.7 lbf.\/M: 29.2 lbf.\/L-XL: 38.2 lbf.<br \/>\nA\u00f1ade el accesorio para cuchillos TC-752 para el FK-10\/11\/14<br \/>\nA\u00f1ade la correa de montaje TC-753 A.P.A. para colocar el A.P.A. bajo el brazo   <\/p>\n<p>&nbsp;<\/p>\n<p><strong>Dimensiones:<\/strong><\/p>\n<p>Tejido exterior: 500D CORDURA*<br \/>\nTejido Interno: 500D CORDURA*<br \/>\nV\u00e1lvulas de descarga: 3 (O.P.E.V. +2)<br \/>\nAnillas D: 1 inoxidable, 5 de resina<br \/>\n*CORDURA es una marca registrada de INVISTA Corporation en Estados Unidos.<\/p>\n","protected":false},"excerpt":{"rendered":"<p>El Soverin-Alpha incorpora el nuevo Sistema Avanzado de Carga de Peso (A.W.L.S III) de TUSA y cuenta con un nuevo dise\u00f1o de anilla en D reposicionable y gancho a presi\u00f3n para una personalizaci\u00f3n a medida.<\/p>\n","protected":false},"featured_media":17973,"comment_status":"closed","ping_status":"closed","template":"","meta":{"_acf_changed":false},"product_cat":[412],"product_tag":[],"class_list":{"0":"post-17968","1":"product","2":"type-product","3":"status-publish","4":"has-post-thumbnail","6":"product_cat-bcds-es","8":"first","9":"instock","10":"purchasable","11":"product-type-variable"},"acf":[],"_links":{"self":[{"href":"https:\/\/tusa.viewsite.link\/es\/wp-json\/wp\/v2\/product\/17968","targetHints":{"allow":["GET"]}}],"collection":[{"href":"https:\/\/tusa.viewsite.link\/es\/wp-json\/wp\/v2\/product"}],"about":[{"href":"https:\/\/tusa.viewsite.link\/es\/wp-json\/wp\/v2\/types\/product"}],"replies":[{"embeddable":true,"href":"https:\/\/tusa.viewsite.link\/es\/wp-json\/wp\/v2\/comments?post=17968"}],"wp:featuredmedia":[{"embeddable":true,"href":"https:\/\/tusa.viewsite.link\/es\/wp-json\/wp\/v2\/media\/17973"}],"wp:attachment":[{"href":"https:\/\/tusa.viewsite.link\/es\/wp-json\/wp\/v2\/media?parent=17968"}],"wp:term":[{"taxonomy":"product_cat","embeddable":true,"href":"https:\/\/tusa.viewsite.link\/es\/wp-json\/wp\/v2\/product_cat?post=17968"},{"taxonomy":"product_tag","embeddable":true,"href":"https:\/\/tusa.viewsite.link\/es\/wp-json\/wp\/v2\/product_tag?post=17968"}],"curies":[{"name":"wp","href":"https:\/\/api.w.org\/{rel}","templated":true}]}}