{"id":17961,"date":"2024-09-09T23:08:00","date_gmt":"2024-09-09T23:08:00","guid":{"rendered":"https:\/\/tusa.viewsite.link\/product\/mascarilla-intega-con-correa-de-tela\/"},"modified":"2024-09-09T23:08:00","modified_gmt":"2024-09-09T23:08:00","slug":"mascarilla-intega-con-correa-de-tela","status":"publish","type":"product","link":"https:\/\/tusa.viewsite.link\/es\/producto\/mascarilla-intega-con-correa-de-tela\/","title":{"rendered":"Mascarilla Intega con Correa de Tela"},"content":{"rendered":"<p>Tras a\u00f1os de investigaci\u00f3n, TUSA ha desarrollado un fald\u00f3n de m\u00e1scara que se adapta a tu cara. El anillo de ajuste 3D SYNQ se adapta a la cara del usuario creando un sellado como ninguna otra m\u00e1scara. Grande o peque\u00f1a, ancha o estrecha, larga o corta, la TUSA Intega te cubre. La correa de tela de la m\u00e1scara a\u00f1ade un nuevo nivel de comodidad a la experiencia de buceo. El agarre antideslizante y el f\u00e1cil ajuste garantizan un ajuste ce\u00f1ido a la parte posterior de la cabeza. El sujetaesn\u00f3rquel garantiza una colocaci\u00f3n segura. Ahora con correa de tela.  La Correa de tela para m\u00e1scara a\u00f1ade un nuevo nivel de comodidad a la experiencia de buceo. El agarre antideslizante y el f\u00e1cil ajuste garantizan un ajuste ce\u00f1ido a la parte posterior de la cabeza. El sujetaesn\u00f3rquel garantiza una colocaci\u00f3n segura. Ahora con correa de tela.   <\/p>\n<p>&nbsp;<\/p>\n<p><strong>Dimensiones:<\/strong><\/p>\n<p>Volumen interno: 10,7 ci \/ 175 cc<br \/>\n Dimensi\u00f3n del bastidor: 3,1 in x 6,3 in \/ 79 mm \u00d7 161 mm<br \/>\n Dimensi\u00f3n del accesorio: 4,5 in x 5,2 in \/ 113,5 mm \u00d7 133 mm<br \/>\n Peso: 7,2 oz \/ 205 g<\/p>\n","protected":false},"excerpt":{"rendered":"<p>Tras a\u00f1os de investigaci\u00f3n, TUSA ha desarrollado un fald\u00f3n de m\u00e1scara que se adapta a tu cara. Ahora con una correa de tela.<\/p>\n","protected":false},"featured_media":17969,"comment_status":"closed","ping_status":"closed","template":"","meta":{"_acf_changed":false},"product_cat":[417],"product_tag":[],"class_list":{"0":"post-17961","1":"product","2":"type-product","3":"status-publish","4":"has-post-thumbnail","6":"product_cat-mascaras","8":"first","9":"instock","10":"purchasable","11":"product-type-variable"},"acf":[],"_links":{"self":[{"href":"https:\/\/tusa.viewsite.link\/es\/wp-json\/wp\/v2\/product\/17961","targetHints":{"allow":["GET"]}}],"collection":[{"href":"https:\/\/tusa.viewsite.link\/es\/wp-json\/wp\/v2\/product"}],"about":[{"href":"https:\/\/tusa.viewsite.link\/es\/wp-json\/wp\/v2\/types\/product"}],"replies":[{"embeddable":true,"href":"https:\/\/tusa.viewsite.link\/es\/wp-json\/wp\/v2\/comments?post=17961"}],"wp:featuredmedia":[{"embeddable":true,"href":"https:\/\/tusa.viewsite.link\/es\/wp-json\/wp\/v2\/media\/17969"}],"wp:attachment":[{"href":"https:\/\/tusa.viewsite.link\/es\/wp-json\/wp\/v2\/media?parent=17961"}],"wp:term":[{"taxonomy":"product_cat","embeddable":true,"href":"https:\/\/tusa.viewsite.link\/es\/wp-json\/wp\/v2\/product_cat?post=17961"},{"taxonomy":"product_tag","embeddable":true,"href":"https:\/\/tusa.viewsite.link\/es\/wp-json\/wp\/v2\/product_tag?post=17961"}],"curies":[{"name":"wp","href":"https:\/\/api.w.org\/{rel}","templated":true}]}}