{"id":17958,"date":"2024-09-09T23:07:50","date_gmt":"2024-09-09T23:07:50","guid":{"rendered":"https:\/\/tusa.viewsite.link\/product\/chaleco-conquest-ii\/"},"modified":"2024-09-09T23:07:50","modified_gmt":"2024-09-09T23:07:50","slug":"chaleco-conquest-ii","status":"publish","type":"product","link":"https:\/\/tusa.viewsite.link\/es\/producto\/chaleco-conquest-ii\/","title":{"rendered":"Chaleco Conquest II"},"content":{"rendered":"<p>El BC0201 Conquest II de TUSA es lo \u00faltimo en tecnolog\u00eda de chalecos que incorpora un dise\u00f1o de vejiga h\u00edbrida 3D y el Sistema Avanzado de Carga de Peso (A.W.L.S II) de TUSA. El BC0201 incorpora un nuevo Sistema de Arn\u00e9s que proporciona la m\u00e1xima estabilidad de la botella y un control de la flotabilidad insuperable. El Conquest II viene de serie con el Sistema A.P.A. (Active Purge Assist) de TUSA y un respaldo y lumbar mejorados para el m\u00e1ximo confort.  <\/p>\n<p>&nbsp;<\/p>\n<p><strong>Dimensiones:<\/strong><\/p>\n<p>Tejido exterior: Nylon 840D<br \/>\nTejido Interno: Nil\u00f3n 420D<br \/>\nV\u00e1lvulas de descarga: 4 (O.P.E.V. +3)<br \/>\nAnillas en D: 4 inoxidables, 1 de resina<br \/>\nCapacidad de elevaci\u00f3n: XS-S: 36,0 lbf.\/M: 38,2 lbf.\/L: 49,5 lbf.\/XL: 49,5 lbf.<\/p>\n","protected":false},"excerpt":{"rendered":"<p>El BC0201 Conquest II de TUSA es lo \u00faltimo en tecnolog\u00eda de chalecos que incorpora un dise\u00f1o de vejiga h\u00edbrida 3D y el Sistema Avanzado de Carga de Peso (A.W.L.S II) de TUSA.<\/p>\n","protected":false},"featured_media":17959,"comment_status":"closed","ping_status":"closed","template":"","meta":{"_acf_changed":false},"product_cat":[412],"product_tag":[],"class_list":{"0":"post-17958","1":"product","2":"type-product","3":"status-publish","4":"has-post-thumbnail","6":"product_cat-bcds-es","8":"first","9":"instock","10":"purchasable","11":"product-type-variable"},"acf":[],"_links":{"self":[{"href":"https:\/\/tusa.viewsite.link\/es\/wp-json\/wp\/v2\/product\/17958","targetHints":{"allow":["GET"]}}],"collection":[{"href":"https:\/\/tusa.viewsite.link\/es\/wp-json\/wp\/v2\/product"}],"about":[{"href":"https:\/\/tusa.viewsite.link\/es\/wp-json\/wp\/v2\/types\/product"}],"replies":[{"embeddable":true,"href":"https:\/\/tusa.viewsite.link\/es\/wp-json\/wp\/v2\/comments?post=17958"}],"wp:featuredmedia":[{"embeddable":true,"href":"https:\/\/tusa.viewsite.link\/es\/wp-json\/wp\/v2\/media\/17959"}],"wp:attachment":[{"href":"https:\/\/tusa.viewsite.link\/es\/wp-json\/wp\/v2\/media?parent=17958"}],"wp:term":[{"taxonomy":"product_cat","embeddable":true,"href":"https:\/\/tusa.viewsite.link\/es\/wp-json\/wp\/v2\/product_cat?post=17958"},{"taxonomy":"product_tag","embeddable":true,"href":"https:\/\/tusa.viewsite.link\/es\/wp-json\/wp\/v2\/product_tag?post=17958"}],"curies":[{"name":"wp","href":"https:\/\/api.w.org\/{rel}","templated":true}]}}