{"id":17945,"date":"2024-09-09T23:07:50","date_gmt":"2024-09-09T23:07:50","guid":{"rendered":"https:\/\/tusa.viewsite.link\/product\/tusa-tina-bcd\/"},"modified":"2024-09-09T23:07:50","modified_gmt":"2024-09-09T23:07:50","slug":"tusa-tina-bcd","status":"publish","type":"product","link":"https:\/\/tusa.viewsite.link\/es\/producto\/tusa-tina-bcd\/","title":{"rendered":"TUSA Tina BCD"},"content":{"rendered":"<p>El BC0403 Tina de TUSA es un chaleco con cintura de corte alto dise\u00f1ado para mujeres que elimina la incomodidad al llevar peso de plomo.Dise\u00f1ado ergon\u00f3mica y c\u00f3modamente, el nuevo BC0403 incorpora hombreras y espaldera de secado r\u00e1pido con acolchado mejorado. Tambi\u00e9n incorpora el nuevo Sistema Avanzado de Carga de Peso (A.W.L.S III) de TUSA, anillas en D reposicionables de acero inoxidable y resina, y dise\u00f1o de mosquet\u00f3n para personalizaci\u00f3n. El sistema de arn\u00e9s independiente de TUSA, la zona lumbar mejorada y la c\u00f3moda almohadilla para la espalda proporcionan un ajuste seguro y c\u00f3modo. El cintur\u00f3n de nuevo dise\u00f1o se ajusta sin esfuerzo, y los dos grandes bolsillos para chaleco est\u00e1n equipados con cremalleras dobles que facilitan el acceso a tus accesorios. Dos bolsillos adicionales dise\u00f1ados para alojar tus man\u00f3metros y el \u00abOcto\u00bb seguro de la segunda etapa.    <\/p>\n<p>&nbsp;<\/p>\n<p><strong>Dimensiones:<\/strong><\/p>\n<p>Tejido exterior: 500D CORDURA*<br \/>\nTejido Interno: Nylon 420D<br \/>\nV\u00e1lvulas de descarga: 3 (O.P.E.V. +2)<br \/>\nAnillas D: 2 inoxidables, 4 de resina<br \/>\n*CORDURA es una marca registrada de INVISTA Corporation en Estados Unidos.<br \/>\nCapacidad de elevaci\u00f3n: XXS: 22,5 lbf.\/XS: 24,7 lbf.\/ S: 29,2 lbf.\/ M: 36,0 lbf.\/ L: 36,0 lbf.<\/p>\n","protected":false},"excerpt":{"rendered":"<p>El chaleco Tina ofrece una cintura de corte alto dise\u00f1ada para mujeres que elimina las molestias.<\/p>\n","protected":false},"featured_media":17948,"comment_status":"closed","ping_status":"closed","template":"","meta":{"_acf_changed":false},"product_cat":[412],"product_tag":[],"class_list":{"0":"post-17945","1":"product","2":"type-product","3":"status-publish","4":"has-post-thumbnail","6":"product_cat-bcds-es","8":"first","9":"instock","10":"purchasable","11":"product-type-variable"},"acf":[],"_links":{"self":[{"href":"https:\/\/tusa.viewsite.link\/es\/wp-json\/wp\/v2\/product\/17945","targetHints":{"allow":["GET"]}}],"collection":[{"href":"https:\/\/tusa.viewsite.link\/es\/wp-json\/wp\/v2\/product"}],"about":[{"href":"https:\/\/tusa.viewsite.link\/es\/wp-json\/wp\/v2\/types\/product"}],"replies":[{"embeddable":true,"href":"https:\/\/tusa.viewsite.link\/es\/wp-json\/wp\/v2\/comments?post=17945"}],"wp:featuredmedia":[{"embeddable":true,"href":"https:\/\/tusa.viewsite.link\/es\/wp-json\/wp\/v2\/media\/17948"}],"wp:attachment":[{"href":"https:\/\/tusa.viewsite.link\/es\/wp-json\/wp\/v2\/media?parent=17945"}],"wp:term":[{"taxonomy":"product_cat","embeddable":true,"href":"https:\/\/tusa.viewsite.link\/es\/wp-json\/wp\/v2\/product_cat?post=17945"},{"taxonomy":"product_tag","embeddable":true,"href":"https:\/\/tusa.viewsite.link\/es\/wp-json\/wp\/v2\/product_tag?post=17945"}],"curies":[{"name":"wp","href":"https:\/\/api.w.org\/{rel}","templated":true}]}}