{"id":17937,"date":"2024-09-09T23:07:50","date_gmt":"2024-09-09T23:07:50","guid":{"rendered":"https:\/\/tusa.viewsite.link\/product\/mochila-de-malla\/"},"modified":"2024-09-09T23:07:50","modified_gmt":"2024-09-09T23:07:50","slug":"mochila-de-malla","status":"publish","type":"product","link":"https:\/\/tusa.viewsite.link\/es\/producto\/mochila-de-malla\/","title":{"rendered":"Mochila de malla"},"content":{"rendered":"<p>La Mochila de Malla TUSA es una mochila de malla espaciosa, manejable y resistente para transportar el equipo de buceo o snorkel a la playa. Incorpora una inserci\u00f3n trasera resistente al agua para protegerte cuando tu equipo est\u00e9 mojado. La bolsa es 100% de nylon con detalles de malla y ojales de drenaje para secar r\u00e1pidamente el equipo guardado. Las correas acolchadas y ajustables para los hombros y un asa de transporte en la parte superior de la bolsa facilitan el transporte. La bolsa tiene un compartimento principal con doble cremallera para acceder f\u00e1cilmente al contenido de la bolsa, un bolsillo exterior con cremallera, un bolsillo de malla y un cord\u00f3n el\u00e1stico con cierre de barril. La correa de compresi\u00f3n externa evita que el equipo se desplace dentro de la bolsa para mejorar la estabilidad en el transporte   <\/p>\n<p>&nbsp;<\/p>\n<p><strong>Dimensiones:<\/strong><\/p>\n<p>Dimensiones del producto: 14.2&#215;16.2&#215;29.5inch \/ 36x41x75cm<br \/>\nPeso del producto: 2.2lb.\/ 980g<br \/>\nCapacidad: 81L<\/p>\n","protected":false},"excerpt":{"rendered":"<p>La mochila de malla TUSA es una mochila de malla espaciosa, pr\u00e1ctica y resistente para transportar el equipo de buceo o snorkel a la playa.<\/p>\n","protected":false},"featured_media":17941,"comment_status":"closed","ping_status":"closed","template":"","meta":{"_acf_changed":false},"product_cat":[415],"product_tag":[],"class_list":{"0":"post-17937","1":"product","2":"type-product","3":"status-publish","4":"has-post-thumbnail","6":"product_cat-bolsas","8":"first","9":"instock","10":"purchasable","11":"product-type-variable"},"acf":[],"_links":{"self":[{"href":"https:\/\/tusa.viewsite.link\/es\/wp-json\/wp\/v2\/product\/17937","targetHints":{"allow":["GET"]}}],"collection":[{"href":"https:\/\/tusa.viewsite.link\/es\/wp-json\/wp\/v2\/product"}],"about":[{"href":"https:\/\/tusa.viewsite.link\/es\/wp-json\/wp\/v2\/types\/product"}],"replies":[{"embeddable":true,"href":"https:\/\/tusa.viewsite.link\/es\/wp-json\/wp\/v2\/comments?post=17937"}],"wp:featuredmedia":[{"embeddable":true,"href":"https:\/\/tusa.viewsite.link\/es\/wp-json\/wp\/v2\/media\/17941"}],"wp:attachment":[{"href":"https:\/\/tusa.viewsite.link\/es\/wp-json\/wp\/v2\/media?parent=17937"}],"wp:term":[{"taxonomy":"product_cat","embeddable":true,"href":"https:\/\/tusa.viewsite.link\/es\/wp-json\/wp\/v2\/product_cat?post=17937"},{"taxonomy":"product_tag","embeddable":true,"href":"https:\/\/tusa.viewsite.link\/es\/wp-json\/wp\/v2\/product_tag?post=17937"}],"curies":[{"name":"wp","href":"https:\/\/api.w.org\/{rel}","templated":true}]}}