{"id":17929,"date":"2024-09-09T23:07:50","date_gmt":"2024-09-09T23:07:50","guid":{"rendered":"https:\/\/tusa.viewsite.link\/product\/bolsa-enrollable-pequena-nuevo-2024\/"},"modified":"2024-09-09T23:07:50","modified_gmt":"2024-09-09T23:07:50","slug":"bolsa-enrollable-pequena-nuevo-2024","status":"publish","type":"product","link":"https:\/\/tusa.viewsite.link\/es\/producto\/bolsa-enrollable-pequena-nuevo-2024\/","title":{"rendered":"Bolsa enrollable peque\u00f1a (Nuevo 2024)"},"content":{"rendered":"<p>La bolsa de viaje cuenta con una pr\u00e1ctica asa extensible de gran resistencia, que facilita la movilidad durante el transporte. Equipada con cuatro correas de compresi\u00f3n, garantiza la contenci\u00f3n segura de tus pertenencias. Adem\u00e1s, la bolsa ofrece dos asas de transporte para opciones de transporte vers\u00e1tiles. Internamente, est\u00e1 dise\u00f1ada con dos bolsillos con cremallera para un almacenamiento organizado, incluido un bolsillo de malla con cremallera para facilitar la visibilidad del contenido. Externamente, la bolsa cuenta con un gran bolsillo exterior de doble cremallera, que proporciona un amplio espacio para objetos de acceso r\u00e1pido, junto con un bolsillo exterior m\u00e1s peque\u00f1o de doble cremallera. Para mayor comodidad, est\u00e1 dise\u00f1ada para cumplir las especificaciones de tama\u00f1o de \u00abequipaje de mano\u00bb, lo que la convierte en una compa\u00f1era ideal para viajar de forma eficiente y sin complicaciones.    <\/p>\n<p>&nbsp;<\/p>\n<p><strong>Dimensiones:<\/strong><\/p>\n<p>Dimensiones del producto: 9&#215;14,6&#215;21,7 pulgadas \/ 23x37x55 cm<br \/>\nPeso del producto: 7,2 lb \/ 3.280 g<br \/>\nCapacidad: 47 L<\/p>\n","protected":false},"excerpt":{"rendered":"<p>Las bolsas enrollables de buceo TUSA est\u00e1n fabricadas de forma duradera para todo tipo de viajes. Ya sea una escapada de fin de semana o un largo viaje fuera del pa\u00eds, TUSA tiene una bolsa que se adapta a tus necesidades. <\/p>\n","protected":false},"featured_media":17932,"comment_status":"closed","ping_status":"closed","template":"","meta":{"_acf_changed":false},"product_cat":[415],"product_tag":[],"class_list":{"0":"post-17929","1":"product","2":"type-product","3":"status-publish","4":"has-post-thumbnail","6":"product_cat-bolsas","8":"first","9":"instock","10":"purchasable","11":"product-type-variable"},"acf":[],"_links":{"self":[{"href":"https:\/\/tusa.viewsite.link\/es\/wp-json\/wp\/v2\/product\/17929","targetHints":{"allow":["GET"]}}],"collection":[{"href":"https:\/\/tusa.viewsite.link\/es\/wp-json\/wp\/v2\/product"}],"about":[{"href":"https:\/\/tusa.viewsite.link\/es\/wp-json\/wp\/v2\/types\/product"}],"replies":[{"embeddable":true,"href":"https:\/\/tusa.viewsite.link\/es\/wp-json\/wp\/v2\/comments?post=17929"}],"wp:featuredmedia":[{"embeddable":true,"href":"https:\/\/tusa.viewsite.link\/es\/wp-json\/wp\/v2\/media\/17932"}],"wp:attachment":[{"href":"https:\/\/tusa.viewsite.link\/es\/wp-json\/wp\/v2\/media?parent=17929"}],"wp:term":[{"taxonomy":"product_cat","embeddable":true,"href":"https:\/\/tusa.viewsite.link\/es\/wp-json\/wp\/v2\/product_cat?post=17929"},{"taxonomy":"product_tag","embeddable":true,"href":"https:\/\/tusa.viewsite.link\/es\/wp-json\/wp\/v2\/product_tag?post=17929"}],"curies":[{"name":"wp","href":"https:\/\/api.w.org\/{rel}","templated":true}]}}