{"id":17856,"date":"2024-08-13T13:12:06","date_gmt":"2024-08-13T13:12:06","guid":{"rendered":"https:\/\/tusa.viewsite.link\/videos-de-productos\/"},"modified":"2024-08-13T13:12:06","modified_gmt":"2024-08-13T13:12:06","slug":"videos-de-productos","status":"publish","type":"page","link":"https:\/\/tusa.viewsite.link\/es\/videos-de-productos\/","title":{"rendered":"V\u00eddeos de productos"},"content":{"rendered":"<div class=\"container\">\n<div class=\"row\">\n<div class=\"col-md-12\">\n<div style=\"width: 292px; padding-bottom: 10px; padding-top: 10px; padding-right: 8px; float: left;\">\n<div class=\"techheader2\">Correa de recambio para ordenador de buceo TC-1 (s\u00f3lo para uso de distribuidores)<\/div>\n<div><iframe loading=\"lazy\" src=\"https:\/\/www.youtube.com\/embed\/nesKOCV1zeQ?rel=0\" width=\"240\" height=\"135\" frameborder=\"0\"><\/iframe><\/div>\n<\/div>\n<div style=\"width: 292px; padding-bottom: 10px; padding-top: 10px; padding-right: 8px; float: left;\">\n<div class=\"techheader2\">Sustituci\u00f3n de la lente de la m\u00e1scara Intega (s\u00f3lo para uso del distribuidor)<\/div>\n<div><iframe loading=\"lazy\" src=\"https:\/\/www.youtube.com\/embed\/6Df7eHYqvw4?rel=0\" width=\"240\" height=\"135\" frameborder=\"0\"><\/iframe><\/div>\n<\/div>\n<div style=\"width: 292px; padding-bottom: 10px; padding-top: 10px; padding-right: 8px; float: left;\">\n<div class=\"techheader2\">Cuidado del equipo de buceo<\/div>\n<div><iframe loading=\"lazy\" src=\"https:\/\/www.youtube.com\/embed\/MuOUmi2GJfs\" width=\"240\" height=\"135\" frameborder=\"0\"><\/iframe><\/div>\n<\/div>\n<div style=\"width: 292px; padding-bottom: 10px; padding-top: 10px; padding-right: 8px; float: left;\">\n<div class=\"techheader2\">M\u00e1scara Intega &#8211; Ajuste<\/div>\n<div><iframe loading=\"lazy\" src=\"https:\/\/www.youtube.com\/embed\/wgxXcIRbX88?rel=0\" width=\"240\" height=\"135\" frameborder=\"0\"><\/iframe><\/div>\n<\/div>\n<div style=\"width: 292px; padding-bottom: 10px; padding-top: 10px; padding-right: 8px; float: left;\">\n<div class=\"techheader2\">Intega Mask &#8211; Investigaci\u00f3n y desarrollo<\/div>\n<div><iframe loading=\"lazy\" src=\"https:\/\/www.youtube.com\/embed\/WUbAoivS1fY?rel=0\" width=\"240\" height=\"135\" frameborder=\"0\"><\/iframe><\/div>\n<\/div>\n<div style=\"width: 292px; padding-bottom: 10px; padding-top: 10px; padding-right: 8px; float: left;\">\n<div class=\"techheader2\">Recambio de la correa de la mascarilla Intega (s\u00f3lo para uso del distribuidor)<\/div>\n<div><iframe loading=\"lazy\" src=\"https:\/\/www.youtube.com\/embed\/QzzqBy4Iul4?rel=0\" width=\"240\" height=\"135\" frameborder=\"0\"><\/iframe><\/div>\n<\/div>\n<div style=\"width: 292px; padding-bottom: 10px; padding-top: 10px; padding-right: 8px; float: left;\">\n<div class=\"techheader2\">Caracter\u00edsticas del producto TUSA Tina BC<\/div>\n<div><iframe loading=\"lazy\" src=\"https:\/\/www.youtube.com\/embed\/09zpVGJimpQ?rel=0\" width=\"240\" height=\"135\" frameborder=\"0\"><\/iframe><\/div>\n<\/div>\n<div style=\"width: 292px; padding-bottom: 10px; padding-top: 10px; padding-right: 8px; float: left;\">\n<div class=\"techheader2\">TUSA Paragon S Unboxing<\/div>\n<div><iframe loading=\"lazy\" src=\"https:\/\/www.youtube.com\/embed\/sLplaBUPHvw?rel=0\" width=\"240\" height=\"135\" frameborder=\"0\"><\/iframe><\/div>\n<\/div>\n<div style=\"width: 292px; padding-bottom: 10px; padding-top: 10px; padding-right: 8px; float: left;\">\n<div class=\"techheader2\">Instalaci\u00f3n de la pel\u00edcula TUSA Freedom<\/div>\n<div><iframe loading=\"lazy\" src=\"https:\/\/www.youtube.com\/embed\/fnRJz5V-WRg?rel=0\" width=\"240\" height=\"135\" frameborder=\"0\"><\/iframe><\/div>\n<\/div>\n<div style=\"width: 292px; padding-bottom: 10px; padding-top: 10px; padding-right: 8px; float: left;\">\n<div class=\"techheader2\">TUSA Sport Consejos de snorkel para principiantes<\/div>\n<div><iframe loading=\"lazy\" src=\"https:\/\/www.youtube.com\/embed\/videoseries?list=PLQHALiTNYe8Kal_h4JPehKUAYFy56whio\" width=\"240\" height=\"135\" frameborder=\"0\"><\/iframe><\/div>\n<\/div>\n<div style=\"width: 292px; padding-bottom: 10px; padding-top: 10px; padding-right: 8px; float: left;\">\n<div class=\"techheader2\">Sistema TUSA HyFlex<\/div>\n<div><iframe loading=\"lazy\" src=\"https:\/\/www.youtube.com\/embed\/wYIPleYPYac?rel=0\" width=\"240\" height=\"135\" frameborder=\"0\"><\/iframe><\/div>\n<\/div>\n<div style=\"width: 292px; padding-bottom: 10px; padding-top: 10px; padding-right: 8px; float: left;\">\n<div class=\"techheader2\">Correa el\u00e1stica universal TUSA<\/div>\n<div><iframe loading=\"lazy\" src=\"https:\/\/www.youtube.com\/embed\/NiPVLdrU61w?rel=0\" width=\"240\" height=\"135\" frameborder=\"0\"><\/iframe><\/div>\n<\/div>\n<div style=\"width: 292px; padding-bottom: 10px; padding-top: 10px; padding-right: 8px; float: left;\">\n<div class=\"techheader2\">TUSA Tina BC Elecci\u00f3n de los probadores<\/div>\n<div><iframe loading=\"lazy\" src=\"https:\/\/www.youtube.com\/embed\/Jx7rurrbyuE?rel=0\" width=\"240\" height=\"135\" frameborder=\"0\"><\/iframe><\/div>\n<\/div>\n<div style=\"width: 292px; padding-bottom: 10px; padding-top: 10px; padding-right: 8px; float: left;\">\n<div class=\"techheader2\">M\u00e1scara de buceo Paragon TUSA<\/div>\n<div><iframe loading=\"lazy\" src=\"https:\/\/www.youtube.com\/embed\/f48_OwqjGSo?rel=0\" width=\"240\" height=\"135\" frameborder=\"0\"><\/iframe><\/div>\n<\/div>\n<div style=\"width: 292px; padding-bottom: 10px; padding-top: 10px; padding-right: 8px; float: left;\">\n<div class=\"techheader2\">Recambio de lentes TUSA Paragon (S\u00f3lo para uso del distribuidor)<\/div>\n<div><iframe loading=\"lazy\" src=\"\/\/www.youtube.com\/embed\/G7adH3GJOVM?rel=0\" width=\"240\" height=\"135\" frameborder=\"0\" allowfullscreen=\"allowfullscreen\"><\/iframe><\/div>\n<\/div>\n<div style=\"width: 292px; padding-bottom: 10px; padding-top: 10px; padding-right: 8px; float: left;\">\n<div class=\"techheader2\">Libertad Tri-Quest Elecci\u00f3n de los probadores<\/div>\n<div><iframe loading=\"lazy\" src=\"https:\/\/www.youtube.com\/embed\/2IMa15QXHyk?rel=0\" width=\"240\" height=\"135\" frameborder=\"0\"><\/iframe><\/div>\n<\/div>\n<div style=\"width: 292px; padding-bottom: 10px; padding-top: 10px; padding-right: 8px; float: left;\">\n<div class=\"techheader2\">Selecci\u00f3n de comprobadores de interruptores TUSA HyFlex<\/div>\n<div><iframe loading=\"lazy\" src=\"https:\/\/www.youtube.com\/embed\/6hb9Me0sqU8?rel=0\" width=\"240\" height=\"135\" frameborder=\"0\"><\/iframe><\/div>\n<\/div>\n<div style=\"width: 292px; padding-bottom: 10px; padding-top: 10px; padding-right: 8px; float: left;\">\n<div class=\"techheader2\">TUSA DC Solar Link IQ1204 Gu\u00eda del usuario<\/div>\n<div><iframe loading=\"lazy\" src=\"https:\/\/www.youtube.com\/embed\/videoseries?list=PLQHALiTNYe8KGHvM3eU-dlbmq0p6SrrlU&amp;controls=0\" width=\"240\" height=\"135\" frameborder=\"0\" allowfullscreen=\"allowfullscreen\"><\/iframe><\/div>\n<\/div>\n<div style=\"width: 292px; padding-bottom: 10px; padding-top: 10px; padding-right: 8px; float: left;\">\n<div class=\"techheader2\">TUSA SF0104 INTERRUPTOR HYFLEX<\/div>\n<div><iframe loading=\"lazy\" src=\"\/\/www.youtube.com\/embed\/yIhCxh88mig\" width=\"240\" height=\"135\" frameborder=\"0\" allowfullscreen=\"allowfullscreen\"><\/iframe><\/div>\n<\/div>\n<div style=\"width: 292px; padding-bottom: 10px; padding-top: 10px; padding-right: 8px; float: left;\">\n<div class=\"techheader2\">Recambio de lente TUSA Liberator Plus (s\u00f3lo para uso del distribuidor)<\/div>\n<div><iframe loading=\"lazy\" src=\"\/\/www.youtube.com\/embed\/DM_4D38yu0Y?rel=0\" width=\"240\" height=\"135\" frameborder=\"0\" allowfullscreen=\"allowfullscreen\"><\/iframe><\/div>\n<\/div>\n<div style=\"width: 292px; padding-bottom: 10px; padding-top: 10px; padding-right: 8px; float: left;\">\n<div class=\"techheader2\">ELABORACI\u00d3N DEL CAT\u00c1LOGO TUSA 2016<\/div>\n<div><iframe loading=\"lazy\" src=\"\/\/www.youtube.com\/embed\/KnparBueVYc\" width=\"240\" height=\"135\" frameborder=\"0\" allowfullscreen=\"allowfullscreen\"><\/iframe><\/div>\n<\/div>\n<div style=\"width: 292px; padding-bottom: 10px; padding-top: 10px; padding-right: 8px; float: left;\">\n<div class=\"techheader2\">2014 A.P.A. (Asistencia activa a la purga)<\/div>\n<div><iframe loading=\"lazy\" src=\"\/\/www.youtube.com\/embed\/K-rLwq6V9fk\" width=\"240\" height=\"135\" frameborder=\"0\" allowfullscreen=\"allowfullscreen\"><\/iframe><\/div>\n<\/div>\n<div style=\"width: 292px; padding-bottom: 10px; padding-top: 10px; padding-right: 8px; float: left;\">\n<div class=\"techheader2\">2014 A.W.L.S. II  [UPDATE]<\/div>\n<div><iframe loading=\"lazy\" src=\"\/\/www.youtube.com\/embed\/fgiqlEosuPc\" width=\"240\" height=\"135\" frameborder=\"0\" allowfullscreen=\"allowfullscreen\"><\/iframe><\/div>\n<\/div>\n<div style=\"width: 292px; padding-bottom: 10px; padding-top: 10px; padding-right: 8px; float: left;\">\n<div class=\"techheader2\">NOVEDADES TUSA 2014<\/div>\n<div><iframe loading=\"lazy\" src=\"\/\/www.youtube.com\/embed\/Zyj922NAzoU\" width=\"240\" height=\"135\" frameborder=\"0\" allowfullscreen=\"allowfullscreen\"><\/iframe><\/div>\n<\/div>\n<div style=\"width: 292px; padding-bottom: 10px; padding-top: 10px; padding-right: 8px; float: left;\">\n<div class=\"techheader2\">M-212\/M-28 Sustituci\u00f3n de la lente de la m\u00e1scara<\/div>\n<div><iframe loading=\"lazy\" src=\"\/\/www.youtube.com\/embed\/JQpC20TIhk8?rel=0\" width=\"240\" height=\"135\" frameborder=\"0\" allowfullscreen=\"allowfullscreen\"><\/iframe><\/div>\n<\/div>\n<div style=\"width: 292px; padding-bottom: 10px; padding-top: 10px; padding-right: 8px; float: left;\">\n<div class=\"techheader2\">Pel\u00edcula Libertad<\/div>\n<div><iframe loading=\"lazy\" src=\"\/\/www.youtube.com\/embed\/HwJl8ghq1XI?rel=0\" width=\"240\" height=\"135\" frameborder=\"0\" allowfullscreen=\"allowfullscreen\"><\/iframe><\/div>\n<\/div>\n<div style=\"width: 292px; padding-bottom: 10px; padding-top: 10px; padding-right: 8px; float: left;\">\n<div class=\"techheader2\">Instalaci\u00f3n del snorkel TUSA<\/div>\n<div><iframe loading=\"lazy\" src=\"\/\/www.youtube.com\/embed\/fvYuVCvw64w?rel=0\" width=\"240\" height=\"135\" frameborder=\"0\" allowfullscreen=\"allowfullscreen\"><\/iframe><\/div>\n<\/div>\n<div style=\"width: 292px; padding-bottom: 10px; padding-top: 10px; padding-right: 8px; float: left;\">\n<div class=\"techheader2\">M\u00e1scara Libertad Uno<\/div>\n<div><iframe loading=\"lazy\" src=\"\/\/www.youtube.com\/embed\/tsi3J7Alj_k?rel=0\" width=\"240\" height=\"135\" frameborder=\"0\" allowfullscreen=\"allowfullscreen\"><\/iframe><\/div>\n<\/div>\n<div style=\"width: 292px; padding-bottom: 10px; padding-top: 10px; padding-right: 8px; float: left;\">\n<div class=\"techheader2\">Una nueva dimensi\u00f3n te espera&#8230;<\/div>\n<div><iframe loading=\"lazy\" src=\"\/\/www.youtube.com\/embed\/eToZ1eRBnqo?rel=0\" width=\"240\" height=\"135\" frameborder=\"0\" allowfullscreen=\"allowfullscreen\"><\/iframe><\/div>\n<\/div>\n<div style=\"width: 292px; padding-bottom: 10px; padding-top: 10px; padding-right: 8px; float: left;\">\n<div class=\"techheader2\">Regulador RS-860<\/div>\n<div><iframe loading=\"lazy\" src=\"\/\/www.youtube.com\/embed\/oivDqr7joYQ?rel=0\" width=\"240\" height=\"135\" frameborder=\"0\" allowfullscreen=\"allowfullscreen\"><\/iframe><\/div>\n<\/div>\n<div style=\"width: 292px; padding-bottom: 10px; padding-top: 10px; padding-right: 8px; float: left;\">\n<div class=\"techheader2\">Hebilla BCJ RiteTite<\/div>\n<div><iframe loading=\"lazy\" src=\"\/\/www.youtube.com\/embed\/LfdxINLVDdY\" width=\"240\" height=\"135\" frameborder=\"0\" allowfullscreen=\"allowfullscreen\"><\/iframe><\/div>\n<\/div>\n<\/div>\n<\/div>\n<\/div>\n","protected":false},"excerpt":{"rendered":"<p>Correa de recambio para ordenador de buceo TC-1 (s\u00f3lo para uso de distribuidores) Sustituci\u00f3n de la lente de la m\u00e1scara Intega (s\u00f3lo para uso del distribuidor) Cuidado del equipo de buceo M\u00e1scara Intega &#8211; Ajuste Intega Mask &#8211; Investigaci\u00f3n y desarrollo Recambio de la correa de la mascarilla Intega (s\u00f3lo para uso del distribuidor) Caracter\u00edsticas&hellip;<\/p>\n","protected":false},"author":1,"featured_media":17857,"parent":0,"menu_order":0,"comment_status":"closed","ping_status":"closed","template":"","meta":{"_acf_changed":false,"footnotes":""},"class_list":["post-17856","page","type-page","status-publish","has-post-thumbnail","hentry"],"acf":[],"_links":{"self":[{"href":"https:\/\/tusa.viewsite.link\/es\/wp-json\/wp\/v2\/pages\/17856","targetHints":{"allow":["GET"]}}],"collection":[{"href":"https:\/\/tusa.viewsite.link\/es\/wp-json\/wp\/v2\/pages"}],"about":[{"href":"https:\/\/tusa.viewsite.link\/es\/wp-json\/wp\/v2\/types\/page"}],"author":[{"embeddable":true,"href":"https:\/\/tusa.viewsite.link\/es\/wp-json\/wp\/v2\/users\/1"}],"replies":[{"embeddable":true,"href":"https:\/\/tusa.viewsite.link\/es\/wp-json\/wp\/v2\/comments?post=17856"}],"version-history":[{"count":0,"href":"https:\/\/tusa.viewsite.link\/es\/wp-json\/wp\/v2\/pages\/17856\/revisions"}],"wp:featuredmedia":[{"embeddable":true,"href":"https:\/\/tusa.viewsite.link\/es\/wp-json\/wp\/v2\/media\/17857"}],"wp:attachment":[{"href":"https:\/\/tusa.viewsite.link\/es\/wp-json\/wp\/v2\/media?parent=17856"}],"curies":[{"name":"wp","href":"https:\/\/api.w.org\/{rel}","templated":true}]}}