{"id":17854,"date":"2024-08-13T13:10:08","date_gmt":"2024-08-13T13:10:08","guid":{"rendered":"https:\/\/tusa.viewsite.link\/manuales-de-productos\/"},"modified":"2024-08-13T13:10:08","modified_gmt":"2024-08-13T13:10:08","slug":"manuales-de-productos","status":"publish","type":"page","link":"https:\/\/tusa.viewsite.link\/es\/manuales-de-productos\/","title":{"rendered":"Manuales de productos"},"content":{"rendered":"<div>\n<h3 class=\"heading-primary mb-none\">Manuales de instrumentos inform\u00e1ticos<\/h3>\n<p><a href=\"https:\/\/tusa.com\/contentdocuments\/IQ-300manual.pdf\" target=\"_blank\" rel=\"noopener\">Ordenador de buceo IQ-300 Imprex (Lanzado en 1995)<\/a><br \/>\n<a href=\"https:\/\/tusa.com\/contentdocuments\/IQ-400manual.pdf\" target=\"_blank\" rel=\"noopener\">Ordenador de buceo IQ-400 Imprex II (Lanzado en 1998)<\/a><br \/>\n<a href=\"https:\/\/tusa.com\/contentdocuments\/IQ-600manual.pdf\" target=\"_blank\" rel=\"noopener\">Ordenador de buceo IQ-600 Platina (Lanzado en 2002)<\/a><br \/>\n<a href=\"https:\/\/tusa.com\/contentdocuments\/IQ-700manual.pdf\" target=\"_blank\" rel=\"noopener\">Ordenador de buceo IQ-700\/SCA-343 DC Hunter (Publicado en 2004)<\/a><br \/>\n<a href=\"https:\/\/tusa.com\/contentdocuments\/IQ-800manual.pdf\" target=\"_blank\" rel=\"noopener\">Ordenador de buceo Sapience IQ-800 DC (Lanzado en 2004)<\/a><br \/>\n<a href=\"https:\/\/tusa.com\/contentdocuments\/TUSA-ELEMENT-MANUAL_12-2917-r03.pdf\" target=\"_blank\" rel=\"noopener\">Ordenador de buceo Element IQ-650\/SCA-251\/SCA-281\/SCA-351\/SCA-361 (Lanzamiento 2008)<\/a><br \/>\n<a href=\"https:\/\/tusa.com\/contentdocuments\/TUSA-ELEMENT-QR_12-2918-r02.pdf\" target=\"_blank\" rel=\"noopener\">Tarjeta de descripci\u00f3n r\u00e1pida del ordenador de buceo IQ-650 Element<\/a><br \/>\n<a href=\"https:\/\/tusa.com\/contentdocuments\/IQ-750-MANUAL-V01.pdf\" target=\"_blank\" rel=\"noopener\">Ordenador de buceo IQ-750\/SCA-252\/SCA-282\/SCA-352\/SCA-362 Element II (Publicado en 2009)<\/a><br \/>\n<a href=\"https:\/\/tusa.com\/contentdocuments\/IQ-750-QO-V01.pdf\" target=\"_blank\" rel=\"noopener\">Tarjeta de descripci\u00f3n r\u00e1pida del ordenador de buceo IQ-750 Element II<\/a><br \/>\n<a href=\"https:\/\/tusa.com\/contentdocuments\/IQ-900-MANUAL-V03.pdf\" target=\"_blank\" rel=\"noopener\">Ordenador Zen IQ-900 (Lanzado en 2009)<\/a><br \/>\n<a href=\"https:\/\/tusa.com\/contentdocuments\/IQ-900-QO-V01.pdf\" target=\"_blank\" rel=\"noopener\">Ficha r\u00e1pida del IQ-900 Zen<\/a><br \/>\n<a href=\"https:\/\/tusa.com\/contentdocuments\/IQ-850-MANUAL-V01.pdf\" target=\"_blank\" rel=\"noopener\">Ordenador Sapience II IQ-850 DC (Lanzado en 2009)<\/a><br \/>\n<a href=\"https:\/\/tusa.com\/contentdocuments\/IQ-850-QO-V01.pdf\" target=\"_blank\" rel=\"noopener\">Tarjeta de descripci\u00f3n r\u00e1pida del IQ-850 DC Sapience II<\/a><br \/>\n<a href=\"https:\/\/tusa.com\/contentdocuments\/IQ-950-MANUAL-V01.pdf\" target=\"_blank\" rel=\"noopener\">Ordenador Zen Air IQ-950 (Lanzado en 2010)<\/a><br \/>\n<a href=\"https:\/\/tusa.com\/contentdocuments\/IQ-950-QO-V01.pdf\" target=\"_blank\" rel=\"noopener\">Ficha r\u00e1pida del Zen Air IQ-950<\/a><br \/>\n<a href=\"https:\/\/tusa.com\/contentdocuments\/IQ-950-Linking.pdf\" target=\"_blank\" rel=\"noopener\">Gu\u00eda de emparejamiento del Zen Air IQ-950<\/a><br \/>\n<a href=\"https:\/\/tusa.com\/contentdocuments\/IQ-1201-User-Manual-(ENG).pdf\" target=\"_blank\" rel=\"noopener\">IQ-1201 TALIS (Publicado en 2014)<\/a><br \/>\n<a href=\"https:\/\/tusa.com\/contentdocuments\/IQ-1201-Quick-Overview.pdf\" target=\"_blank\" rel=\"noopener\">IQ-1201 TALIS Tarjeta de visi\u00f3n r\u00e1pida<\/a><br \/>\n<a href=\"https:\/\/tusa.com\/contentdocuments\/IQ-1201-Color-Side-Bar-Replacement.pdf\" target=\"_blank\" rel=\"noopener\">IQ-1201 Recambio de la barra lateral TALIS Color<\/a><br \/>\n<a href=\"https:\/\/tusa.com\/contentdocuments\/IQ1203CE_QSG_EN.pdf\" target=\"_blank\" rel=\"noopener\">IQ-1203CE Gu\u00eda de inicio r\u00e1pido<\/a><br \/>\n<a href=\"https:\/\/tusa.com\/contentdocuments\/IQ1204-USER-MANUAL-2020.pdf\">Ordenador de buceo solar IQ1204<\/a><br \/>\n<a href=\"https:\/\/tusa.com\/contentdocuments\/manuals\/TC1-IQ1301-MANUAL-A5-EN.pdf\" target=\"_blank\" rel=\"noopener\">Ordenador de buceo IQ-1301 TC1 (Espa\u00f1ol)<\/a><br \/>\n<a href=\"https:\/\/tusa.com\/contentdocuments\/manuals\/TC1-IQ1301-MANUAL-A5-DE.pdf\" target=\"_blank\" rel=\"noopener\">Ordenador de buceo IQ-1301 TC1 (Deutsch)<\/a><br \/>\n<a href=\"https:\/\/tusa.com\/contentdocuments\/manuals\/TC1-IQ1301-MANUAL-A5-FR.pdf\" target=\"_blank\" rel=\"noopener\">Ordenador de buceo IQ-1301 TC1 (Fran\u00e7ais)<\/a><br \/>\n<a href=\"https:\/\/tusa.com\/contentdocuments\/manuals\/TC1-IQ1301-MANUAL-A5-NL.pdf\" target=\"_blank\" rel=\"noopener\">Ordenador de buceo IQ-1301 TC1 (Holand\u00e9s)<\/a><\/p>\n<\/div>\n<hr class=\"gradient-to-right\">\n<div>\n<h3><\/h3>\n<h3 class=\"heading-primary mb-none\">Manuales de equipamiento<\/h3>\n<p><a href=\"https:\/\/tusa.com\/contentdocuments\/manuals\/MASK-24L-7th.pdf\" target=\"_blank\" rel=\"noopener\">Manual de la m\u00e1scara TUSA &#8211; 24 idiomas<\/a><br \/>\n<a href=\"https:\/\/tusa.com\/contentdocuments\/TUSA_MASK-SNORKEL_MANUAL.pdf\" target=\"_blank\" rel=\"noopener\">Manual de M\u00e1scara y Tubo TUSA<\/a><br \/>\n<a href=\"https:\/\/tusa.com\/contentdocuments\/manuals\/TUSA-Regulators-Manual-CE-2022.pdf\" target=\"_blank\" rel=\"noopener\">Manual del regulador TUSA<br \/>\n<\/a><a href=\"https:\/\/tusa.com\/contentdocuments\/160427_regulators_en_d5.pdf\" target=\"_blank\" rel=\"noopener\">Manual del regulador TUSA (RS-681)<\/a><br \/>\n<a href=\"https:\/\/tusa.com\/contentdocuments\/TUSA-RS1207-User-Guide.pdf\" target=\"_blank\" rel=\"noopener\">Manual del regulador TUSA (RS1207)<\/a><br \/>\n<a href=\"https:\/\/tusa.com\/contentdocuments\/TUSA-SS0002-MANUAL-v01.pdf\" target=\"_blank\" rel=\"noopener\">Regulador de inflado alternativo TUSA DUO-AIR II (SS0002)<br \/>\n<\/a><a href=\"https:\/\/tusa.com\/contentdocuments\/TUSA-IR-3-MANUAL.pdf\" target=\"_blank\" rel=\"noopener\">Regulador de inflado alternativo TUSA DUO-AIR (IR-3)<br \/>\n<\/a><a href=\"https:\/\/tusa.com\/contentdocuments\/TUSA_ENRICHED-AIR-NOTICE-12152019%5B2%5D.pdf\" target=\"_blank\" rel=\"noopener\">Pol\u00edtica del regulador TUSA Enriched Air Nitrox (EAN)<br \/>\n<\/a><a href=\"https:\/\/tusa.com\/contentdocuments\/BCJ%20Owners%20Manual%2022nd_240718.pdf\" target=\"_blank\" rel=\"noopener\">Manual TUSA BCJ (Compensador de flotabilidad) &#8211; 22\u00aa edici\u00f3n<\/a><br \/>\n<a href=\"https:\/\/tusa.com\/contentdocuments\/TUSA_BCJ_MANUAL_US_2014_v4.pdf\" target=\"_blank\" rel=\"noopener\">Manual TUSA BCJ (Compensador de flotabilidad)  [BC0501]<\/a><br \/>\n<a href=\"https:\/\/tusa.com\/contentdocuments\/APA.pdf\" target=\"_blank\" rel=\"noopener\">Manual TUSA A.P.A (Asistencia activa a la purga)<\/a><br \/>\n<a href=\"https:\/\/tusa.com\/contentdocuments\/TUSA-SAV7-EVO-MANUAL.pdf\" target=\"_blank\" rel=\"noopener\">Manual TUSA SAV-7 y SAV-7 EVO<\/a><br \/>\n<a href=\"https:\/\/tusa.com\/contentdocuments\/TUSA-SAV7-EVO2-MANUAL-v3.pdf\" target=\"_blank\" rel=\"noopener\">Manual TUSA SAV-7 EVO2 (Publicado en 2015)<\/a><br \/>\n<a href=\"https:\/\/tusa.com\/contentdocuments\/SAV7EV03-MANUAL.pdf\" target=\"_blank\" rel=\"noopener\">Manual TUSA SAV-7 EVO3 (Publicado en 2018)<\/a><br \/>\n<a href=\"https:\/\/tusa.com\/contentdocuments\/TUSA-FK900-SERIES-DISASSEMBLY.pdf\" target=\"_blank\" rel=\"noopener\">Desmontaje de la Cuchilla TUSA Serie FK-900<\/a><br \/>\n<a href=\"http:\/\/www.tusa.com\/contentdocuments\/manuals\/TUL-1000-600-MANUAL_v3.pdf\" target=\"_blank\" rel=\"noopener\">TUSA TUL-1000\/600 Luz Primaria LED Manual<\/a><br \/>\n<a href=\"http:\/\/www.tusa.com\/contentdocuments\/manuals\/TUL-400.pdf\" target=\"_blank\" rel=\"noopener\">Manual de la luz LED TUSA TUL-400<\/a><\/p>\n<\/div>\n<hr class=\"gradient-to-right\">\n<div>\n<h3><\/h3>\n<h3 class=\"heading-primary mb-none\">Gu\u00edas de sustituci\u00f3n de las lentes de la m\u00e1scara<\/h3>\n<p><a href=\"https:\/\/tusa.com\/contentdocuments\/TM-57-58-70-7500-M-40_LENS.pdf\" target=\"_blank\" rel=\"noopener\">Sustituci\u00f3n del objetivo de la TM-5700\/5800\/7000\/7500 y la M-40<\/a><br \/>\n<a href=\"https:\/\/tusa.com\/contentdocuments\/M-20_LENS.pdf\" target=\"_blank\" rel=\"noopener\">Sustituci\u00f3n de la lente M-20 Platina<\/a><br \/>\n<a href=\"https:\/\/tusa.com\/contentdocuments\/M-23-26_LENS.pdf\" target=\"_blank\" rel=\"noopener\">Sustituci\u00f3n de lentes M-23 ViewTrek\/M-26 ViewTrek Plus<\/a><br \/>\n<a href=\"https:\/\/tusa.com\/contentdocuments\/M-28_LENS.pdf\" target=\"_blank\" rel=\"noopener\">Sustituci\u00f3n de la lente M-28 Geminus<\/a><\/p>\n<\/div>\n","protected":false},"excerpt":{"rendered":"<p>Manuales de instrumentos inform\u00e1ticos Ordenador de buceo IQ-300 Imprex (Lanzado en 1995) Ordenador de buceo IQ-400 Imprex II (Lanzado en 1998) Ordenador de buceo IQ-600 Platina (Lanzado en 2002) Ordenador de buceo IQ-700\/SCA-343 DC Hunter (Publicado en 2004) Ordenador de buceo Sapience IQ-800 DC (Lanzado en 2004) Ordenador de buceo Element IQ-650\/SCA-251\/SCA-281\/SCA-351\/SCA-361 (Lanzamiento 2008) Tarjeta&hellip;<\/p>\n","protected":false},"author":1,"featured_media":17855,"parent":0,"menu_order":0,"comment_status":"closed","ping_status":"closed","template":"","meta":{"_acf_changed":false,"footnotes":""},"class_list":["post-17854","page","type-page","status-publish","has-post-thumbnail","hentry"],"acf":[],"_links":{"self":[{"href":"https:\/\/tusa.viewsite.link\/es\/wp-json\/wp\/v2\/pages\/17854","targetHints":{"allow":["GET"]}}],"collection":[{"href":"https:\/\/tusa.viewsite.link\/es\/wp-json\/wp\/v2\/pages"}],"about":[{"href":"https:\/\/tusa.viewsite.link\/es\/wp-json\/wp\/v2\/types\/page"}],"author":[{"embeddable":true,"href":"https:\/\/tusa.viewsite.link\/es\/wp-json\/wp\/v2\/users\/1"}],"replies":[{"embeddable":true,"href":"https:\/\/tusa.viewsite.link\/es\/wp-json\/wp\/v2\/comments?post=17854"}],"version-history":[{"count":0,"href":"https:\/\/tusa.viewsite.link\/es\/wp-json\/wp\/v2\/pages\/17854\/revisions"}],"wp:featuredmedia":[{"embeddable":true,"href":"https:\/\/tusa.viewsite.link\/es\/wp-json\/wp\/v2\/media\/17855"}],"wp:attachment":[{"href":"https:\/\/tusa.viewsite.link\/es\/wp-json\/wp\/v2\/media?parent=17854"}],"curies":[{"name":"wp","href":"https:\/\/api.w.org\/{rel}","templated":true}]}}