{"id":17821,"date":"2024-05-31T14:00:38","date_gmt":"2024-05-31T14:00:38","guid":{"rendered":"https:\/\/tusa.viewsite.link\/terminos-y-condiciones\/"},"modified":"2024-05-31T14:00:38","modified_gmt":"2024-05-31T14:00:38","slug":"terminos-y-condiciones","status":"publish","type":"page","link":"https:\/\/tusa.viewsite.link\/es\/terminos-y-condiciones\/","title":{"rendered":"T\u00e9rminos y condiciones"},"content":{"rendered":"<p>Tabata USA, Inc. (\u00abnosotros\u00bb o \u00abnuestro\u00bb) gestiona el sitio web <a href=\"https:\/\/tusa.com\/\">https:\/\/tusa.com<\/a> (el \u00abServicio\u00bb). Esta p\u00e1gina te informa de nuestras pol\u00edticas relativas a la recopilaci\u00f3n, uso y divulgaci\u00f3n de datos personales cuando utilizas nuestro Servicio y de las opciones que tienes asociadas a esos datos. Utilizamos tus datos para proporcionar y mejorar el Servicio. Al utilizar el Servicio, aceptas la recogida y uso de informaci\u00f3n de acuerdo con esta pol\u00edtica. A menos que se definan de otro modo en esta Pol\u00edtica de privacidad, los t\u00e9rminos utilizados en ella tienen el mismo significado que en nuestros T\u00e9rminos y condiciones, accesibles desde https:\/\/tusa.com.<\/p>\n<p>&nbsp;<\/p>\n<h4>Definiciones<\/h4>\n<h5>DATOS PERSONALES<\/h5>\n<p>Por Datos Personales se entienden los datos relativos a una persona viva que pueda ser identificada a partir de dichos datos (o a partir de \u00e9stos y de otra informaci\u00f3n que obre en nuestro poder o pueda llegar a obrar en nuestro poder).<\/p>\n<h5>DATOS DE USO<\/h5>\n<p>Los Datos de Uso son datos recogidos autom\u00e1ticamente generados por el uso del Servicio o por la propia infraestructura del Servicio (por ejemplo, la duraci\u00f3n de la visita a una p\u00e1gina).<\/p>\n<h5>COOKIES<\/h5>\n<p>Las cookies son peque\u00f1os fragmentos de datos almacenados en el dispositivo de un Usuario.<\/p>\n<h5>CONTROLADOR DE DATOS<\/h5>\n<p>Responsable del tratamiento de datos significa una persona que (sola o conjuntamente o en com\u00fan con otras personas) determina los fines para los que se tratan o se van a tratar los datos personales y la forma en que se van a tratar. A efectos de esta Pol\u00edtica de Privacidad, somos un Responsable del Tratamiento de tus datos.<\/p>\n<h5>PROCESADOR DE DATOS (O PROVEEDORES DE SERVICIOS)<\/h5>\n<p>Procesador de datos (o Proveedor de servicios) significa cualquier persona (que no sea un empleado del Controlador de datos) que procese los datos en nombre del Controlador de datos. Podemos utilizar los servicios de varios Proveedores de Servicios para procesar tus datos de forma m\u00e1s eficaz.<\/p>\n<h5>TEMA DE LOS DATOS<\/h5>\n<p>Sujeto de Datos es cualquier individuo vivo que sea objeto de Datos Personales.<\/p>\n<h5>USUARIO<\/h5>\n<p>El Usuario es la persona f\u00edsica que utiliza nuestro Servicio. El Usuario corresponde al Titular de los Datos, que es el sujeto de los Datos Personales. <\/p>\n<h4>Recogida y uso de la informaci\u00f3n<\/h4>\n<p>Recogemos distintos tipos de informaci\u00f3n con diversos fines para proporcionarte y mejorar nuestro Servicio.<\/p>\n<h5>TIPOS DE DATOS RECOGIDOS<\/h5>\n<h5><em>DATOS PERSONALES<\/em><\/h5>\n<p>Al utilizar nuestro Servicio, podemos pedirte que nos proporciones cierta informaci\u00f3n de identificaci\u00f3n personal que puede utilizarse para contactar contigo o identificarte (\u00abDatos Personales\u00bb). Los Datos Personales identificables pueden incluir, entre otros &#8211; Direcci\u00f3n de correo electr\u00f3nico<br \/>\n&#8211; Nombre y apellidos<br \/>\n&#8211; N\u00famero de tel\u00e9fono<br \/>\n&#8211; Direcci\u00f3n, Estado, Provincia, C\u00f3digo postal, Ciudad<br \/>\n&#8211; Cookies y Datos de uso Podemos utilizar tus Datos personales para ponernos en contacto contigo con boletines informativos, material de marketing o promocional y otra informaci\u00f3n que pueda ser de tu inter\u00e9s. Puedes optar por no recibir ninguna, o todas, estas comunicaciones de nuestra parte siguiendo el enlace para darse de baja o las instrucciones proporcionadas en cualquier correo electr\u00f3nico que enviemos. <\/p>\n<h5><em>DATOS DE USO<\/em><\/h5>\n<p>Tambi\u00e9n podemos recopilar informaci\u00f3n sobre c\u00f3mo se accede al Servicio y c\u00f3mo se utiliza (\u00abDatos de Uso\u00bb). Estos Datos de Uso pueden incluir informaci\u00f3n como la direcci\u00f3n del Protocolo de Internet de tu ordenador (por ejemplo, la direcci\u00f3n IP), el tipo de navegador, la versi\u00f3n del navegador, las p\u00e1ginas de nuestro Servicio que visitas, la hora y la fecha de tu visita, el tiempo que pasas en esas p\u00e1ginas, identificadores \u00fanicos de dispositivo y otros datos de diagn\u00f3stico. <\/p>\n<h5><em>COOKIES DE SEGUIMIENTO DE DATOS<\/em><\/h5>\n<p>Utilizamos cookies y tecnolog\u00edas de seguimiento similares para rastrear la actividad en nuestro Servicio y conservar cierta informaci\u00f3n. Las cookies son archivos con peque\u00f1as cantidades de datos que pueden incluir un identificador \u00fanico an\u00f3nimo. Las cookies se env\u00edan a tu navegador desde un sitio web y se almacenan en tu dispositivo. Las tecnolog\u00edas de rastreo que tambi\u00e9n se utilizan son balizas, etiquetas y scripts para recopilar y rastrear informaci\u00f3n y para mejorar y analizar nuestro Servicio. Puedes indicar a tu navegador que rechace todas las cookies o que indique cu\u00e1ndo se env\u00eda una cookie. Sin embargo, si no aceptas las cookies, es posible que no puedas utilizar algunas partes de nuestro Servicio. Ejemplos de Cookies que utilizamos: &#8211; <strong>Cookies de Sesi\u00f3n.<\/strong> Utilizamos Cookies de Sesi\u00f3n para hacer funcionar nuestro Servicio.<br \/>\n&#8211; <strong>Cookies de Preferencia.<\/strong> Utilizamos Cookies de preferencias para recordar tus preferencias y diversos ajustes.<br \/>\n&#8211; <strong>Cookies de seguridad.<\/strong> Utilizamos Cookies de Seguridad con fines de seguridad.<\/p>\n<h4>Uso de los datos<\/h4>\n<p>Tabata USA, Inc. utiliza los datos recogidos para diversos fines: &#8211; Para proporcionar y mantener nuestro Servicio &#8211; Para notificarte cambios en nuestro Servicio &#8211; Para permitirte participar en funciones interactivas de nuestro Servicio cuando elijas hacerlo &#8211; Para proporcionar asistencia al cliente &#8211; Para recopilar an\u00e1lisis o informaci\u00f3n valiosa para que podamos mejorar nuestro Servicio &#8211; Para supervisar el uso de nuestro Servicio &#8211; Para detectar, prevenir y solucionar problemas t\u00e9cnicos &#8211; Para proporcionarte noticias, ofertas especiales e informaci\u00f3n general sobre otros bienes, servicios y eventos que ofrecemos y que son similares a los que ya has comprado o sobre los que has preguntado, a menos que hayas optado por no recibir dicha informaci\u00f3n.<\/p>\n<h4>Conservaci\u00f3n de datos<\/h4>\n<p>Tabata USA, Inc. conservar\u00e1 tus Datos Personales s\u00f3lo durante el tiempo que sea necesario para los fines establecidos en esta Pol\u00edtica de Privacidad. Conservaremos y utilizaremos tus Datos Personales en la medida necesaria para cumplir con nuestras obligaciones legales (por ejemplo, si estamos obligados a conservar tus datos para cumplir con las leyes aplicables), resolver disputas y hacer cumplir nuestros acuerdos y pol\u00edticas legales. Tabata USA, Inc. tambi\u00e9n conservar\u00e1 los Datos de Uso con fines de an\u00e1lisis interno. Por lo general, los Datos de Uso se conservan durante un per\u00edodo de tiempo m\u00e1s corto, excepto cuando estos datos se utilizan para reforzar la seguridad o mejorar la funcionalidad de nuestro Servicio, o estamos legalmente obligados a conservar estos datos durante per\u00edodos de tiempo m\u00e1s largos. <\/p>\n<h4>Transferencia de datos<\/h4>\n<p>Tu informaci\u00f3n, incluidos los Datos Personales, puede ser transferida a -y mantenida en- ordenadores situados fuera de tu estado, provincia, pa\u00eds u otra jurisdicci\u00f3n gubernamental donde las leyes de protecci\u00f3n de datos puedan diferir de las de tu jurisdicci\u00f3n. Si te encuentras fuera de Estados Unidos y decides proporcionarnos informaci\u00f3n, ten en cuenta que transferimos los datos, incluidos los Datos Personales, a Estados Unidos y los procesamos all\u00ed. Tu consentimiento a esta Pol\u00edtica de Privacidad seguido de tu env\u00edo de dicha informaci\u00f3n representa tu acuerdo con dicha transferencia. Tabata USA, Inc. tomar\u00e1 todas las medidas razonablemente necesarias para garantizar que tus datos se tratan de forma segura y de acuerdo con esta Pol\u00edtica de Privacidad, y no se realizar\u00e1 ninguna transferencia de tus Datos Personales a una organizaci\u00f3n o pa\u00eds a menos que existan controles adecuados que incluyan la seguridad de tus datos y otra informaci\u00f3n personal.<\/p>\n<h4>Divulgaci\u00f3n de datos<\/h4>\n<h5>DIVULGACI\u00d3N PARA LA APLICACI\u00d3N DE LA LEY<\/h5>\n<p>En determinadas circunstancias, Tabata USA, Inc. puede verse obligada a revelar tus Datos Personales si as\u00ed se lo exige la ley o en respuesta a solicitudes v\u00e1lidas de autoridades p\u00fablicas (por ejemplo, un tribunal o una agencia gubernamental).<\/p>\n<h5>REQUISITOS LEGALES<\/h5>\n<p>Tabata USA, Inc. puede revelar tus Datos Personales si cree de buena fe que dicha acci\u00f3n es necesaria para: &#8211; Cumplir con una obligaci\u00f3n legal<br \/>\n&#8211; Proteger y defender los derechos o la propiedad de Tabata USA, Inc.<br \/>\n&#8211; Prevenir o investigar posibles irregularidades en relaci\u00f3n con el Servicio<br \/>\n&#8211; Proteger la seguridad personal de los usuarios del Servicio o del p\u00fablico<br \/>\n&#8211; Proteger contra la responsabilidad legal<\/p>\n<p>&nbsp;<\/p>\n<h4>Seguridad de los datos<\/h4>\n<p>La seguridad de tus datos es importante para nosotros, pero recuerda que ning\u00fan m\u00e9todo de transmisi\u00f3n a trav\u00e9s de Internet, o m\u00e9todo de almacenamiento electr\u00f3nico es 100% seguro. Aunque nos esforzamos por utilizar medios comercialmente aceptables para proteger tus Datos Personales, no podemos garantizar su seguridad absoluta. <\/p>\n<h4>\u00abSe\u00f1ales \u00abDo Not Track<\/h4>\n<p>No admitimos Do Not Track (\u00abDNT\u00bb). Do Not Track es una preferencia que puedes configurar en tu navegador web para informar a los sitios web de que no deseas ser rastreado. Puedes activar o desactivar Do Not Track visitando la p\u00e1gina de Preferencias o Configuraci\u00f3n de tu navegador web. <\/p>\n<h4>Tus derechos<\/h4>\n<p>Tabata USA, Inc. pretende tomar medidas razonables para permitirte corregir, modificar, borrar o limitar el uso de tus Datos Personales. Siempre que sea posible, puedes actualizar tus Datos Personales directamente en la secci\u00f3n de configuraci\u00f3n de tu cuenta. Si no puedes modificar tus Datos Personales, ponte en contacto con nosotros para realizar los cambios necesarios. Si deseas que te informemos de qu\u00e9 Datos Personales tenemos sobre ti y si quieres que los eliminemos de nuestros sistemas, ponte en contacto con nosotros. En determinadas circunstancias, tienes derecho &#8211; A acceder y recibir una copia de los Datos Personales que tenemos sobre ti<br \/>\n&#8211; A rectificar cualquier Dato Personal que tengamos sobre ti que sea inexacto<br \/>\n&#8211; A solicitar la eliminaci\u00f3n de los Datos Personales que tengamos sobre ti Tienes derecho a la portabilidad de datos para la informaci\u00f3n que proporciones a Tabata USA, Inc. Puedes solicitar obtener una copia de tus Datos Personales en un formato electr\u00f3nico de uso com\u00fan para que puedas gestionarlos y trasladarlos. Ten en cuenta que podemos pedirte que verifiques tu identidad antes de responder a dichas solicitudes.<\/p>\n<h4>Proveedores de servicios<\/h4>\n<p>Podemos emplear a terceras empresas y personas para facilitar nuestro Servicio (\u00abProveedores de Servicios\u00bb), prestar el Servicio en nuestro nombre, realizar servicios relacionados con el Servicio o ayudarnos a analizar c\u00f3mo se utiliza nuestro Servicio. Estos terceros s\u00f3lo tienen acceso a tus Datos Personales para realizar estas tareas en nuestro nombre y est\u00e1n obligados a no revelarlos ni utilizarlos para ning\u00fan otro fin.<\/p>\n<h5>ANAL\u00cdTICA<\/h5>\n<p>Podemos utilizar Proveedores de Servicios externos para controlar y analizar el uso de nuestro Servicio.<\/p>\n<blockquote><p><strong>Google Analytics<\/strong><\/p>\n<p>Google Analytics es un servicio de an\u00e1lisis web ofrecido por Google que rastrea e informa sobre el tr\u00e1fico del sitio web. Google utiliza los datos recopilados para rastrear y supervisar el uso de nuestro Servicio. Estos datos se comparten con otros servicios de Google. Google puede utilizar los datos recogidos para contextualizar y personalizar los anuncios de su propia red publicitaria. Puedes optar por no poner tu actividad en el Servicio a disposici\u00f3n de Google Analytics instalando el complemento de inhabilitaci\u00f3n para navegadores de Google Analytics. El complemento impide que el JavaScript de Google Analytics (ga.js, analytics.js y dc.js) comparta informaci\u00f3n con Google Analytics sobre la actividad de las visitas. Para obtener m\u00e1s informaci\u00f3n sobre las pr\u00e1cticas de privacidad de Google, visita la p\u00e1gina web de las Condiciones de privacidad de Google: <a href=\"https:\/\/www.google.com\/intl\/en\/policies\/privacy\/\" target=\"_blank\" rel=\"noopener\">http:\/\/www.google.com\/intl\/en\/policies\/privacy\/.<\/a>   <\/p>\n<\/blockquote>\n<p>&nbsp;<\/p>\n<h5>PAGOS<\/h5>\n<p>Podemos proporcionar productos y\/o servicios de pago dentro del Servicio. En ese caso, utilizamos servicios de terceros para el procesamiento de pagos (por ejemplo, procesadores de pagos). No almacenaremos ni recopilaremos los datos de tu tarjeta de pago. Esa informaci\u00f3n se proporciona directamente a nuestros procesadores de pagos externos, cuyo uso de tu informaci\u00f3n personal se rige por su Pol\u00edtica de Privacidad. Estos procesadores de pagos se adhieren a las normas establecidas por el PCI-DSS, gestionado por el PCI Security Standards Council, que es un esfuerzo conjunto de marcas como Visa, Mastercard, American Express y Discover. Los requisitos del PCI-DSS ayudan a garantizar el tratamiento seguro de la informaci\u00f3n de pago. Los procesadores de pagos con los que trabajamos son <\/p>\n<blockquote><p><strong>PayPal<br \/>\n<\/strong>Su Pol\u00edtica de Privacidad puede consultarse en <a href=\"https:\/\/www.paypal.com\/webapps\/mpp\/ua\/privacy-full\" target=\"_blank\" rel=\"noopener\">https:\/\/www.paypal.com\/webapps\/mpp\/ua\/privacy-full<\/a><\/p>\n<p><strong>United Merchant Services, Inc.<br \/>\n<\/strong>Su Pol\u00edtica de Privacidad puede consultarse en <a href=\"http:\/\/www.unitedmerchant.com\/Info\/Privacy\" target=\"_blank\" rel=\"noopener\">http:\/\/www.unitedmerchant.com\/Info\/Privacy<\/a><\/p><\/blockquote>\n<p>&nbsp;<\/p>\n<h4>Enlaces a otros sitios<\/h4>\n<p>Nuestro Servicio puede contener enlaces a otros sitios que no son operados por nosotros. Si haces clic en un enlace de terceros, ser\u00e1s dirigido al sitio de ese tercero. Te recomendamos encarecidamente que revises la Pol\u00edtica de Privacidad de cada sitio que visites. No tenemos ning\u00fan control ni asumimos ninguna responsabilidad por el contenido, las pol\u00edticas de privacidad o las pr\u00e1cticas de los sitios o servicios de terceros.  <\/p>\n<h4>Privacidad infantil<\/h4>\n<p>Nuestro Servicio no se dirige a menores de 13 a\u00f1os (\u00abNi\u00f1os\u00bb). No recopilamos conscientemente informaci\u00f3n personal identificable de ning\u00fan menor de 13 a\u00f1os. Si eres padre o tutor y tienes conocimiento de que tus Hijos nos han proporcionado Datos Personales, ponte en contacto con nosotros. Si tenemos conocimiento de que hemos recogido Datos Personales de ni\u00f1os sin verificar el consentimiento paterno, tomamos medidas para eliminar esa informaci\u00f3n de nuestros servidores.<\/p>\n<h4>Cambios en esta Pol\u00edtica de Privacidad<\/h4>\n<p>Podemos actualizar nuestra Pol\u00edtica de Privacidad de vez en cuando. Te aconsejamos que revises peri\u00f3dicamente esta Pol\u00edtica de Privacidad para comprobar si se han producido cambios. Los cambios en esta Pol\u00edtica de Privacidad entrar\u00e1n en vigor cuando se publiquen en esta p\u00e1gina. Esta Pol\u00edtica de Privacidad se actualiz\u00f3 por \u00faltima vez el 8 de mayo de 2018.<\/p>\n<h4>Contacta con nosotros<\/h4>\n<p>Si tienes alguna pregunta sobre esta Pol\u00edtica de Privacidad, ponte en contacto con nosotros: Por correo electr\u00f3nico: <a href=\"mailto:info@tusa.com\">info@tusa.com<\/a><\/p>\n","protected":false},"excerpt":{"rendered":"<p>Tabata USA, Inc. (\u00abnosotros\u00bb o \u00abnuestro\u00bb) gestiona el sitio web https:\/\/tusa.com (el \u00abServicio\u00bb). Esta p\u00e1gina te informa de nuestras pol\u00edticas relativas a la recopilaci\u00f3n, uso y divulgaci\u00f3n de datos personales cuando utilizas nuestro Servicio y de las opciones que tienes asociadas a esos datos. Utilizamos tus datos para proporcionar y mejorar el Servicio. Al utilizar&hellip;<\/p>\n","protected":false},"author":1,"featured_media":17823,"parent":0,"menu_order":0,"comment_status":"closed","ping_status":"closed","template":"","meta":{"_acf_changed":false,"footnotes":""},"class_list":["post-17821","page","type-page","status-publish","has-post-thumbnail","hentry"],"acf":[],"_links":{"self":[{"href":"https:\/\/tusa.viewsite.link\/es\/wp-json\/wp\/v2\/pages\/17821","targetHints":{"allow":["GET"]}}],"collection":[{"href":"https:\/\/tusa.viewsite.link\/es\/wp-json\/wp\/v2\/pages"}],"about":[{"href":"https:\/\/tusa.viewsite.link\/es\/wp-json\/wp\/v2\/types\/page"}],"author":[{"embeddable":true,"href":"https:\/\/tusa.viewsite.link\/es\/wp-json\/wp\/v2\/users\/1"}],"replies":[{"embeddable":true,"href":"https:\/\/tusa.viewsite.link\/es\/wp-json\/wp\/v2\/comments?post=17821"}],"version-history":[{"count":0,"href":"https:\/\/tusa.viewsite.link\/es\/wp-json\/wp\/v2\/pages\/17821\/revisions"}],"wp:featuredmedia":[{"embeddable":true,"href":"https:\/\/tusa.viewsite.link\/es\/wp-json\/wp\/v2\/media\/17823"}],"wp:attachment":[{"href":"https:\/\/tusa.viewsite.link\/es\/wp-json\/wp\/v2\/media?parent=17821"}],"curies":[{"name":"wp","href":"https:\/\/api.w.org\/{rel}","templated":true}]}}