{"id":17818,"date":"2024-05-31T13:49:44","date_gmt":"2024-05-31T13:49:44","guid":{"rendered":"https:\/\/tusa.viewsite.link\/ley-de-transparencia-en-las-cadenas-de-suministro-de-california\/"},"modified":"2024-05-31T13:49:44","modified_gmt":"2024-05-31T13:49:44","slug":"ley-de-transparencia-en-las-cadenas-de-suministro-de-california","status":"publish","type":"page","link":"https:\/\/tusa.viewsite.link\/es\/ley-de-transparencia-en-las-cadenas-de-suministro-de-california\/","title":{"rendered":"Ley de Transparencia en las Cadenas de Suministro de California"},"content":{"rendered":"<h2>Ley de Transparencia en las Cadenas de Suministro de California<\/h2>\n<p>La Ley de Transparencia en las Cadenas de Suministro de California (SB 657) obliga a los minoristas y fabricantes de cierto tama\u00f1o que operan en California a revelar su cumplimiento a esta legislatura.<\/p>\n<p><strong>Verificaci\u00f3n de las cadenas de suministro<\/strong><\/p>\n<p>Tabata est\u00e1 comprometida con las pr\u00e1cticas laborales justas en todas las facetas a lo largo de su cadena de suministro. Como fabricantes de la mayor\u00eda de nuestros propios productos, podemos supervisar de cerca, evaluar y establecer todas las pr\u00e1cticas laborales que existen en nuestras diversas instalaciones de fabricaci\u00f3n con certificaci\u00f3n ISO 9001 para garantizar que no existen violaciones de los derechos humanos en nuestras operaciones. <\/p>\n<p><strong>Auditor\u00edas<\/strong><\/p>\n<p>Para la peque\u00f1a parte de los productos que son fabricados por proveedores externos, los responsables de Tabata auditan cada instalaci\u00f3n con una visita en persona antes y durante el transcurso de cualquier negocio realizado. Nos aseguramos de que todas las instalaciones de fabricaci\u00f3n cumplen las pr\u00e1cticas laborales locales y de que no existen violaciones de los derechos humanos en la cadena de suministro. <\/p>\n<p><strong>Certificaci\u00f3n<\/strong><\/p>\n<p>Los t\u00e9rminos y condiciones comerciales est\u00e1ndar de Tabata exigen que todos los proveedores cumplan las leyes aplicables, incluidas las relativas a la esclavitud y\/o la trata de seres humanos. Responsabilidad interna Tabata exige a todos los empleados, subcontratistas y proveedores que cumplan las normas y principios contenidos en el C\u00f3digo de Conducta de Tabata, as\u00ed como en el C\u00f3digo de Conducta de la EICC. Las infracciones de estas pol\u00edticas pueden dar lugar al despido o a la ruptura de la relaci\u00f3n comercial.  <\/p>\n<p><strong>Formaci\u00f3n<\/strong><\/p>\n<p>A todos los gerentes, directores y empleados de Tabata que tienen responsabilidad directa en la gesti\u00f3n de las cadenas de suministro se les suministra la informaci\u00f3n adecuada para que sigan cumpliendo las directrices de cumplimiento y se les exige que revisen y comprendan todos los aspectos de las directrices para su correcto cumplimiento.<\/p>\n","protected":false},"excerpt":{"rendered":"<p>Ley de Transparencia en las Cadenas de Suministro de California La Ley de Transparencia en las Cadenas de Suministro de California (SB 657) obliga a los minoristas y fabricantes de cierto tama\u00f1o que operan en California a revelar su cumplimiento a esta legislatura. Verificaci\u00f3n de las cadenas de suministro Tabata est\u00e1 comprometida con las pr\u00e1cticas&hellip;<\/p>\n","protected":false},"author":1,"featured_media":17819,"parent":0,"menu_order":0,"comment_status":"closed","ping_status":"closed","template":"","meta":{"_acf_changed":false,"footnotes":""},"class_list":["post-17818","page","type-page","status-publish","has-post-thumbnail","hentry"],"acf":[],"_links":{"self":[{"href":"https:\/\/tusa.viewsite.link\/es\/wp-json\/wp\/v2\/pages\/17818","targetHints":{"allow":["GET"]}}],"collection":[{"href":"https:\/\/tusa.viewsite.link\/es\/wp-json\/wp\/v2\/pages"}],"about":[{"href":"https:\/\/tusa.viewsite.link\/es\/wp-json\/wp\/v2\/types\/page"}],"author":[{"embeddable":true,"href":"https:\/\/tusa.viewsite.link\/es\/wp-json\/wp\/v2\/users\/1"}],"replies":[{"embeddable":true,"href":"https:\/\/tusa.viewsite.link\/es\/wp-json\/wp\/v2\/comments?post=17818"}],"version-history":[{"count":0,"href":"https:\/\/tusa.viewsite.link\/es\/wp-json\/wp\/v2\/pages\/17818\/revisions"}],"wp:featuredmedia":[{"embeddable":true,"href":"https:\/\/tusa.viewsite.link\/es\/wp-json\/wp\/v2\/media\/17819"}],"wp:attachment":[{"href":"https:\/\/tusa.viewsite.link\/es\/wp-json\/wp\/v2\/media?parent=17818"}],"curies":[{"name":"wp","href":"https:\/\/api.w.org\/{rel}","templated":true}]}}