{"id":17807,"date":"2024-08-13T13:14:27","date_gmt":"2024-08-13T13:14:27","guid":{"rendered":"https:\/\/tusa.viewsite.link\/software\/"},"modified":"2024-08-13T13:14:27","modified_gmt":"2024-08-13T13:14:27","slug":"software","status":"publish","type":"page","link":"https:\/\/tusa.viewsite.link\/es\/software\/","title":{"rendered":"Software"},"content":{"rendered":"<h3 class=\"heading-primary mb-none\">Descargas de software para PC<\/h3>\n<p><strong>IQ1204 App &#8211; Diving LOG (para Smartphone)<\/strong><br \/>\nAndroid: <a href=\"https:\/\/play.google.com\/store\/apps\/details?id=jp.tabata.divinglog\" target=\"_blank\" rel=\"noopener\">TUSA Diving LOG App<\/a> (requiere Android 5.1 o posterior)<br \/>\niOS: <a href=\"https:\/\/itunes.apple.com\/us\/app\/diving-log\/id1091064630\" target=\"_blank\" rel=\"noopener\">Aplicaci\u00f3n TUSA Diving LOG<\/a> (requiere iOS 12.4 o posterior)<\/p>\n<p><strong>IQ-750, 900, 950, 1201 Software para PC &#8211; DataLog (para Windows)<\/strong><br \/>\n<a href=\"https:\/\/tusa.com\/contentdocuments\/TUSA-DATALOG_1.0.9.zip\" target=\"_blank\" rel=\"noopener\">Software TUSA DataLog 1.0.9 Completo (.zip file, 31mb)<\/a><\/p>\n<p><strong>Controladores USB &#8211; DataLog (incluidos en la descarga completa anterior)<\/strong><br \/>\n<a href=\"https:\/\/tusa.com\/contentdocuments\/DATALOG_DRIVERS_2K.zip\" target=\"_blank\" rel=\"noopener\">Controladores USB Windows 2000 (.zip file, 1.2mb)<br \/>\n<\/a><a href=\"https:\/\/tusa.com\/contentdocuments\/DATALOG_DRIVERS_X32.zip\" target=\"_blank\" rel=\"noopener\">Controladores USB Windows x32 bit XP\/Vista\/7\/8\/8.1 (archivo .zip, 3,2mb)<br \/>\n<\/a><a href=\"https:\/\/tusa.com\/contentdocuments\/DATALOG_DRIVERS_X64.zip\" target=\"_blank\" rel=\"noopener\">Controladores USB Windows x64 bit XP\/Vista\/7\/8\/8.1 (.zip file, 3.2mb)<\/a><\/p>\n<p><strong>IQ-750, 900, 950, 1201 Software para PC &#8211; DiverLog (para Mac)<\/strong><br \/>\n<a href=\"https:\/\/itunes.apple.com\/us\/app\/diverlog-lite\/id540107482?ls=1&amp;mt=12\" target=\"_blank\" rel=\"noopener\">Software DiverLog<\/a> &#8211; <a href=\"https:\/\/itunes.apple.com\/us\/app\/diverlog-lite\/id540107482?ls=1&amp;mt=12\" target=\"_blank\" rel=\"noopener\">LITE<\/a> &#8211; <a href=\"https:\/\/itunes.apple.com\/us\/app\/diverlog\/id555322971?ls=1&amp;mt=12\" target=\"_blank\" rel=\"noopener\">Software DiverLog &#8211; FULL<\/a> (requiere Mac OSX v10.6 o posterior) <strong>IQ-750, 900, 950, 1201 App &#8211; DiverLog (para Smartphone\/Tablet)<\/strong><br \/>\niOS: <a href=\"https:\/\/itunes.apple.com\/us\/app\/diverlog-lite\/id1091923188\" target=\"_blank\" rel=\"noopener\">DiverLog App &#8211; LITE<\/a> &#8211; <a href=\"https:\/\/itunes.apple.com\/us\/app\/diverlog\/id683518274\" target=\"_blank\" rel=\"noopener\">DiverLog App &#8211; FULL<\/a> *Los Manuales de usuario del software, las Gu\u00edas de soluci\u00f3n de problemas y las instrucciones de instalaci\u00f3n se encuentran en la secci\u00f3n \u00abAyuda\u00bb de las aplicaciones o en los archivos de descarga .zip.<br \/>\n*El software para PC requiere un cable USB que se vende por separado; para adquirirlo, ponte en contacto con tu <a href=\"https:\/\/tusa.com\/%5Breglan%5D\/find_a_dealer\">distribuidor TUSA<\/a>. <strong>IQ-700, 800, 850 Software para PC &#8211; DiveLogBook<br \/>\n<\/strong> TUSA<a href=\"https:\/\/tusa.com\/contentdocuments\/TUSA-DIVELOGBOOK_1.113.zip\" target=\"_blank\" rel=\"noopener\">DiveLogBook Software 1.113 &#8211; Windows 2000-XP\/Vista x32bit\/Windows 7 (.zip file, 68mb)<\/a> *Ten en cuenta que Vista x64bit no es compatible. Los usuarios actuales de PCLogBook v4.0 de TUSA no pueden transferir los datos existentes del diario al nuevo software DiveLogBook. Para descargar PCLogbook v4.0 haz clic <a href=\"https:\/\/tusa.com\/contentdocuments\/PCLogBook4E.zip\" target=\"_blank\" rel=\"noopener\">AQU\u00cd<\/a>.<\/p>\n","protected":false},"excerpt":{"rendered":"<p>Descargas de software para PC IQ1204 App &#8211; Diving LOG (para Smartphone) Android: TUSA Diving LOG App (requiere Android 5.1 o posterior) iOS: Aplicaci\u00f3n TUSA Diving LOG (requiere iOS 12.4 o posterior) IQ-750, 900, 950, 1201 Software para PC &#8211; DataLog (para Windows) Software TUSA DataLog 1.0.9 Completo (.zip file, 31mb) Controladores USB &#8211; DataLog&hellip;<\/p>\n","protected":false},"author":1,"featured_media":17808,"parent":0,"menu_order":0,"comment_status":"closed","ping_status":"closed","template":"","meta":{"_acf_changed":false,"footnotes":""},"class_list":["post-17807","page","type-page","status-publish","has-post-thumbnail","hentry"],"acf":[],"_links":{"self":[{"href":"https:\/\/tusa.viewsite.link\/es\/wp-json\/wp\/v2\/pages\/17807","targetHints":{"allow":["GET"]}}],"collection":[{"href":"https:\/\/tusa.viewsite.link\/es\/wp-json\/wp\/v2\/pages"}],"about":[{"href":"https:\/\/tusa.viewsite.link\/es\/wp-json\/wp\/v2\/types\/page"}],"author":[{"embeddable":true,"href":"https:\/\/tusa.viewsite.link\/es\/wp-json\/wp\/v2\/users\/1"}],"replies":[{"embeddable":true,"href":"https:\/\/tusa.viewsite.link\/es\/wp-json\/wp\/v2\/comments?post=17807"}],"version-history":[{"count":0,"href":"https:\/\/tusa.viewsite.link\/es\/wp-json\/wp\/v2\/pages\/17807\/revisions"}],"wp:featuredmedia":[{"embeddable":true,"href":"https:\/\/tusa.viewsite.link\/es\/wp-json\/wp\/v2\/media\/17808"}],"wp:attachment":[{"href":"https:\/\/tusa.viewsite.link\/es\/wp-json\/wp\/v2\/media?parent=17807"}],"curies":[{"name":"wp","href":"https:\/\/api.w.org\/{rel}","templated":true}]}}