{"id":17801,"date":"2024-08-13T13:08:36","date_gmt":"2024-08-13T13:08:36","guid":{"rendered":"https:\/\/tusa.viewsite.link\/catalogos-de-productos\/"},"modified":"2024-08-13T13:08:36","modified_gmt":"2024-08-13T13:08:36","slug":"catalogos-de-productos","status":"publish","type":"page","link":"https:\/\/tusa.viewsite.link\/es\/catalogos-de-productos\/","title":{"rendered":"Cat\u00e1logos de productos"},"content":{"rendered":"<h3 class=\"heading-primary mb-none\">Cat\u00e1logos de productos<\/h3>\n<p>&nbsp;<\/p>\n<p><strong>TUSA<\/strong><br \/>\n<a href=\"https:\/\/issuu.com\/tusa\/docs\/2023-tusa-consumer-product-catalog?fr=sZGVjZjMyNjU4MQ\" target=\"_blank\" rel=\"noopener\">[NEW]  2023 TUSA Cat\u00e1logo de Productos Espa\u00f1ol<br \/>\n<\/a><\/p>\n<p><strong>VER<\/strong><br \/>\n<a href=\"https:\/\/issuu.com\/tusa\/docs\/2020-view-swipe-brochure_eng__d3__issuu_?fr=sYWQ3MzMyNjU4MQ\" target=\"_blank\" rel=\"noopener\">VER FOLLETO DEL PRODUCTO SWIM SWIPE Espa\u00f1ol (e-viewer)<\/a><br \/>\n<a href=\"https:\/\/issuu.com\/tusa\/docs\/2019-view-catalog_eng__d6__issuu_?e=4912805\/65044411\" target=\"_blank\" rel=\"noopener\">VIEW SWIM Cat\u00e1logo de productos Espa\u00f1ol (e-viewer)<\/a><\/p>\n<p><strong>SEA&amp;SEA (US)<br \/>\n<\/strong><a href=\"https:\/\/issuu.com\/tusa\/docs\/2020-sea_sesa-brochure_issuu_?fr=sYTMxNTMyNjU4MQ\" target=\"_blank\" rel=\"noopener\">Folleto de productos SEA&amp;SEA (e-viewer)<\/a><\/p>\n<p><strong>CIN\u00c9TICA SUBMARINA &#8211; BUCEO (EE.UU.)<\/strong><br \/>\n<a href=\"https:\/\/issuu.com\/tusa\/docs\/2021-uwk-catalog_eng__issuu_?fr=sM2IwNzMyNjU4MQ\" target=\"_blank\" rel=\"noopener\">[NEW]  2021 UNDERWATER KINETICS Cat\u00e1logo de Productos Espa\u00f1ol (e-viewer)<\/a><br \/>\n<a href=\"https:\/\/issuu.com\/tusa\/docs\/2020-divecatalog-a4-reva-99739-sp_n__issuu_?fr=sYTBlNzMyNjU4MQ\" target=\"_blank\" rel=\"noopener\">Cat\u00e1logo de productos UNDERWATER KINETICS 2020 Espa\u00f1ol (e-viewer)<\/a><\/p>\n<p><strong><br \/>\nIMPERMEABLE (US)<\/strong><br \/>\n<a href=\"https:\/\/issuu.com\/tusa\/docs\/2018-waterproof-catalog-issuu?e=4912805\/54586208\" target=\"_blank\" rel=\"noopener\">Cat\u00e1logo de productos impermeables Espa\u00f1ol (e-viewer)<\/a><\/p>\n","protected":false},"excerpt":{"rendered":"<p>Cat\u00e1logos de productos &nbsp; TUSA [NEW] 2023 TUSA Cat\u00e1logo de Productos Espa\u00f1ol VER VER FOLLETO DEL PRODUCTO SWIM SWIPE Espa\u00f1ol (e-viewer) VIEW SWIM Cat\u00e1logo de productos Espa\u00f1ol (e-viewer) SEA&amp;SEA (US) Folleto de productos SEA&amp;SEA (e-viewer) CIN\u00c9TICA SUBMARINA &#8211; BUCEO (EE.UU.) [NEW] 2021 UNDERWATER KINETICS Cat\u00e1logo de Productos Espa\u00f1ol (e-viewer) Cat\u00e1logo de productos UNDERWATER KINETICS 2020&hellip;<\/p>\n","protected":false},"author":1,"featured_media":17803,"parent":0,"menu_order":0,"comment_status":"closed","ping_status":"closed","template":"","meta":{"_acf_changed":false,"footnotes":""},"class_list":["post-17801","page","type-page","status-publish","has-post-thumbnail","hentry"],"acf":[],"_links":{"self":[{"href":"https:\/\/tusa.viewsite.link\/es\/wp-json\/wp\/v2\/pages\/17801","targetHints":{"allow":["GET"]}}],"collection":[{"href":"https:\/\/tusa.viewsite.link\/es\/wp-json\/wp\/v2\/pages"}],"about":[{"href":"https:\/\/tusa.viewsite.link\/es\/wp-json\/wp\/v2\/types\/page"}],"author":[{"embeddable":true,"href":"https:\/\/tusa.viewsite.link\/es\/wp-json\/wp\/v2\/users\/1"}],"replies":[{"embeddable":true,"href":"https:\/\/tusa.viewsite.link\/es\/wp-json\/wp\/v2\/comments?post=17801"}],"version-history":[{"count":0,"href":"https:\/\/tusa.viewsite.link\/es\/wp-json\/wp\/v2\/pages\/17801\/revisions"}],"wp:featuredmedia":[{"embeddable":true,"href":"https:\/\/tusa.viewsite.link\/es\/wp-json\/wp\/v2\/media\/17803"}],"wp:attachment":[{"href":"https:\/\/tusa.viewsite.link\/es\/wp-json\/wp\/v2\/media?parent=17801"}],"curies":[{"name":"wp","href":"https:\/\/api.w.org\/{rel}","templated":true}]}}