{"id":17797,"date":"2024-08-13T13:06:20","date_gmt":"2024-08-13T13:06:20","guid":{"rendered":"https:\/\/tusa.viewsite.link\/numeros-de-serie-del-producto\/"},"modified":"2024-08-13T13:06:20","modified_gmt":"2024-08-13T13:06:20","slug":"numeros-de-serie-del-producto","status":"publish","type":"page","link":"https:\/\/tusa.viewsite.link\/es\/numeros-de-serie-del-producto\/","title":{"rendered":"N\u00fameros de serie del producto"},"content":{"rendered":"<h3 class=\"heading-primary mb-none\">C\u00f3mo localizar los n\u00fameros de serie de los productos<\/h3>\n<p><strong>Breves ejemplos de d\u00f3nde encontrar los n\u00fameros de serie de los productos TUSA<\/strong><\/p>\n<p><b>M\u00e1scaras, Tubos, Aletas, Cuchillos, Botas, Guantes, Luces:<\/b><br \/>\nEstos productos no est\u00e1n serializados y no requieren registro. Te recomendamos que conserves el recibo de compra original como prueba de la compra o para futuras consultas, si fuera necesario. <strong>Instrumentos:<br \/>\n<\/strong>Los n\u00fameros de serie de los instrumentos suelen encontrarse en tres (3) lugares:<br \/>\n1) El embalaje original, situado en el exterior de la caja: <\/p>\n<p><img decoding=\"async\" src=\"https:\/\/tusa.com\/contentimages\/IQBOX.jpg\" alt=\"\"><\/p>\n<p>2) El fondo del m\u00f3dulo (adhesivo y estampado en caliente):<\/p>\n<p><img decoding=\"async\" src=\"https:\/\/tusa.com\/contentimages\/IQ.jpg\" alt=\"\">  <img decoding=\"async\" src=\"https:\/\/tusa.com\/contentimages\/IQ3.jpg\" alt=\"\"><\/p>\n<p>3) Programado en la unidad. Consulta el manual de usuario de tu producto para saber c\u00f3mo acceder y encontrar el n\u00famero de serie de tu IQ en la pantalla: <\/p>\n<p><img decoding=\"async\" src=\"https:\/\/tusa.com\/contentimages\/IQ2.jpg\" alt=\"\"><\/p>\n<p><strong>Reguladores:<br \/>\n<\/strong>Se pueden registrar los n\u00fameros de serie de la primera (1\u00aa) y la segunda (2\u00aa) etapa, sin embargo, s\u00f3lo es necesario el n\u00famero de serie de la segunda (2\u00aa) etapa.<br \/>\nEl n\u00famero de serie del regulador se puede encontrar en tres (3) lugares posibles:<br \/>\n1) El embalaje original: Situado en el exterior de la caja en una pegatina plateada y en un inserto estampado de la tarjeta de garant\u00eda (no en todos los modelos):<\/p>\n<p><img decoding=\"async\" src=\"https:\/\/tusa.com\/contentimages\/REG.jpg\" alt=\"\"><\/p>\n<p>2) La caja de la segunda (2\u00aa) etapa, situada debajo junto a la T de escape (todos los modelos):<\/p>\n<p><img decoding=\"async\" src=\"https:\/\/tusa.com\/contentimages\/REG2.jpg\" alt=\"\"><\/p>\n<p>3) El cuerpo de la caja de la primera (1\u00aa) etapa (todos los modelos):<\/p>\n<p><img decoding=\"async\" src=\"https:\/\/tusa.com\/contentimages\/reg3.jpg\" alt=\"\"><\/p>\n<p><strong>BCJs:<br \/>\n<\/strong>Los n\u00fameros de serie de los modelos actuales de BCJ se pueden encontrar en dos (2) lugares posibles, cada uno de ellos se encuentra en una etiqueta de pl\u00e1stico negra fijada al BCJ:<br \/>\n1) Detr\u00e1s del bolsillo lateral izquierdo (la mayor\u00eda de los modelos tipo chaqueta):<\/p>\n<p><img decoding=\"async\" src=\"https:\/\/tusa.com\/contentimages\/BCJ.jpg\" alt=\"\"><\/p>\n<p>2) Debajo de la leng\u00fceta de velcro del respaldo (modelos de estilo de inflado trasero como BCJ-6900\/6910):<\/p>\n<p><img decoding=\"async\" src=\"https:\/\/tusa.com\/contentimages\/BCJ2.jpg\" alt=\"\"><\/p>\n<p>Si tienes m\u00e1s preguntas, ponte en contacto con tu distribuidor TUSA o con tu oficina regional TUSA.<\/p>\n","protected":false},"excerpt":{"rendered":"<p>C\u00f3mo localizar los n\u00fameros de serie de los productos Breves ejemplos de d\u00f3nde encontrar los n\u00fameros de serie de los productos TUSA M\u00e1scaras, Tubos, Aletas, Cuchillos, Botas, Guantes, Luces: Estos productos no est\u00e1n serializados y no requieren registro. Te recomendamos que conserves el recibo de compra original como prueba de la compra o para futuras&hellip;<\/p>\n","protected":false},"author":1,"featured_media":17799,"parent":0,"menu_order":0,"comment_status":"closed","ping_status":"closed","template":"","meta":{"_acf_changed":false,"footnotes":""},"class_list":["post-17797","page","type-page","status-publish","has-post-thumbnail","hentry"],"acf":[],"_links":{"self":[{"href":"https:\/\/tusa.viewsite.link\/es\/wp-json\/wp\/v2\/pages\/17797","targetHints":{"allow":["GET"]}}],"collection":[{"href":"https:\/\/tusa.viewsite.link\/es\/wp-json\/wp\/v2\/pages"}],"about":[{"href":"https:\/\/tusa.viewsite.link\/es\/wp-json\/wp\/v2\/types\/page"}],"author":[{"embeddable":true,"href":"https:\/\/tusa.viewsite.link\/es\/wp-json\/wp\/v2\/users\/1"}],"replies":[{"embeddable":true,"href":"https:\/\/tusa.viewsite.link\/es\/wp-json\/wp\/v2\/comments?post=17797"}],"version-history":[{"count":0,"href":"https:\/\/tusa.viewsite.link\/es\/wp-json\/wp\/v2\/pages\/17797\/revisions"}],"wp:featuredmedia":[{"embeddable":true,"href":"https:\/\/tusa.viewsite.link\/es\/wp-json\/wp\/v2\/media\/17799"}],"wp:attachment":[{"href":"https:\/\/tusa.viewsite.link\/es\/wp-json\/wp\/v2\/media?parent=17797"}],"curies":[{"name":"wp","href":"https:\/\/api.w.org\/{rel}","templated":true}]}}