{"id":17794,"date":"2024-08-13T13:01:37","date_gmt":"2024-08-13T13:01:37","guid":{"rendered":"https:\/\/tusa.viewsite.link\/declaracion-de-conformidad-ce\/"},"modified":"2024-08-13T13:01:37","modified_gmt":"2024-08-13T13:01:37","slug":"declaracion-de-conformidad-ce","status":"publish","type":"page","link":"https:\/\/tusa.viewsite.link\/es\/declaracion-de-conformidad-ce\/","title":{"rendered":"Declaraci\u00f3n de conformidad CE"},"content":{"rendered":"<div class=\"main\" role=\"main\">\n<div class=\"container\">\n<div class=\"row\">\n<div class=\"col-md-12\">\n<div>\n<h3 class=\"heading-primary mb-none\">Declaraci\u00f3n de conformidad CE<\/h3>\n<p><a href=\"https:\/\/tusa.com\/contentdocuments\/SC0101,0201,0202,0301,1201,1301(EU&amp;UK)%5B37%5D.pdf\" target=\"_blank\" rel=\"noopener\">DECLARACI\u00d3N DE CONFORMIDAD CE Y UK<\/a><\/p>\n<p><a href=\"https:\/\/www.dropbox.com\/scl\/fi\/i3c25noq3hsy7yata8ytp\/Declaration-Of-conformity-2024-TUSA-for-Diving-Masks-2024-JULY-01.pdf?rlkey=griweytle9ityd0nfuvxx0iej&amp;e=1&amp;st=zl2rxzuc&amp;dl=0\" target=\"_blank\" rel=\"noopener\">DECLARACI\u00d3N CE DE CONFORMIDAD 2024 PARA M\u00c1SCARAS DE BUCEO<\/a><\/p>\n<p><a href=\"https:\/\/tusa.com\/contentdocuments\/EC%20Declaration%20of%20Conformity%202024%20for%20Snorkeling%20Mask%20and%20Free%20Diving%20Mask.pdf\" target=\"_blank\" rel=\"noopener\">DECLARACI\u00d3N CE DE CONFORMIDAD 2024 PARA M\u00c1SCARA DE SNORKEL Y M\u00c1SCARA DE APNEA<\/a><\/p>\n<p><a href=\"https:\/\/tusa.com\/contentdocuments\/RS790_20210427.pdf\" target=\"new\" rel=\"noopener\">RS-790<\/a><\/p>\n<p><a href=\"https:\/\/tusa.com\/contentdocuments\/RS-811S.pdf\" target=\"new\" rel=\"noopener\">RS-811S<\/a><\/p>\n<p><a href=\"https:\/\/tusa.com\/contentdocuments\/RS-812S.pdf\" target=\"new\" rel=\"noopener\">RS-812S<\/a><\/p>\n<p><a href=\"https:\/\/tusa.com\/contentdocuments\/RS1001_20210427.pdf\" target=\"new\" rel=\"noopener\">RS1001<\/a><\/p>\n<div><a href=\"https:\/\/tusa.com\/contentdocuments\/BC0103B,BC0103C%2020230125.pdf\" target=\"_blank\" rel=\"noopener\">BC0103B,BC0103C<\/a><\/div>\n<div><a href=\"https:\/\/tusa.com\/contentdocuments\/BC0403B,BC0403C%2020190513.pdf\">BC0403B,BC0403C<br \/>\n<\/a><br \/>\n<a href=\"https:\/\/tusa.com\/contentdocuments\/BC0602B%2020190411.pdf\">BC0602B<\/a><\/div>\n<div><a href=\"https:\/\/tusa.com\/contentdocuments\/BCJ-4000-4000C.pdf\" target=\"new\" rel=\"noopener\">BCJ-4000,4000C<\/a><\/div>\n<div><a href=\"https:\/\/tusa.com\/contentdocuments\/BCJ-8000C%2020181128.pdf\">BCJ-8000C<br \/>\n<\/a><\/div>\n<div><a href=\"https:\/\/tusa.com\/contentdocuments\/BC0601.pdf\" target=\"new\" rel=\"noopener\">BC0101B,BC0601B<\/a><\/div>\n<div><a href=\"https:\/\/tusa.com\/contentdocuments\/BC0401B.pdf\" target=\"new\" rel=\"noopener\">BC0401B<\/a><\/div>\n<div><a href=\"https:\/\/tusa.com\/contentdocuments\/BC0201B,BC0201C%20%2020230125.pdf\">BC0201B,0201C<br \/>\n<\/a><\/div>\n<div><a href=\"https:\/\/tusa.com\/contentdocuments\/BC0102B-BC0102C.pdf\" target=\"new\" rel=\"noopener\">BC0102B,0102C<\/a><\/div>\n<p>&nbsp;<\/p>\n<\/div>\n<\/div>\n<\/div>\n<\/div>\n<\/div>\n","protected":false},"excerpt":{"rendered":"<p>Declaraci\u00f3n de conformidad CE DECLARACI\u00d3N DE CONFORMIDAD CE Y UK DECLARACI\u00d3N CE DE CONFORMIDAD 2024 PARA M\u00c1SCARAS DE BUCEO DECLARACI\u00d3N CE DE CONFORMIDAD 2024 PARA M\u00c1SCARA DE SNORKEL Y M\u00c1SCARA DE APNEA RS-790 RS-811S RS-812S RS1001 BC0103B,BC0103C BC0403B,BC0403C BC0602B BCJ-4000,4000C BCJ-8000C BC0101B,BC0601B BC0401B BC0201B,0201C BC0102B,0102C &nbsp;<\/p>\n","protected":false},"author":1,"featured_media":17795,"parent":0,"menu_order":0,"comment_status":"closed","ping_status":"closed","template":"","meta":{"_acf_changed":false,"footnotes":""},"class_list":["post-17794","page","type-page","status-publish","has-post-thumbnail","hentry"],"acf":[],"_links":{"self":[{"href":"https:\/\/tusa.viewsite.link\/es\/wp-json\/wp\/v2\/pages\/17794","targetHints":{"allow":["GET"]}}],"collection":[{"href":"https:\/\/tusa.viewsite.link\/es\/wp-json\/wp\/v2\/pages"}],"about":[{"href":"https:\/\/tusa.viewsite.link\/es\/wp-json\/wp\/v2\/types\/page"}],"author":[{"embeddable":true,"href":"https:\/\/tusa.viewsite.link\/es\/wp-json\/wp\/v2\/users\/1"}],"replies":[{"embeddable":true,"href":"https:\/\/tusa.viewsite.link\/es\/wp-json\/wp\/v2\/comments?post=17794"}],"version-history":[{"count":0,"href":"https:\/\/tusa.viewsite.link\/es\/wp-json\/wp\/v2\/pages\/17794\/revisions"}],"wp:featuredmedia":[{"embeddable":true,"href":"https:\/\/tusa.viewsite.link\/es\/wp-json\/wp\/v2\/media\/17795"}],"wp:attachment":[{"href":"https:\/\/tusa.viewsite.link\/es\/wp-json\/wp\/v2\/media?parent=17794"}],"curies":[{"name":"wp","href":"https:\/\/api.w.org\/{rel}","templated":true}]}}