{"id":17779,"date":"2024-05-31T13:56:50","date_gmt":"2024-05-31T13:56:50","guid":{"rendered":"https:\/\/tusa.viewsite.link\/politica-de-cookies\/"},"modified":"2024-05-31T13:56:50","modified_gmt":"2024-05-31T13:56:50","slug":"politica-de-cookies","status":"publish","type":"page","link":"https:\/\/tusa.viewsite.link\/es\/politica-de-cookies\/","title":{"rendered":"Pol\u00edtica de cookies"},"content":{"rendered":"<h2>Pol\u00edtica de cookies<\/h2>\n<p>Tabata USA, Inc. (\u00abnosotros\u00bb o \u00abnuestro\u00bb) utiliza cookies en el sitio web https:\/\/tusa.com (el \u00abServicio\u00bb). Al utilizar el Servicio, aceptas el uso de cookies. Nuestra Pol\u00edtica de cookies explica qu\u00e9 son las cookies, c\u00f3mo las utilizamos, c\u00f3mo terceros con los que nos asociamos pueden utilizar cookies en el Servicio, tus opciones en relaci\u00f3n con las cookies y m\u00e1s informaci\u00f3n sobre las cookies. <\/p>\n<p><strong>Qu\u00e9 son las cookies<\/strong><\/p>\n<p>Las cookies son peque\u00f1os fragmentos de texto que un sitio web que visitas env\u00eda a tu navegador. Un archivo cookie se almacena en tu navegador web y permite al Servicio o a un tercero reconocerte y hacer que tu pr\u00f3xima visita sea m\u00e1s f\u00e1cil y el Servicio te resulte m\u00e1s \u00fatil. Las cookies pueden ser \u00abpersistentes\u00bb o \u00abde sesi\u00f3n\u00bb. Las cookies persistentes permanecen en tu ordenador personal o dispositivo m\u00f3vil cuando te desconectas, mientras que las cookies de sesi\u00f3n caducan tras 20 minutos de inactividad o despu\u00e9s de salir del Servicio. <\/p>\n<p><strong>C\u00f3mo utiliza las cookies Tabata USA, Inc.<\/strong><\/p>\n<p>Cuando utilizas y accedes al Servicio, podemos colocar una serie de archivos cookies en tu navegador web. Utilizamos cookies con los siguientes fines:<\/p>\n<ul>\n<li>Para permitir determinadas funciones del Servicio<\/li>\n<li>Proporcionar an\u00e1lisis<\/li>\n<\/ul>\n<p>Utilizamos tanto cookies de sesi\u00f3n como persistentes en el Servicio y utilizamos diferentes tipos de cookies para hacer funcionar el Servicio:<\/p>\n<p>&nbsp;<\/p>\n<p>Cookies esenciales. Podemos utilizar cookies esenciales para autenticar a los usuarios y evitar el uso fraudulento de las cuentas de usuario.<br \/>\nCookies anal\u00edticas. Podemos utilizar cookies anal\u00edticas para rastrear informaci\u00f3n sobre c\u00f3mo se utiliza el Servicio, de modo que podamos realizar mejoras. Tambi\u00e9n podemos utilizar cookies anal\u00edticas para probar nuevos anuncios, p\u00e1ginas, caracter\u00edsticas o nuevas funcionalidades del Servicio para ver c\u00f3mo reaccionan a ellos nuestros usuarios.   <\/p>\n<p>&nbsp;<\/p>\n<p><strong>Cookies de terceros<\/strong><\/p>\n<p>Adem\u00e1s de nuestras propias cookies, tambi\u00e9n podemos utilizar varias cookies de terceros para informar de las estad\u00edsticas de uso del Servicio, ofrecer anuncios en y a trav\u00e9s del Servicio, etc.<\/p>\n<p><strong>\u00bfCu\u00e1les son tus opciones con respecto a las cookies?<\/strong><\/p>\n<p>Si deseas eliminar las cookies o indicar a tu navegador que las elimine o las rechace, visita las p\u00e1ginas de ayuda de tu navegador. Sin embargo, ten en cuenta que si eliminas las cookies o te niegas a aceptarlas, es posible que no puedas utilizar todas las funciones que ofrecemos, que no puedas almacenar tus preferencias y que algunas de nuestras p\u00e1ginas no se muestren correctamente. Para el navegador web Chrome, visita esta p\u00e1gina de Google: <a href=\"https:\/\/support.google.com\/accounts\/answer\/32050\">https:\/\/support.google.com\/accounts\/answer\/32050<\/a> Para el navegador web Internet Explorer, visita esta p\u00e1gina de Microsoft: <a href=\"http:\/\/support.microsoft.com\/kb\/278835\">http:\/\/support.microsoft.com\/kb\/278835<\/a> Para el navegador web Firefox, visita esta p\u00e1gina de Mozilla: https:\/\/support.mozilla.org\/en-US\/kb\/delete-cookies-remove-info-websites-stored Para el navegador web Safari, visita esta p\u00e1gina de Apple: https:\/\/support.apple.com\/kb\/PH21411?locale=en_US Para cualquier otro navegador web, visita las p\u00e1ginas web oficiales de tu navegador web. <strong>D\u00f3nde puedes encontrar m\u00e1s informaci\u00f3n sobre las cookies<\/strong><br \/>\nPuedes obtener m\u00e1s informaci\u00f3n sobre las cookies y los siguientes sitios web de terceros: AllAboutCookies: <a href=\"http:\/\/www.allaboutcookies.org\/\">http:\/\/www.allaboutcookies.org\/<\/a> Network Advertising Initiative: <a href=\"http:\/\/www.networkadvertising.org\/\">http:\/\/www.networkadvertising.org\/<\/a><\/p>\n","protected":false},"excerpt":{"rendered":"<p>Pol\u00edtica de cookies Tabata USA, Inc. (\u00abnosotros\u00bb o \u00abnuestro\u00bb) utiliza cookies en el sitio web https:\/\/tusa.com (el \u00abServicio\u00bb). Al utilizar el Servicio, aceptas el uso de cookies. Nuestra Pol\u00edtica de cookies explica qu\u00e9 son las cookies, c\u00f3mo las utilizamos, c\u00f3mo terceros con los que nos asociamos pueden utilizar cookies en el Servicio, tus opciones en&hellip;<\/p>\n","protected":false},"author":1,"featured_media":17783,"parent":0,"menu_order":0,"comment_status":"closed","ping_status":"closed","template":"","meta":{"_acf_changed":false,"footnotes":""},"class_list":["post-17779","page","type-page","status-publish","has-post-thumbnail","hentry"],"acf":[],"_links":{"self":[{"href":"https:\/\/tusa.viewsite.link\/es\/wp-json\/wp\/v2\/pages\/17779","targetHints":{"allow":["GET"]}}],"collection":[{"href":"https:\/\/tusa.viewsite.link\/es\/wp-json\/wp\/v2\/pages"}],"about":[{"href":"https:\/\/tusa.viewsite.link\/es\/wp-json\/wp\/v2\/types\/page"}],"author":[{"embeddable":true,"href":"https:\/\/tusa.viewsite.link\/es\/wp-json\/wp\/v2\/users\/1"}],"replies":[{"embeddable":true,"href":"https:\/\/tusa.viewsite.link\/es\/wp-json\/wp\/v2\/comments?post=17779"}],"version-history":[{"count":0,"href":"https:\/\/tusa.viewsite.link\/es\/wp-json\/wp\/v2\/pages\/17779\/revisions"}],"wp:featuredmedia":[{"embeddable":true,"href":"https:\/\/tusa.viewsite.link\/es\/wp-json\/wp\/v2\/media\/17783"}],"wp:attachment":[{"href":"https:\/\/tusa.viewsite.link\/es\/wp-json\/wp\/v2\/media?parent=17779"}],"curies":[{"name":"wp","href":"https:\/\/api.w.org\/{rel}","templated":true}]}}