{"id":17775,"date":"2024-07-14T21:21:10","date_gmt":"2024-07-14T21:21:10","guid":{"rendered":"https:\/\/tusa.viewsite.link\/acerca-de-tusa\/"},"modified":"2025-02-18T18:44:25","modified_gmt":"2025-02-18T18:44:25","slug":"acerca-de-tusa","status":"publish","type":"page","link":"https:\/\/tusa.viewsite.link\/es\/acerca-de-tusa\/","title":{"rendered":"Acerca de TUSA"},"content":{"rendered":"<h2>Perfil de la empresa<\/h2>\n<p>Tabata Co., Ltd. es un fabricante internacional de art\u00edculos deportivos con sede en Tokio, Jap\u00f3n. Con instalaciones de dise\u00f1o, ingenier\u00eda, pruebas y fabricaci\u00f3n con certificaci\u00f3n ISO 9001 en Jap\u00f3n y Taiw\u00e1n, Tabata opera bajo las normas de calidad m\u00e1s estrictas que existen. La red mundial de Tabata incluye instalaciones en Jap\u00f3n, Taiw\u00e1n, Australia, Pa\u00edses Bajos y Estados Unidos. TUSA es uno de los primeros fabricantes de equipos de submarinismo del mundo, fundado por Kazuo Tabata en Tokio (Jap\u00f3n) en 1952. Desde la primera m\u00e1scara y gafas hechas a mano en el garaje del Sr. Tabata, los productos Tabata siempre se han fabricado con los mejores materiales y con un compromiso inigualable con la calidad y la innovaci\u00f3n.  <\/p>\n<p>&nbsp;<\/p>\n<p>TUSA fue el primer fabricante que introdujo los faldones de silicona cristal (premium) para m\u00e1scaras con el modelo Liberator original e introdujo la primera gama de colores vibrantes en el equipo de buceo.<\/p>\n<p>&nbsp;<\/p>\n<p>La innovaci\u00f3n continua es evidente hoy en d\u00eda en toda la l\u00ednea Tabata, que incluye el equipo de nataci\u00f3n VIEW, el equipo de esn\u00f3rquel deportivo TUSA, el equipo de golf Vitalshot y otros art\u00edculos deportivos recreativos.<\/p>\n<p>&nbsp;<\/p>\n<p>Durante m\u00e1s de 66 a\u00f1os, TUSA ha dado forma al futuro del buceo y nuestro entregado equipo seguir\u00e1 mejorando la experiencia del buceo y los deportes acu\u00e1ticos para las generaciones futuras.<\/p>\n<p>&nbsp;<\/p>\n<p><strong>Dise\u00f1o, fabricaci\u00f3n, control de calidad<\/strong><\/p>\n<p>El equipo de buceo TUSA est\u00e1 dise\u00f1ado y fabricado seg\u00fan las normas ISO 9001.<\/p>\n<p>&nbsp;<\/p>\n<p>En Tabata, nuestro objetivo siempre ha sido proporcionar a nuestros usuarios equipos innovadores de la m\u00e1xima calidad. Para garantizar la calidad, Tabata ha sido certificada por la Organizaci\u00f3n Internacional de Normalizaci\u00f3n seg\u00fan sus normas ISO 9001 para Tabata Jap\u00f3n y Tabata Taiw\u00e1n. La certificaci\u00f3n ISO proporciona una garant\u00eda independiente de nuestro compromiso con el desarrollo y la fabricaci\u00f3n de equipos innovadores seg\u00fan las normas internacionales de calidad m\u00e1s exigentes.  <\/p>\n<p>&nbsp;<\/p>\n<p>Nuestros reguladores son un buen ejemplo de c\u00f3mo desarrollamos y probamos nuestros equipos antes de que los reciba el buceador. Sometemos todos los reguladores a rigurosas pruebas con una m\u00e1quina ANSTI antes de enviarlos. Probamos la resistencia a la inhalaci\u00f3n y la exhalaci\u00f3n, el trabajo respiratorio y los ajustes de presi\u00f3n intermedia de todos los reguladores. Es nuestra forma de garantizar a nuestros clientes que pueden confiar en los reguladores TUSA durante muchos a\u00f1os de uso agradable. Este control de calidad se aplica no s\u00f3lo a los reguladores, sino a todos los productos Tabata.    <\/p>\n","protected":false},"excerpt":{"rendered":"<p>Perfil de la empresa Tabata Co., Ltd. es un fabricante internacional de art\u00edculos deportivos con sede en Tokio, Jap\u00f3n. Con instalaciones de dise\u00f1o, ingenier\u00eda, pruebas y fabricaci\u00f3n con certificaci\u00f3n ISO 9001 en Jap\u00f3n y Taiw\u00e1n, Tabata opera bajo las normas de calidad m\u00e1s estrictas que existen. La red mundial de Tabata incluye instalaciones en Jap\u00f3n,&hellip;<\/p>\n","protected":false},"author":1,"featured_media":17777,"parent":0,"menu_order":0,"comment_status":"closed","ping_status":"closed","template":"","meta":{"_acf_changed":false,"footnotes":""},"class_list":["post-17775","page","type-page","status-publish","has-post-thumbnail","hentry"],"acf":[],"_links":{"self":[{"href":"https:\/\/tusa.viewsite.link\/es\/wp-json\/wp\/v2\/pages\/17775","targetHints":{"allow":["GET"]}}],"collection":[{"href":"https:\/\/tusa.viewsite.link\/es\/wp-json\/wp\/v2\/pages"}],"about":[{"href":"https:\/\/tusa.viewsite.link\/es\/wp-json\/wp\/v2\/types\/page"}],"author":[{"embeddable":true,"href":"https:\/\/tusa.viewsite.link\/es\/wp-json\/wp\/v2\/users\/1"}],"replies":[{"embeddable":true,"href":"https:\/\/tusa.viewsite.link\/es\/wp-json\/wp\/v2\/comments?post=17775"}],"version-history":[{"count":1,"href":"https:\/\/tusa.viewsite.link\/es\/wp-json\/wp\/v2\/pages\/17775\/revisions"}],"predecessor-version":[{"id":31512,"href":"https:\/\/tusa.viewsite.link\/es\/wp-json\/wp\/v2\/pages\/17775\/revisions\/31512"}],"wp:featuredmedia":[{"embeddable":true,"href":"https:\/\/tusa.viewsite.link\/es\/wp-json\/wp\/v2\/media\/17777"}],"wp:attachment":[{"href":"https:\/\/tusa.viewsite.link\/es\/wp-json\/wp\/v2\/media?parent=17775"}],"curies":[{"name":"wp","href":"https:\/\/api.w.org\/{rel}","templated":true}]}}