{"id":24642,"date":"2024-09-09T23:09:11","date_gmt":"2024-09-09T23:09:11","guid":{"rendered":"https:\/\/tusa.viewsite.link\/product\/neoprenanzug-shorty-fuer-maenner-2mm\/"},"modified":"2024-09-09T23:09:11","modified_gmt":"2024-09-09T23:09:11","slug":"neoprenanzug-shorty-fuer-maenner-2mm","status":"publish","type":"product","link":"https:\/\/tusa.viewsite.link\/de\/produkt\/neoprenanzug-shorty-fuer-maenner-2mm\/","title":{"rendered":"Neoprenanzug Shorty f\u00fcr M\u00e4nner 2mm"},"content":{"rendered":"<p>Der Neoprenanzug Shorty f\u00fcr Herren ist Teil unserer Aquatic High Performance Apparel Linie. Die Stoffzusammensetzung umfasst 100% Polyester f\u00fcr das schwarze Futter und 100% Nylon f\u00fcr das gemusterte Stofffutter. <\/p>\n<p>&nbsp;<\/p>\n<p><strong>Abmessungen:<\/strong><\/p>\n<p>24 x 20 x 2,5 Zoll<\/p>\n","protected":false},"excerpt":{"rendered":"<p>Der Wetsuit Shorty f\u00fcr Herren ist Teil unserer Aquatic High Performance Apparel Linie. Die Stoffzusammensetzung umfasst 100% Polyester f\u00fcr das schwarze Futter und 100% Nylon f\u00fcr das gemusterte Stofffutter. <\/p>\n","protected":false},"featured_media":24643,"comment_status":"closed","ping_status":"closed","template":"","meta":{"_acf_changed":false},"product_cat":[534],"product_tag":[],"class_list":{"0":"post-24642","1":"product","2":"type-product","3":"status-publish","4":"has-post-thumbnail","6":"product_cat-zubehor-de","8":"first","9":"instock","10":"purchasable","11":"product-type-variable"},"acf":[],"_links":{"self":[{"href":"https:\/\/tusa.viewsite.link\/de\/wp-json\/wp\/v2\/product\/24642","targetHints":{"allow":["GET"]}}],"collection":[{"href":"https:\/\/tusa.viewsite.link\/de\/wp-json\/wp\/v2\/product"}],"about":[{"href":"https:\/\/tusa.viewsite.link\/de\/wp-json\/wp\/v2\/types\/product"}],"replies":[{"embeddable":true,"href":"https:\/\/tusa.viewsite.link\/de\/wp-json\/wp\/v2\/comments?post=24642"}],"wp:featuredmedia":[{"embeddable":true,"href":"https:\/\/tusa.viewsite.link\/de\/wp-json\/wp\/v2\/media\/24643"}],"wp:attachment":[{"href":"https:\/\/tusa.viewsite.link\/de\/wp-json\/wp\/v2\/media?parent=24642"}],"wp:term":[{"taxonomy":"product_cat","embeddable":true,"href":"https:\/\/tusa.viewsite.link\/de\/wp-json\/wp\/v2\/product_cat?post=24642"},{"taxonomy":"product_tag","embeddable":true,"href":"https:\/\/tusa.viewsite.link\/de\/wp-json\/wp\/v2\/product_tag?post=24642"}],"curies":[{"name":"wp","href":"https:\/\/api.w.org\/{rel}","templated":true}]}}