{"id":24623,"date":"2024-09-09T23:09:23","date_gmt":"2024-09-09T23:09:23","guid":{"rendered":"https:\/\/tusa.viewsite.link\/product\/visio-tri-ex-erwachsene-combo\/"},"modified":"2024-09-09T23:09:23","modified_gmt":"2024-09-09T23:09:23","slug":"visio-tri-ex-erwachsene-combo","status":"publish","type":"product","link":"https:\/\/tusa.viewsite.link\/de\/produkt\/visio-tri-ex-erwachsene-combo\/","title":{"rendered":"Visio Tri-Ex Erwachsene Combo"},"content":{"rendered":"<p>Die VISIO TRI-EX Combo f\u00fcr Erwachsene umfasst die UM-31 Visio Tri-Ex Maske und den USP-250 Schnorchel. Die UM-31 Visio Tri-Ex Maske ist ein revolution\u00e4res 3-Fenster-Design, das einen ultraweiten 168\u00b0-Panoramablick bietet. Dieser erstaunlich weite Blickwinkel wird durch den Einbau von gew\u00f6lbten Seitenfenstern und die deutliche Reduzierung der Rahmenstruktur um die Gl\u00e4ser herum erreicht, wodurch sich das Sichtfeld im Vergleich zu herk\u00f6mmlichen Masken drastisch vergr\u00f6\u00dfert. Die UM-31 Maske schmiegt sich sanft an die Konturen Ihres Gesichts an. Diese aus reinem Silikon gefertigte Maske wurde f\u00fcr Taucher entwickelt, die eine breite Frontscheibe in Kombination mit einem geringen Volumen w\u00fcnschen. Der USP-250 Trockenschnorchel verf\u00fcgt \u00fcber die TUSA Hyperdry Elite Dry Top Technologie (pat p), die das Eindringen von Wasser in den Schnorchel verhindert, eine Ablasskammer und ein Ablassventil zum einfachen Reinigen sowie ein Silikonmundst\u00fcck. Der UC-3125QB passt gut zu unseren UF-21 Flossen.      <\/p>\n<p>&nbsp;<\/p>\n<p><strong>Abmessungen:<\/strong><\/p>\n<p>18 x 14 x 8 Zoll<\/p>\n","protected":false},"excerpt":{"rendered":"<p>Die VISIO TRI-EX Combo f\u00fcr Erwachsene umfasst die UM-31 Visio Tri-Ex Maske und den USP-250 Schnorchel.<\/p>\n","protected":false},"featured_media":24625,"comment_status":"closed","ping_status":"closed","template":"","meta":{"_acf_changed":false},"product_cat":[537],"product_tag":[],"class_list":{"0":"post-24623","1":"product","2":"type-product","3":"status-publish","4":"has-post-thumbnail","6":"product_cat-erwachsene-combos","8":"first","9":"instock","10":"purchasable","11":"product-type-variable"},"acf":[],"_links":{"self":[{"href":"https:\/\/tusa.viewsite.link\/de\/wp-json\/wp\/v2\/product\/24623","targetHints":{"allow":["GET"]}}],"collection":[{"href":"https:\/\/tusa.viewsite.link\/de\/wp-json\/wp\/v2\/product"}],"about":[{"href":"https:\/\/tusa.viewsite.link\/de\/wp-json\/wp\/v2\/types\/product"}],"replies":[{"embeddable":true,"href":"https:\/\/tusa.viewsite.link\/de\/wp-json\/wp\/v2\/comments?post=24623"}],"wp:featuredmedia":[{"embeddable":true,"href":"https:\/\/tusa.viewsite.link\/de\/wp-json\/wp\/v2\/media\/24625"}],"wp:attachment":[{"href":"https:\/\/tusa.viewsite.link\/de\/wp-json\/wp\/v2\/media?parent=24623"}],"wp:term":[{"taxonomy":"product_cat","embeddable":true,"href":"https:\/\/tusa.viewsite.link\/de\/wp-json\/wp\/v2\/product_cat?post=24623"},{"taxonomy":"product_tag","embeddable":true,"href":"https:\/\/tusa.viewsite.link\/de\/wp-json\/wp\/v2\/product_tag?post=24623"}],"curies":[{"name":"wp","href":"https:\/\/api.w.org\/{rel}","templated":true}]}}