{"id":24613,"date":"2024-09-09T23:08:41","date_gmt":"2024-09-09T23:08:41","guid":{"rendered":"https:\/\/tusa.viewsite.link\/product\/imprex-duo-fin\/"},"modified":"2024-09-09T23:08:41","modified_gmt":"2024-09-09T23:08:41","slug":"imprex-duo-fin","status":"publish","type":"product","link":"https:\/\/tusa.viewsite.link\/de\/produkt\/imprex-duo-fin\/","title":{"rendered":"Imprex Duo Fin"},"content":{"rendered":"<p>Die SF0102 Imprex Duo Flosse verf\u00fcgt \u00fcber das patentierte Angled Blade Design von TUSA und eine Multi-Compound-Fu\u00dftasche, die die Kraft\u00fcbertragung auf das Flossenblatt erh\u00f6ht. Die Imprex Duo verf\u00fcgt au\u00dferdem \u00fcber ein Zwei-Material-Design f\u00fcr hohe Leistung und verst\u00e4rkte Seitenschienen, die f\u00fcr Stabilit\u00e4t sorgen, f\u00fcr kraftvollen Vortrieb ohne Erm\u00fcdung. <\/p>\n<p>&nbsp;<\/p>\n<p><strong>Abmessungen:<\/strong><\/p>\n","protected":false},"excerpt":{"rendered":"<p>Die SF0102 Imprex Duo Flosse verf\u00fcgt \u00fcber das patentierte Angled Blade Design von TUSA und die Multi-Compound Fu\u00dftasche, die die Kraft\u00fcbertragung auf das Flossenblatt erh\u00f6ht.<\/p>\n","protected":false},"featured_media":24617,"comment_status":"closed","ping_status":"closed","template":"","meta":{"_acf_changed":false},"product_cat":[525],"product_tag":[],"class_list":{"0":"post-24613","1":"product","2":"type-product","3":"status-publish","4":"has-post-thumbnail","6":"product_cat-flossen","8":"first","9":"instock","10":"purchasable","11":"product-type-variable"},"acf":[],"_links":{"self":[{"href":"https:\/\/tusa.viewsite.link\/de\/wp-json\/wp\/v2\/product\/24613","targetHints":{"allow":["GET"]}}],"collection":[{"href":"https:\/\/tusa.viewsite.link\/de\/wp-json\/wp\/v2\/product"}],"about":[{"href":"https:\/\/tusa.viewsite.link\/de\/wp-json\/wp\/v2\/types\/product"}],"replies":[{"embeddable":true,"href":"https:\/\/tusa.viewsite.link\/de\/wp-json\/wp\/v2\/comments?post=24613"}],"wp:featuredmedia":[{"embeddable":true,"href":"https:\/\/tusa.viewsite.link\/de\/wp-json\/wp\/v2\/media\/24617"}],"wp:attachment":[{"href":"https:\/\/tusa.viewsite.link\/de\/wp-json\/wp\/v2\/media?parent=24613"}],"wp:term":[{"taxonomy":"product_cat","embeddable":true,"href":"https:\/\/tusa.viewsite.link\/de\/wp-json\/wp\/v2\/product_cat?post=24613"},{"taxonomy":"product_tag","embeddable":true,"href":"https:\/\/tusa.viewsite.link\/de\/wp-json\/wp\/v2\/product_tag?post=24613"}],"curies":[{"name":"wp","href":"https:\/\/api.w.org\/{rel}","templated":true}]}}