{"id":24597,"date":"2024-09-09T23:08:41","date_gmt":"2024-09-09T23:08:41","guid":{"rendered":"https:\/\/tusa.viewsite.link\/product\/befreierflosse\/"},"modified":"2024-09-09T23:08:41","modified_gmt":"2024-09-09T23:08:41","slug":"befreierflosse","status":"publish","type":"product","link":"https:\/\/tusa.viewsite.link\/de\/produkt\/befreierflosse\/","title":{"rendered":"Befreierflosse"},"content":{"rendered":"<p>Die neue und aktualisierte Liberator-Flosse. Das Blatt verf\u00fcgt \u00fcber ein flexibles Material in der N\u00e4he der Seitenrippen, so dass es sich von der Basis aus biegen und mit einem sanften Kick Vortrieb erzeugen kann.  Winglets an der Blattspitze verhindern Turbulenzen, wodurch ein Wasserstr\u00f6mungseffekt entsteht, der in Vortrieb umgewandelt wird.<\/p>\n<p>&nbsp;<\/p>\n<p><strong>Abmessungen:<\/strong><\/p>\n","protected":false},"excerpt":{"rendered":"<p>Die neue und aktualisierte Liberator-Flosse. Das Blatt verf\u00fcgt \u00fcber ein flexibles Material in der N\u00e4he der Seitenrippen, so dass es sich von der Basis aus biegen und mit einem sanften Kick Vortrieb erzeugen kann. <\/p>\n","protected":false},"featured_media":24598,"comment_status":"closed","ping_status":"closed","template":"","meta":{"_acf_changed":false},"product_cat":[525],"product_tag":[],"class_list":{"0":"post-24597","1":"product","2":"type-product","3":"status-publish","4":"has-post-thumbnail","6":"product_cat-flossen","8":"first","9":"instock","10":"purchasable","11":"product-type-variable"},"acf":[],"_links":{"self":[{"href":"https:\/\/tusa.viewsite.link\/de\/wp-json\/wp\/v2\/product\/24597","targetHints":{"allow":["GET"]}}],"collection":[{"href":"https:\/\/tusa.viewsite.link\/de\/wp-json\/wp\/v2\/product"}],"about":[{"href":"https:\/\/tusa.viewsite.link\/de\/wp-json\/wp\/v2\/types\/product"}],"replies":[{"embeddable":true,"href":"https:\/\/tusa.viewsite.link\/de\/wp-json\/wp\/v2\/comments?post=24597"}],"wp:featuredmedia":[{"embeddable":true,"href":"https:\/\/tusa.viewsite.link\/de\/wp-json\/wp\/v2\/media\/24598"}],"wp:attachment":[{"href":"https:\/\/tusa.viewsite.link\/de\/wp-json\/wp\/v2\/media?parent=24597"}],"wp:term":[{"taxonomy":"product_cat","embeddable":true,"href":"https:\/\/tusa.viewsite.link\/de\/wp-json\/wp\/v2\/product_cat?post=24597"},{"taxonomy":"product_tag","embeddable":true,"href":"https:\/\/tusa.viewsite.link\/de\/wp-json\/wp\/v2\/product_tag?post=24597"}],"curies":[{"name":"wp","href":"https:\/\/api.w.org\/{rel}","templated":true}]}}