{"id":24563,"date":"2024-09-09T23:08:41","date_gmt":"2024-09-09T23:08:41","guid":{"rendered":"https:\/\/tusa.viewsite.link\/product\/imprex-druckmessgeraet\/"},"modified":"2024-09-09T23:08:41","modified_gmt":"2024-09-09T23:08:41","slug":"imprex-druckmessgeraet","status":"publish","type":"product","link":"https:\/\/tusa.viewsite.link\/de\/produkt\/imprex-druckmessgeraet\/","title":{"rendered":"Imprex Druckmessger\u00e4t"},"content":{"rendered":"<p>Das SCA-150 ist ein robustes Druckmessger\u00e4t, das sich ideal f\u00fcr Taucher eignet, die einen Tauchcomputer mit Handgelenk tragen, wie den IQ-650, IQ-750 und IQ-900. Die Konsole bietet kontinuierlichen Luftdruck und Temperatur in einer flachen, gummierten H\u00fclle. Das Manometer verf\u00fcgt \u00fcber ein leuchtendes Speicherzifferblatt, das auch bei Dunkelheit oder schlechten Sichtverh\u00e4ltnissen gut lesbar ist. Das gesamte Zifferblatt leuchtet hell genug, um es ideal f\u00fcr Nachttauchg\u00e4nge oder das Tauchen in dunklen Gebieten zu machen, enth\u00e4lt aber keine radioaktiven Materialien.   <\/p>\n<p>&nbsp;<\/p>\n<p><strong>Abmessungen:<\/strong><\/p>\n<p>Abmessungen: 4.4 in x 2.6 in<br \/>\n 113 mm x 65 mm<\/p>\n","protected":false},"excerpt":{"rendered":"<p>Der SCA-150 ist ein robuster Druckmesser, der sich ideal f\u00fcr Taucher eignet, die einen Tauchcomputer mit Handgelenk verwenden, wie den IQ-650, IQ-750 und IQ-900.<\/p>\n","protected":false},"featured_media":24565,"comment_status":"closed","ping_status":"closed","template":"","meta":{"_acf_changed":false},"product_cat":[528],"product_tag":[],"class_list":{"0":"post-24563","1":"product","2":"type-product","3":"status-publish","4":"has-post-thumbnail","6":"product_cat-instrumente","8":"first","9":"instock","10":"purchasable","11":"product-type-variable"},"acf":[],"_links":{"self":[{"href":"https:\/\/tusa.viewsite.link\/de\/wp-json\/wp\/v2\/product\/24563","targetHints":{"allow":["GET"]}}],"collection":[{"href":"https:\/\/tusa.viewsite.link\/de\/wp-json\/wp\/v2\/product"}],"about":[{"href":"https:\/\/tusa.viewsite.link\/de\/wp-json\/wp\/v2\/types\/product"}],"replies":[{"embeddable":true,"href":"https:\/\/tusa.viewsite.link\/de\/wp-json\/wp\/v2\/comments?post=24563"}],"wp:featuredmedia":[{"embeddable":true,"href":"https:\/\/tusa.viewsite.link\/de\/wp-json\/wp\/v2\/media\/24565"}],"wp:attachment":[{"href":"https:\/\/tusa.viewsite.link\/de\/wp-json\/wp\/v2\/media?parent=24563"}],"wp:term":[{"taxonomy":"product_cat","embeddable":true,"href":"https:\/\/tusa.viewsite.link\/de\/wp-json\/wp\/v2\/product_cat?post=24563"},{"taxonomy":"product_tag","embeddable":true,"href":"https:\/\/tusa.viewsite.link\/de\/wp-json\/wp\/v2\/product_tag?post=24563"}],"curies":[{"name":"wp","href":"https:\/\/api.w.org\/{rel}","templated":true}]}}