{"id":24554,"date":"2024-09-09T23:08:41","date_gmt":"2024-09-09T23:08:41","guid":{"rendered":"https:\/\/tusa.viewsite.link\/product\/sca-230t\/"},"modified":"2024-09-09T23:08:41","modified_gmt":"2024-09-09T23:08:41","slug":"sca-230t","status":"publish","type":"product","link":"https:\/\/tusa.viewsite.link\/de\/produkt\/sca-230t\/","title":{"rendered":"SCA-230T"},"content":{"rendered":"<p>Der SCA 230T ist eine kompakte und leichte 2-Meter-Konsole und bietet alle Tauchinformationen, die Sie ben\u00f6tigen, im Miniformat. Dieses Modell verf\u00fcgt \u00fcber einen analogen 400-Bar-Druckmesser und einen 70-Meter-Tiefenmesser und wurde nach den strengen Qualit\u00e4ts- und Leistungsstandards von TUSA entwickelt und hergestellt. Der SCA 230T ist eine ideale Erg\u00e4nzung f\u00fcr Taucher, die einen Tauchcomputer am Handgelenk verwenden. IQ 700 und IQ 800 verwenden Merkmale Minigr\u00f6\u00dfe, leichtes und zuverl\u00e4ssiges Design Die Konsole mit 2 Messger\u00e4ten enth\u00e4lt einen Tiefenmesser und einen Hochdruckmesser Das leuchtende Ziffernblatt ist auch im Dunkeln oder bei schlechten Sichtverh\u00e4ltnissen gut ablesbar Das farbige Ziffernblatt erm\u00f6glicht ein einfaches Ablesen des 400 bar Druckmessers und des 70 m Tiefenmessers Das handliche Geh\u00e4use ist f\u00fcr einen geringen Luftwiderstand ausgelegt Farben Schwarz<\/p>\n<p>&nbsp;<\/p>\n<p><strong>Abmessungen:<\/strong><\/p>\n<p>Abmessungen: 7.1 in x 2.2 in<br \/>\n 180 mm x 55 mm<\/p>\n","protected":false},"excerpt":{"rendered":"<p>Die kompakte und leichte 2-Gauge-Konsole SCA-230T bietet alle Tauchinformationen, die Sie ben\u00f6tigen, in einem Mini-Format.<\/p>\n","protected":false},"featured_media":24555,"comment_status":"closed","ping_status":"closed","template":"","meta":{"_acf_changed":false},"product_cat":[528],"product_tag":[],"class_list":{"0":"post-24554","1":"product","2":"type-product","3":"status-publish","4":"has-post-thumbnail","6":"product_cat-instrumente","8":"first","9":"instock","10":"purchasable","11":"product-type-variable"},"acf":[],"_links":{"self":[{"href":"https:\/\/tusa.viewsite.link\/de\/wp-json\/wp\/v2\/product\/24554","targetHints":{"allow":["GET"]}}],"collection":[{"href":"https:\/\/tusa.viewsite.link\/de\/wp-json\/wp\/v2\/product"}],"about":[{"href":"https:\/\/tusa.viewsite.link\/de\/wp-json\/wp\/v2\/types\/product"}],"replies":[{"embeddable":true,"href":"https:\/\/tusa.viewsite.link\/de\/wp-json\/wp\/v2\/comments?post=24554"}],"wp:featuredmedia":[{"embeddable":true,"href":"https:\/\/tusa.viewsite.link\/de\/wp-json\/wp\/v2\/media\/24555"}],"wp:attachment":[{"href":"https:\/\/tusa.viewsite.link\/de\/wp-json\/wp\/v2\/media?parent=24554"}],"wp:term":[{"taxonomy":"product_cat","embeddable":true,"href":"https:\/\/tusa.viewsite.link\/de\/wp-json\/wp\/v2\/product_cat?post=24554"},{"taxonomy":"product_tag","embeddable":true,"href":"https:\/\/tusa.viewsite.link\/de\/wp-json\/wp\/v2\/product_tag?post=24554"}],"curies":[{"name":"wp","href":"https:\/\/api.w.org\/{rel}","templated":true}]}}