{"id":24553,"date":"2024-09-09T23:08:22","date_gmt":"2024-09-09T23:08:22","guid":{"rendered":"https:\/\/tusa.viewsite.link\/product\/rs1001-regulator\/"},"modified":"2024-09-09T23:08:22","modified_gmt":"2024-09-09T23:08:22","slug":"rs1001-regulator","status":"publish","type":"product","link":"https:\/\/tusa.viewsite.link\/de\/produkt\/rs1001-regulator\/","title":{"rendered":"RS1001 Regulator"},"content":{"rendered":"<p>Der RS-1001 Druckregler der ersten Stufe zeichnet sich durch ein ausgewogenes Membransystem aus, das mit einer verbesserten HP-Kegelbaugruppe f\u00fcr erh\u00f6hte Zuverl\u00e4ssigkeit ausgestattet ist. Die ausgeglichene Membran sorgt f\u00fcr minimale Schwankungen des Zwischendrucks bei \u00c4nderungen des Tankdrucks. Dieser Regler der ersten Stufe ist gegen Umwelteinfl\u00fcsse abgedichtet und sch\u00fctzt die empfindlichen internen Komponenten vor Verunreinigungen wie Salz, Sand, Chlor oder Pools\u00e4uren, die Korrosion verursachen und die Leistung beeintr\u00e4chtigen k\u00f6nnen.  <\/p>\n<p>&nbsp;<\/p>\n<p><strong>Abmessungen:<\/strong><\/p>\n","protected":false},"excerpt":{"rendered":"<p>Die erste Stufe des R1000 mit Ausgleichsmembran ist kompakt und leicht. Sie verf\u00fcgt \u00fcber vier Niederdruck- und zwei Hochdruckanschl\u00fcsse und ist f\u00fcr eine optimale Leistung feinabgestimmt. <\/p>\n","protected":false},"featured_media":24557,"comment_status":"closed","ping_status":"closed","template":"","meta":{"_acf_changed":false},"product_cat":[530],"product_tag":[],"class_list":{"0":"post-24553","1":"product","2":"type-product","3":"status-publish","4":"has-post-thumbnail","6":"product_cat-regulierungsbehorden","8":"first","9":"instock","10":"purchasable","11":"product-type-variable"},"acf":[],"_links":{"self":[{"href":"https:\/\/tusa.viewsite.link\/de\/wp-json\/wp\/v2\/product\/24553","targetHints":{"allow":["GET"]}}],"collection":[{"href":"https:\/\/tusa.viewsite.link\/de\/wp-json\/wp\/v2\/product"}],"about":[{"href":"https:\/\/tusa.viewsite.link\/de\/wp-json\/wp\/v2\/types\/product"}],"replies":[{"embeddable":true,"href":"https:\/\/tusa.viewsite.link\/de\/wp-json\/wp\/v2\/comments?post=24553"}],"wp:featuredmedia":[{"embeddable":true,"href":"https:\/\/tusa.viewsite.link\/de\/wp-json\/wp\/v2\/media\/24557"}],"wp:attachment":[{"href":"https:\/\/tusa.viewsite.link\/de\/wp-json\/wp\/v2\/media?parent=24553"}],"wp:term":[{"taxonomy":"product_cat","embeddable":true,"href":"https:\/\/tusa.viewsite.link\/de\/wp-json\/wp\/v2\/product_cat?post=24553"},{"taxonomy":"product_tag","embeddable":true,"href":"https:\/\/tusa.viewsite.link\/de\/wp-json\/wp\/v2\/product_tag?post=24553"}],"curies":[{"name":"wp","href":"https:\/\/api.w.org\/{rel}","templated":true}]}}