{"id":24529,"date":"2024-09-09T23:08:41","date_gmt":"2024-09-09T23:08:41","guid":{"rendered":"https:\/\/tusa.viewsite.link\/product\/mini-3-spur-konsole\/"},"modified":"2024-09-09T23:08:41","modified_gmt":"2024-09-09T23:08:41","slug":"mini-3-spur-konsole","status":"publish","type":"product","link":"https:\/\/tusa.viewsite.link\/de\/produkt\/mini-3-spur-konsole\/","title":{"rendered":"Mini 3-Spur-Konsole"},"content":{"rendered":"<p>Die kompakte und leichte 3-Gauge-Konsole SCA-330T bietet alle Tauchinformationen, die Sie brauchen, in einem Mini-Format. Dieses Modell verf\u00fcgt \u00fcber einen Kompass f\u00fcr die Draufsicht und die Seitenansicht auf der R\u00fcckseite und wird nach den strengen Qualit\u00e4ts- und Leistungsstandards von TUSA entwickelt und hergestellt. Der SCA-330T ist eine ideale Erg\u00e4nzung f\u00fcr Taucher, die einen Tauchcomputer am Handgelenk tragen, wie den IQ-650, IQ-750 und IQ-900.  <\/p>\n<p>&nbsp;<\/p>\n<p><strong>Abmessungen:<\/strong><\/p>\n<p>Abmessungen: 7.1 in x 2.2 in<br \/>\n 180 mm x 55 mm<\/p>\n","protected":false},"excerpt":{"rendered":"<p>Die kompakte und leichte 3-Gauge-Konsole SCA-330T bietet alle Tauchinformationen, die Sie ben\u00f6tigen, in einem Mini-Format.<\/p>\n","protected":false},"featured_media":24534,"comment_status":"closed","ping_status":"closed","template":"","meta":{"_acf_changed":false},"product_cat":[528],"product_tag":[],"class_list":{"0":"post-24529","1":"product","2":"type-product","3":"status-publish","4":"has-post-thumbnail","6":"product_cat-instrumente","8":"first","9":"instock","10":"purchasable","11":"product-type-variable"},"acf":[],"_links":{"self":[{"href":"https:\/\/tusa.viewsite.link\/de\/wp-json\/wp\/v2\/product\/24529","targetHints":{"allow":["GET"]}}],"collection":[{"href":"https:\/\/tusa.viewsite.link\/de\/wp-json\/wp\/v2\/product"}],"about":[{"href":"https:\/\/tusa.viewsite.link\/de\/wp-json\/wp\/v2\/types\/product"}],"replies":[{"embeddable":true,"href":"https:\/\/tusa.viewsite.link\/de\/wp-json\/wp\/v2\/comments?post=24529"}],"wp:featuredmedia":[{"embeddable":true,"href":"https:\/\/tusa.viewsite.link\/de\/wp-json\/wp\/v2\/media\/24534"}],"wp:attachment":[{"href":"https:\/\/tusa.viewsite.link\/de\/wp-json\/wp\/v2\/media?parent=24529"}],"wp:term":[{"taxonomy":"product_cat","embeddable":true,"href":"https:\/\/tusa.viewsite.link\/de\/wp-json\/wp\/v2\/product_cat?post=24529"},{"taxonomy":"product_tag","embeddable":true,"href":"https:\/\/tusa.viewsite.link\/de\/wp-json\/wp\/v2\/product_tag?post=24529"}],"curies":[{"name":"wp","href":"https:\/\/api.w.org\/{rel}","templated":true}]}}