{"id":24511,"date":"2024-09-09T23:08:41","date_gmt":"2024-09-09T23:08:41","guid":{"rendered":"https:\/\/tusa.viewsite.link\/product\/analoge-3-spur-konsole\/"},"modified":"2025-05-06T17:16:07","modified_gmt":"2025-05-06T17:16:07","slug":"analoge-3-spur-konsole","status":"publish","type":"product","link":"https:\/\/tusa.viewsite.link\/de\/produkt\/analoge-3-spur-konsole\/","title":{"rendered":"Analoge 3-Spur-Konsole"},"content":{"rendered":"<p>Der SCA-360 ist eine neu gestaltete Konsole mit 3 Messger\u00e4ten, die kontinuierliche Tauchdaten in einem leicht ablesbaren Format liefert. Der SCA-360 ist leicht und effizient. Er verf\u00fcgt \u00fcber einen Kompass f\u00fcr die Draufsicht und die Seitenansicht auf der R\u00fcckseite der Konsole und wird nach den strengen Qualit\u00e4ts- und Leistungsstandards von TUSA entwickelt und hergestellt.<\/p>\n<p>Der Druckmesser mit 5000psi\/400bar (max. 4350psi\/300bar) und der Tiefenmesser mit 200ft\/60m sind mit lumineszierenden Leuchtziffernbl\u00e4ttern ausgestattet, die bei Dunkelheit oder schlechten Sichtverh\u00e4ltnissen gut lesbar sind. Das gesamte Zifferblatt leuchtet hell genug, um es ideal f\u00fcr das Nachttauchen oder das Tauchen in dunklen Gebieten zu machen, enth\u00e4lt aber keine radioaktiven Materialien. <\/p>\n<p>&nbsp;<\/p>\n<p><strong>Abmessungen:<\/strong><\/p>\n<p>Abmessungen: 6.9 in x 2.8 in<br \/>\n175 mm x 70 mm<\/p>\n","protected":false},"excerpt":{"rendered":"<p>Der SCA-360 ist eine neu gestaltete Konsole mit 3 Messger\u00e4ten, die kontinuierliche Tauchdaten in einem leicht ablesbaren Format liefert.<\/p>\n","protected":false},"featured_media":24513,"comment_status":"closed","ping_status":"closed","template":"","meta":{"_acf_changed":false},"product_cat":[528],"product_tag":[],"class_list":{"0":"post-24511","1":"product","2":"type-product","3":"status-publish","4":"has-post-thumbnail","6":"product_cat-instrumente","8":"first","9":"instock","10":"purchasable","11":"product-type-variable"},"acf":[],"_links":{"self":[{"href":"https:\/\/tusa.viewsite.link\/de\/wp-json\/wp\/v2\/product\/24511","targetHints":{"allow":["GET"]}}],"collection":[{"href":"https:\/\/tusa.viewsite.link\/de\/wp-json\/wp\/v2\/product"}],"about":[{"href":"https:\/\/tusa.viewsite.link\/de\/wp-json\/wp\/v2\/types\/product"}],"replies":[{"embeddable":true,"href":"https:\/\/tusa.viewsite.link\/de\/wp-json\/wp\/v2\/comments?post=24511"}],"wp:featuredmedia":[{"embeddable":true,"href":"https:\/\/tusa.viewsite.link\/de\/wp-json\/wp\/v2\/media\/24513"}],"wp:attachment":[{"href":"https:\/\/tusa.viewsite.link\/de\/wp-json\/wp\/v2\/media?parent=24511"}],"wp:term":[{"taxonomy":"product_cat","embeddable":true,"href":"https:\/\/tusa.viewsite.link\/de\/wp-json\/wp\/v2\/product_cat?post=24511"},{"taxonomy":"product_tag","embeddable":true,"href":"https:\/\/tusa.viewsite.link\/de\/wp-json\/wp\/v2\/product_tag?post=24511"}],"curies":[{"name":"wp","href":"https:\/\/api.w.org\/{rel}","templated":true}]}}