{"id":24465,"date":"2024-09-09T23:08:22","date_gmt":"2024-09-09T23:08:22","guid":{"rendered":"https:\/\/tusa.viewsite.link\/product\/ino-pro-maske\/"},"modified":"2024-09-09T23:08:22","modified_gmt":"2024-09-09T23:08:22","slug":"ino-pro-maske","status":"publish","type":"product","link":"https:\/\/tusa.viewsite.link\/de\/produkt\/ino-pro-maske\/","title":{"rendered":"Ino Pro Maske"},"content":{"rendered":"<p>Die Ino Pro bietet zus\u00e4tzlich zu allen Merkmalen der Original-Ino-Maske ein luxuri\u00f6ses Gl\u00e4serlebnis mit UV-420-Glasbehandlung, Antireflex-Glas, optischem CrystalView-Glas und Freedom Film, der das Beschlagen der Maske verhindert. Diese Maske ist wahlweise in Schwarz oder Wei\u00df erh\u00e4ltlich. <\/p>\n<p>&nbsp;<\/p>\n<p><strong>Abmessungen:<\/strong><\/p>\n<p>Innenvolumen: 11,9 ci \/ 195cc<br \/>\n Rahmenabmessungen: 3.3 in x 6.0 in \/ 84mm \u00d7 154mm<br \/>\n Einbauma\u00dfe: 4.1 in x 4.7 in \/ 105mm x 120mm<br \/>\n Gewicht: 6.9 oz \/ 197.5g<\/p>\n","protected":false},"excerpt":{"rendered":"<p>Die Ino Pro bietet zus\u00e4tzlich zu allen Funktionen der Original-Ino-Maske ein luxuri\u00f6ses Linsenerlebnis mit UV 420 Linsenbehandlung, Antireflexionslinse, CrystalView Optical Glass und Freedom Film, um das Beschlagen der Maske zu verhindern.<\/p>\n","protected":false},"featured_media":24466,"comment_status":"closed","ping_status":"closed","template":"","meta":{"_acf_changed":false},"product_cat":[524],"product_tag":[],"class_list":{"0":"post-24465","1":"product","2":"type-product","3":"status-publish","4":"has-post-thumbnail","6":"product_cat-masken","8":"first","9":"instock","10":"purchasable","11":"product-type-variable"},"acf":[],"_links":{"self":[{"href":"https:\/\/tusa.viewsite.link\/de\/wp-json\/wp\/v2\/product\/24465","targetHints":{"allow":["GET"]}}],"collection":[{"href":"https:\/\/tusa.viewsite.link\/de\/wp-json\/wp\/v2\/product"}],"about":[{"href":"https:\/\/tusa.viewsite.link\/de\/wp-json\/wp\/v2\/types\/product"}],"replies":[{"embeddable":true,"href":"https:\/\/tusa.viewsite.link\/de\/wp-json\/wp\/v2\/comments?post=24465"}],"wp:featuredmedia":[{"embeddable":true,"href":"https:\/\/tusa.viewsite.link\/de\/wp-json\/wp\/v2\/media\/24466"}],"wp:attachment":[{"href":"https:\/\/tusa.viewsite.link\/de\/wp-json\/wp\/v2\/media?parent=24465"}],"wp:term":[{"taxonomy":"product_cat","embeddable":true,"href":"https:\/\/tusa.viewsite.link\/de\/wp-json\/wp\/v2\/product_cat?post=24465"},{"taxonomy":"product_tag","embeddable":true,"href":"https:\/\/tusa.viewsite.link\/de\/wp-json\/wp\/v2\/product_tag?post=24465"}],"curies":[{"name":"wp","href":"https:\/\/api.w.org\/{rel}","templated":true}]}}