{"id":24423,"date":"2024-09-09T23:10:09","date_gmt":"2024-09-09T23:10:09","guid":{"rendered":"https:\/\/tusa.viewsite.link\/product\/teilesatz-fuer-v-500a\/"},"modified":"2024-09-09T23:10:09","modified_gmt":"2024-09-09T23:10:09","slug":"teilesatz-fuer-v-500a","status":"publish","type":"product","link":"https:\/\/tusa.viewsite.link\/de\/produkt\/teilesatz-fuer-v-500a\/","title":{"rendered":"Teilesatz f\u00fcr V-500A"},"content":{"rendered":"<p>Das VPS-500A ist ein 5-teiliges Ersatzteilset, mit dem Sie Ihre eigene Brille mit verschiedenen Nasenst\u00fccken und Bandverstellern zusammenstellen k\u00f6nnen. Das VPS-500A besteht aus 3 unterschiedlich gro\u00dfen Nasenst\u00fccken, Seitenclips und einem Silikonband. Es ist ein Set f\u00fcr die VC-510A Korrekturlinsen (2 Linsen erforderlich) oder als Ersatzteilset f\u00fcr die V-500 Platina Goggle gedacht. Das Kit l\u00e4sst sich mit austauschbaren Seitenclips, die sich schnell und einfach l\u00f6sen lassen, leicht anpassen.  <\/p>\n<p>&nbsp;<\/p>\n<p><strong>Abmessungen:<\/strong><\/p>\n<p>15 lb<\/p>\n","protected":false},"excerpt":{"rendered":"<p>Das VPS-500A ist ein 5-teiliges Teileset, mit dem Sie Ihre eigene Brille mit verschiedenen Nasenst\u00fccken und Riemenverstellern zusammenstellen k\u00f6nnen.<\/p>\n","protected":false},"featured_media":24424,"comment_status":"closed","ping_status":"closed","template":"","meta":{"_acf_changed":false},"product_cat":[549],"product_tag":[],"class_list":{"0":"post-24423","1":"product","2":"type-product","3":"status-publish","4":"has-post-thumbnail","6":"product_cat-korrekturglaser","8":"first","9":"instock","10":"purchasable","11":"product-type-variable"},"acf":[],"_links":{"self":[{"href":"https:\/\/tusa.viewsite.link\/de\/wp-json\/wp\/v2\/product\/24423","targetHints":{"allow":["GET"]}}],"collection":[{"href":"https:\/\/tusa.viewsite.link\/de\/wp-json\/wp\/v2\/product"}],"about":[{"href":"https:\/\/tusa.viewsite.link\/de\/wp-json\/wp\/v2\/types\/product"}],"replies":[{"embeddable":true,"href":"https:\/\/tusa.viewsite.link\/de\/wp-json\/wp\/v2\/comments?post=24423"}],"wp:featuredmedia":[{"embeddable":true,"href":"https:\/\/tusa.viewsite.link\/de\/wp-json\/wp\/v2\/media\/24424"}],"wp:attachment":[{"href":"https:\/\/tusa.viewsite.link\/de\/wp-json\/wp\/v2\/media?parent=24423"}],"wp:term":[{"taxonomy":"product_cat","embeddable":true,"href":"https:\/\/tusa.viewsite.link\/de\/wp-json\/wp\/v2\/product_cat?post=24423"},{"taxonomy":"product_tag","embeddable":true,"href":"https:\/\/tusa.viewsite.link\/de\/wp-json\/wp\/v2\/product_tag?post=24423"}],"curies":[{"name":"wp","href":"https:\/\/api.w.org\/{rel}","templated":true}]}}