{"id":24422,"date":"2024-09-09T23:10:09","date_gmt":"2024-09-09T23:10:09","guid":{"rendered":"https:\/\/tusa.viewsite.link\/product\/brillenetui\/"},"modified":"2024-09-09T23:10:09","modified_gmt":"2024-09-09T23:10:09","slug":"brillenetui","status":"publish","type":"product","link":"https:\/\/tusa.viewsite.link\/de\/produkt\/brillenetui\/","title":{"rendered":"Brillenetui"},"content":{"rendered":"<p>Das VA1301A Brillenetui passt f\u00fcr eine Vielzahl von Schutzbrillen. Sie ist aus strapazierf\u00e4higen Materialien gefertigt und bietet Schutz vor t\u00e4glicher Abnutzung.  Das VA1301A Goggle Case ist ein leichtes, kompaktes Etui, das Wasser ableitet und Ihre Brille schnell trocknen l\u00e4sst. Mit dem Karabinerhaken k\u00f6nnen Sie es schnell und einfach an der Ausr\u00fcstungstasche befestigen. <\/p>\n<p>&nbsp;<\/p>\n<p><strong>Abmessungen:<\/strong><\/p>\n<p>6.69 x 6.69 x 2.44 in<br \/>\n.06 kg<\/p>\n","protected":false},"excerpt":{"rendered":"<p>Das VA1301A Brillenetui passt f\u00fcr eine Vielzahl von Schutzbrillen. Sie ist aus strapazierf\u00e4higen Materialien gefertigt und bietet Schutz vor t\u00e4glicher Abnutzung. <\/p>\n","protected":false},"featured_media":24428,"comment_status":"closed","ping_status":"closed","template":"","meta":{"_acf_changed":false},"product_cat":[548],"product_tag":[],"class_list":{"0":"post-24422","1":"product","2":"type-product","3":"status-publish","4":"has-post-thumbnail","6":"product_cat-zubehor-de-2","8":"first","9":"instock","10":"purchasable","11":"product-type-variable"},"acf":[],"_links":{"self":[{"href":"https:\/\/tusa.viewsite.link\/de\/wp-json\/wp\/v2\/product\/24422","targetHints":{"allow":["GET"]}}],"collection":[{"href":"https:\/\/tusa.viewsite.link\/de\/wp-json\/wp\/v2\/product"}],"about":[{"href":"https:\/\/tusa.viewsite.link\/de\/wp-json\/wp\/v2\/types\/product"}],"replies":[{"embeddable":true,"href":"https:\/\/tusa.viewsite.link\/de\/wp-json\/wp\/v2\/comments?post=24422"}],"wp:featuredmedia":[{"embeddable":true,"href":"https:\/\/tusa.viewsite.link\/de\/wp-json\/wp\/v2\/media\/24428"}],"wp:attachment":[{"href":"https:\/\/tusa.viewsite.link\/de\/wp-json\/wp\/v2\/media?parent=24422"}],"wp:term":[{"taxonomy":"product_cat","embeddable":true,"href":"https:\/\/tusa.viewsite.link\/de\/wp-json\/wp\/v2\/product_cat?post=24422"},{"taxonomy":"product_tag","embeddable":true,"href":"https:\/\/tusa.viewsite.link\/de\/wp-json\/wp\/v2\/product_tag?post=24422"}],"curies":[{"name":"wp","href":"https:\/\/api.w.org\/{rel}","templated":true}]}}