{"id":24416,"date":"2024-09-09T23:10:09","date_gmt":"2024-09-09T23:10:09","guid":{"rendered":"https:\/\/tusa.viewsite.link\/product\/swipe-junior-schwimmbrille-verspiegelt\/"},"modified":"2024-09-09T23:10:09","modified_gmt":"2024-09-09T23:10:09","slug":"swipe-junior-schwimmbrille-verspiegelt","status":"publish","type":"product","link":"https:\/\/tusa.viewsite.link\/de\/produkt\/swipe-junior-schwimmbrille-verspiegelt\/","title":{"rendered":"SWIPE Junior Schwimmbrille (Verspiegelt)"},"content":{"rendered":"<p>Die Spitze der Junior-Modelle mit verspiegelten und stromlinienf\u00f6rmigen Brillen. Die neue SWIPE Anti-Fog-Technologie sorgt f\u00fcr einen 10-mal l\u00e4ngeren Anti-Beschlag-Effekt.<\/p>\n<p>&nbsp;<\/p>\n<p><strong>Abmessungen:<\/strong><\/p>\n<p>8x3x3 in<br \/>\n 4 oz<\/p>\n","protected":false},"excerpt":{"rendered":"<p>Die Spitze der Junior-Modelle mit verspiegelten und stromlinienf\u00f6rmigen Brillengl\u00e4sern.<\/p>\n","protected":false},"featured_media":24420,"comment_status":"closed","ping_status":"closed","template":"","meta":{"_acf_changed":false},"product_cat":[542,547],"product_tag":[],"class_list":{"0":"post-24416","1":"product","2":"type-product","3":"status-publish","4":"has-post-thumbnail","6":"product_cat-alle-schutzbrillen","7":"product_cat-jugend","9":"first","10":"instock","11":"purchasable","12":"product-type-variable"},"acf":[],"_links":{"self":[{"href":"https:\/\/tusa.viewsite.link\/de\/wp-json\/wp\/v2\/product\/24416","targetHints":{"allow":["GET"]}}],"collection":[{"href":"https:\/\/tusa.viewsite.link\/de\/wp-json\/wp\/v2\/product"}],"about":[{"href":"https:\/\/tusa.viewsite.link\/de\/wp-json\/wp\/v2\/types\/product"}],"replies":[{"embeddable":true,"href":"https:\/\/tusa.viewsite.link\/de\/wp-json\/wp\/v2\/comments?post=24416"}],"wp:featuredmedia":[{"embeddable":true,"href":"https:\/\/tusa.viewsite.link\/de\/wp-json\/wp\/v2\/media\/24420"}],"wp:attachment":[{"href":"https:\/\/tusa.viewsite.link\/de\/wp-json\/wp\/v2\/media?parent=24416"}],"wp:term":[{"taxonomy":"product_cat","embeddable":true,"href":"https:\/\/tusa.viewsite.link\/de\/wp-json\/wp\/v2\/product_cat?post=24416"},{"taxonomy":"product_tag","embeddable":true,"href":"https:\/\/tusa.viewsite.link\/de\/wp-json\/wp\/v2\/product_tag?post=24416"}],"curies":[{"name":"wp","href":"https:\/\/api.w.org\/{rel}","templated":true}]}}