{"id":24415,"date":"2024-09-09T23:10:09","date_gmt":"2024-09-09T23:10:09","guid":{"rendered":"https:\/\/tusa.viewsite.link\/product\/sporthandtuch\/"},"modified":"2024-09-09T23:10:09","modified_gmt":"2024-09-09T23:10:09","slug":"sporthandtuch","status":"publish","type":"product","link":"https:\/\/tusa.viewsite.link\/de\/produkt\/sporthandtuch\/","title":{"rendered":"Sporthandtuch"},"content":{"rendered":"<p>Dieses Sporthandtuch ist eine schnelle und einfache M\u00f6glichkeit, alles trocken zu bekommen, auch sich selbst. Ideal f\u00fcr alle Altersgruppen und f\u00fcr Sportler, die mehrere Sportarten betreiben.  Das Handtuch&nbsp;ist 90cm x 40cm gro\u00df und absorbiert das 1,8-fache seines Eigengewichts durch die einzigartige Kapillarwirkung. Dieses Mikrofaserprodukt enth\u00e4lt keine Chemikalien oder Silikon. Der dreieckige Querschnitt der Faser schlie\u00dft Wasser ein und h\u00e4lt die Feuchtigkeit besser fest als herk\u00f6mmliche Handt\u00fccher, ohne dabei zu \u00fcberladen. Maschinenwaschbar bei hei\u00dfer oder kalter W\u00e4sche und sicher im Trockner zu trocknen. Ideal f\u00fcr Schwimmer und Taucher.    <\/p>\n<p>&nbsp;<\/p>\n<p><strong>Abmessungen:<\/strong><\/p>\n<p>35in x 15in<\/p>\n","protected":false},"excerpt":{"rendered":"<p>Dieses Sporthandtuch ist eine schnelle und einfache M\u00f6glichkeit, alles trocken zu bekommen, auch sich selbst. Ideal f\u00fcr alle Altersgruppen und f\u00fcr Sportler, die mehrere Sportarten betreiben. <\/p>\n","protected":false},"featured_media":24417,"comment_status":"closed","ping_status":"closed","template":"","meta":{"_acf_changed":false},"product_cat":[548],"product_tag":[],"class_list":{"0":"post-24415","1":"product","2":"type-product","3":"status-publish","4":"has-post-thumbnail","6":"product_cat-zubehor-de-2","8":"first","9":"instock","10":"purchasable","11":"product-type-variable"},"acf":[],"_links":{"self":[{"href":"https:\/\/tusa.viewsite.link\/de\/wp-json\/wp\/v2\/product\/24415","targetHints":{"allow":["GET"]}}],"collection":[{"href":"https:\/\/tusa.viewsite.link\/de\/wp-json\/wp\/v2\/product"}],"about":[{"href":"https:\/\/tusa.viewsite.link\/de\/wp-json\/wp\/v2\/types\/product"}],"replies":[{"embeddable":true,"href":"https:\/\/tusa.viewsite.link\/de\/wp-json\/wp\/v2\/comments?post=24415"}],"wp:featuredmedia":[{"embeddable":true,"href":"https:\/\/tusa.viewsite.link\/de\/wp-json\/wp\/v2\/media\/24417"}],"wp:attachment":[{"href":"https:\/\/tusa.viewsite.link\/de\/wp-json\/wp\/v2\/media?parent=24415"}],"wp:term":[{"taxonomy":"product_cat","embeddable":true,"href":"https:\/\/tusa.viewsite.link\/de\/wp-json\/wp\/v2\/product_cat?post=24415"},{"taxonomy":"product_tag","embeddable":true,"href":"https:\/\/tusa.viewsite.link\/de\/wp-json\/wp\/v2\/product_tag?post=24415"}],"curies":[{"name":"wp","href":"https:\/\/api.w.org\/{rel}","templated":true}]}}