{"id":24402,"date":"2024-09-09T23:10:09","date_gmt":"2024-09-09T23:10:09","guid":{"rendered":"https:\/\/tusa.viewsite.link\/product\/swipe-selene\/"},"modified":"2024-09-09T23:10:09","modified_gmt":"2024-09-09T23:10:09","slug":"swipe-selene","status":"publish","type":"product","link":"https:\/\/tusa.viewsite.link\/de\/produkt\/swipe-selene\/","title":{"rendered":"SWIPE Selene"},"content":{"rendered":"<p>Neue Schwimmbrille mit SWIPE ANTI-FOG Technologie. &#8222;SWIPE ANTI-FOG&#8220; kann die Linse mit ein paar Fingerstrichen reinigen und die klare Sicht wird wiederhergestellt. Im Vergleich zu anderen Schwimmbrillen h\u00e4lt die neue SWIPE Goggle Anti-Fog 10 Mal l\u00e4nger. Diese Schutzbrille ist benutzerfreundlich und unglaublich bequem. VIEW hat diese Brille entwickelt, indem ultraweiches Material mit festem Material an verschiedenen Stellen der Brille kombiniert wurde. Das feste Material wird f\u00fcr den Rahmen verwendet, der das Brillenglas umgibt, w\u00e4hrend das ultraweiche Material f\u00fcr den Teil des Gesichtspolsters verwendet wird, der direkt mit der Haut in Kontakt kommt. Das Ergebnis ist ein Gesichtspolster, das sich sanft an die Haut anschmiegt und ein unvergleichliches Tragegef\u00fchl vermittelt.      <\/p>\n<p>&nbsp;<\/p>\n<p><strong>Abmessungen:<\/strong><\/p>\n<p>8x3x3 in<br \/>\n 4 oz<\/p>\n","protected":false},"excerpt":{"rendered":"<p>Diese Schutzbrille ist benutzerfreundlich und unglaublich bequem. VIEW hat diese Brille entwickelt, indem ultraweiches Material mit festem Material an verschiedenen Stellen der Brille kombiniert wurde. <\/p>\n","protected":false},"featured_media":24405,"comment_status":"closed","ping_status":"closed","template":"","meta":{"_acf_changed":false},"product_cat":[542,546],"product_tag":[],"class_list":{"0":"post-24402","1":"product","2":"type-product","3":"status-publish","4":"has-post-thumbnail","6":"product_cat-alle-schutzbrillen","7":"product_cat-swipe-de","9":"first","10":"instock","11":"purchasable","12":"product-type-variable"},"acf":[],"_links":{"self":[{"href":"https:\/\/tusa.viewsite.link\/de\/wp-json\/wp\/v2\/product\/24402","targetHints":{"allow":["GET"]}}],"collection":[{"href":"https:\/\/tusa.viewsite.link\/de\/wp-json\/wp\/v2\/product"}],"about":[{"href":"https:\/\/tusa.viewsite.link\/de\/wp-json\/wp\/v2\/types\/product"}],"replies":[{"embeddable":true,"href":"https:\/\/tusa.viewsite.link\/de\/wp-json\/wp\/v2\/comments?post=24402"}],"wp:featuredmedia":[{"embeddable":true,"href":"https:\/\/tusa.viewsite.link\/de\/wp-json\/wp\/v2\/media\/24405"}],"wp:attachment":[{"href":"https:\/\/tusa.viewsite.link\/de\/wp-json\/wp\/v2\/media?parent=24402"}],"wp:term":[{"taxonomy":"product_cat","embeddable":true,"href":"https:\/\/tusa.viewsite.link\/de\/wp-json\/wp\/v2\/product_cat?post=24402"},{"taxonomy":"product_tag","embeddable":true,"href":"https:\/\/tusa.viewsite.link\/de\/wp-json\/wp\/v2\/product_tag?post=24402"}],"curies":[{"name":"wp","href":"https:\/\/api.w.org\/{rel}","templated":true}]}}